{"id":13,"date":"2020-10-27T10:39:55","date_gmt":"2020-10-27T10:39:55","guid":{"rendered":"https:\/\/www.bau-styl.hu\/berles\/?page_id=13"},"modified":"2026-03-13T10:34:48","modified_gmt":"2026-03-13T10:34:48","slug":"kapcsolat","status":"publish","type":"page","link":"https:\/\/www.bau-styl.hu\/berles\/kapcsolat\/","title":{"rendered":"Kapcsolat"},"content":{"rendered":"\n<style type=\"text\/css\" data-created_by=\"avia_inline_auto\" id=\"style-css-av-48f4h-2063ab968a82e8005961045671106182\">\n.avia-section.av-48f4h-2063ab968a82e8005961045671106182{\nbackground-repeat:no-repeat;\nbackground-image:url(https:\/\/www.bau-styl.hu\/berles\/wp-content\/uploads\/2021\/09\/kisgep-scaled.jpg);\nbackground-position:50% 50%;\nbackground-attachment:scroll;\n}\n.avia-section.av-48f4h-2063ab968a82e8005961045671106182 .av-section-color-overlay{\nopacity:0.5;\nbackground-color:#000000;\n}\n<\/style>\n<div id='av_section_1'  class='avia-section av-48f4h-2063ab968a82e8005961045671106182 main_color avia-section-large avia-no-border-styling  avia-builder-el-0  el_before_av_section  avia-builder-el-first  avia-full-stretch avia-bg-style-scroll av-section-color-overlay-active container_wrap fullsize'  data-section-bg-repeat='stretch'><div class=\"av-section-color-overlay-wrap\"><div class=\"av-section-color-overlay\"><\/div><div class='container av-section-cont-open' ><main  role=\"main\" itemprop=\"mainContentOfPage\"  class='template-page content  av-content-full alpha units'><div class='post-entry post-entry-type-page post-entry-13'><div class='entry-content-wrapper clearfix'>\n\n<style type=\"text\/css\" data-created_by=\"avia_inline_auto\" id=\"style-css-av-lbda77na-58aaa9bb0475dd896ac685205e651f7e\">\n#top .av-special-heading.av-lbda77na-58aaa9bb0475dd896ac685205e651f7e{\npadding-bottom:10px;\ncolor:#ffffff;\n}\nbody .av-special-heading.av-lbda77na-58aaa9bb0475dd896ac685205e651f7e .av-special-heading-tag .heading-char{\nfont-size:25px;\n}\n.av-special-heading.av-lbda77na-58aaa9bb0475dd896ac685205e651f7e .special-heading-inner-border{\nborder-color:#ffffff;\n}\n.av-special-heading.av-lbda77na-58aaa9bb0475dd896ac685205e651f7e .av-subheading{\nfont-size:15px;\n}\n\n@media only screen and (min-width: 480px) and (max-width: 767px){ \n#top #wrap_all .av-special-heading.av-lbda77na-58aaa9bb0475dd896ac685205e651f7e .av-special-heading-tag{\nfont-size:20px;\n}\n}\n\n@media only screen and (max-width: 479px){ \n#top #wrap_all .av-special-heading.av-lbda77na-58aaa9bb0475dd896ac685205e651f7e .av-special-heading-tag{\nfont-size:20px;\n}\n}\n<\/style>\n<div  class='av-special-heading av-lbda77na-58aaa9bb0475dd896ac685205e651f7e av-special-heading-h1 custom-color-heading blockquote modern-quote modern-centered  avia-builder-el-1  el_before_av_hr  avia-builder-el-first '><h1 class='av-special-heading-tag '  itemprop=\"headline\"  >KAPCSOLAT<\/h1><div class=\"special-heading-border\"><div class=\"special-heading-inner-border\"><\/div><\/div><\/div>\n\n<style type=\"text\/css\" data-created_by=\"avia_inline_auto\" id=\"style-css-av-42bzl-1a0b1b3a43a5c16e41f25e121c67e102\">\n#top .hr.hr-invisible.av-42bzl-1a0b1b3a43a5c16e41f25e121c67e102{\nheight:50px;\n}\n<\/style>\n<div  class='hr av-42bzl-1a0b1b3a43a5c16e41f25e121c67e102 hr-invisible  avia-builder-el-2  el_after_av_heading  avia-builder-el-last '><span class='hr-inner '><span class=\"hr-inner-style\"><\/span><\/span><\/div>\n\n<\/div><\/div><\/main><!-- close content main element --><\/div><\/div><\/div><div id='av_section_2'  class='avia-section av-3ah21-0a2468df1239f4e14e305565477fc997 main_color avia-section-default avia-no-border-styling  avia-builder-el-3  el_after_av_section  el_before_av_section  avia-bg-style-scroll container_wrap fullsize'  ><div class='container av-section-cont-open' ><div class='template-page content  av-content-full alpha units'><div class='post-entry post-entry-type-page post-entry-13'><div class='entry-content-wrapper clearfix'>\n\n<style type=\"text\/css\" data-created_by=\"avia_inline_auto\" id=\"style-css-av-1rqu9-cac37aa0773cb68671bee29af78504a9\">\n.flex_column.av-1rqu9-cac37aa0773cb68671bee29af78504a9{\nborder-radius:0px 0px 0px 0px;\npadding:0px 0px 0px 0px;\n}\n<\/style>\n<div  class='flex_column av-1rqu9-cac37aa0773cb68671bee29af78504a9 av_one_third  avia-builder-el-4  el_before_av_one_third  avia-builder-el-first  first flex_column_div av-zero-column-padding  '     ><p>\n<style type=\"text\/css\" data-created_by=\"avia_inline_auto\" id=\"style-css-av-lbdabi51-0d7b8eaa7cea8c5a6e1920701a2330dd\">\n.avia-image-container.av-lbdabi51-0d7b8eaa7cea8c5a6e1920701a2330dd img.avia_image{\nbox-shadow:none;\n}\n.avia-image-container.av-lbdabi51-0d7b8eaa7cea8c5a6e1920701a2330dd .av-image-caption-overlay-center{\ncolor:#ffffff;\n}\n<\/style>\n<div  class='avia-image-container av-lbdabi51-0d7b8eaa7cea8c5a6e1920701a2330dd av-styling- avia-align-center  avia-builder-el-5  el_before_av_textblock  avia-builder-el-first '   itemprop=\"image\" itemscope=\"itemscope\" itemtype=\"https:\/\/schema.org\/ImageObject\" ><div class=\"avia-image-container-inner\"><div class=\"avia-image-overlay-wrap\"><img decoding=\"async\" fetchpriority=\"high\" class='wp-image-29 avia-img-lazy-loading-not-29 avia_image ' src=\"https:\/\/www.bau-styl.hu\/berles\/wp-content\/uploads\/2020\/10\/Fodemzsalu-4-845x321.jpg\" alt='' title='F\u00f6d\u00e9mzsalu (4)'  height=\"321\" width=\"845\"  itemprop=\"thumbnailUrl\"  \/><\/div><\/div><\/div><br \/>\n<section  class='av_textblock_section av-lbdad07x-e5104e2ee7952fdf4a272cec96278848 '   itemscope=\"itemscope\" itemtype=\"https:\/\/schema.org\/CreativeWork\" ><div class='avia_textblock'  itemprop=\"text\" ><p style=\"text-align: center;\"><strong>L\u00e1z\u00e1r J\u00e1nos<\/strong><br \/>\nKereskedelmi Koordin\u00e1tor<br \/>\n<a href=\"tel:+36703755883\">+36 70 375 58 83<\/a><br \/>\n<a href=\"mailto:lazar.janos@bau-styl.hu\">lazar.janos@bau-styl.hu <\/a><\/p>\n<\/div><\/section><\/p><\/div>\n<style type=\"text\/css\" data-created_by=\"avia_inline_auto\" id=\"style-css-av-nxql-5fc24dcddaba46c4dd0ac67f76fa3c81\">\n.flex_column.av-nxql-5fc24dcddaba46c4dd0ac67f76fa3c81{\nborder-radius:0px 0px 0px 0px;\npadding:0px 0px 0px 0px;\n}\n<\/style>\n<div  class='flex_column av-nxql-5fc24dcddaba46c4dd0ac67f76fa3c81 av_one_third  avia-builder-el-7  el_after_av_one_third  el_before_av_one_third  flex_column_div av-zero-column-padding  '     ><p>\n<style type=\"text\/css\" data-created_by=\"avia_inline_auto\" id=\"style-css-av-lbdabusn-8c1f97a5bab668765c39e4b44ab44ad8\">\n.avia-image-container.av-lbdabusn-8c1f97a5bab668765c39e4b44ab44ad8 img.avia_image{\nbox-shadow:none;\n}\n.avia-image-container.av-lbdabusn-8c1f97a5bab668765c39e4b44ab44ad8 .av-image-caption-overlay-center{\ncolor:#ffffff;\n}\n<\/style>\n<div  class='avia-image-container av-lbdabusn-8c1f97a5bab668765c39e4b44ab44ad8 av-styling- avia-align-center  avia-builder-el-8  el_before_av_textblock  avia-builder-el-first '   itemprop=\"image\" itemscope=\"itemscope\" itemtype=\"https:\/\/schema.org\/ImageObject\" ><div class=\"avia-image-container-inner\"><div class=\"avia-image-overlay-wrap\"><img decoding=\"async\" fetchpriority=\"high\" class='wp-image-33 avia-img-lazy-loading-not-33 avia_image ' src=\"https:\/\/www.bau-styl.hu\/berles\/wp-content\/uploads\/2020\/10\/Fodemzsalu-8-845x321.jpg\" alt='' title='F\u00f6d\u00e9mzsalu (8)'  height=\"321\" width=\"845\"  itemprop=\"thumbnailUrl\"  \/><\/div><\/div><\/div><br \/>\n<section  class='av_textblock_section av-lbda8f7h-e93c1f33480754c51aac19c40e4f2c32 '   itemscope=\"itemscope\" itemtype=\"https:\/\/schema.org\/CreativeWork\" ><div class='avia_textblock'  itemprop=\"text\" ><p style=\"text-align: center;\"><strong>J\u00f3cs\u00e1k D\u00e1niel<\/strong><br \/>\nKereskedelmi Koordin\u00e1tor<br \/>\n<a href=\"tel:+36706667568\">+36 70 666 75 68<\/a><br \/>\n<a href=\"mailto:jocsak.daniel@bau-styl.hu\">jocsak.daniel@bau-styl.hu<\/a><\/p>\n<\/div><\/section><\/p><\/div>\n<style type=\"text\/css\" data-created_by=\"avia_inline_auto\" id=\"style-css-av-2hm0h-2e35b3f5ba20e344b7beffdcea8351d7\">\n.flex_column.av-2hm0h-2e35b3f5ba20e344b7beffdcea8351d7{\nborder-radius:0px 0px 0px 0px;\npadding:0px 0px 0px 0px;\n}\n<\/style>\n<div  class='flex_column av-2hm0h-2e35b3f5ba20e344b7beffdcea8351d7 av_one_third  avia-builder-el-10  el_after_av_one_third  avia-builder-el-last  flex_column_div av-zero-column-padding  '     ><p>\n<style type=\"text\/css\" data-created_by=\"avia_inline_auto\" id=\"style-css-av-247zp-0c19dbf7dfaf6338a668443c52c957c5\">\n.avia-image-container.av-247zp-0c19dbf7dfaf6338a668443c52c957c5 img.avia_image{\nbox-shadow:none;\n}\n.avia-image-container.av-247zp-0c19dbf7dfaf6338a668443c52c957c5 .av-image-caption-overlay-center{\ncolor:#ffffff;\n}\n<\/style>\n<div  class='avia-image-container av-247zp-0c19dbf7dfaf6338a668443c52c957c5 av-styling- avia-align-center  avia-builder-el-11  el_before_av_textblock  avia-builder-el-first '   itemprop=\"image\" itemscope=\"itemscope\" itemtype=\"https:\/\/schema.org\/ImageObject\" ><div class=\"avia-image-container-inner\"><div class=\"avia-image-overlay-wrap\"><img decoding=\"async\" fetchpriority=\"high\" class='wp-image-30 avia-img-lazy-loading-not-30 avia_image ' src=\"https:\/\/www.bau-styl.hu\/berles\/wp-content\/uploads\/2020\/10\/Fodemzsalu-5-845x321.jpg\" alt='' title='F\u00f6d\u00e9mzsalu (5)'  height=\"321\" width=\"845\"  itemprop=\"thumbnailUrl\"  \/><\/div><\/div><\/div><br \/>\n<section  class='av_textblock_section av-lbda9ib4-43c0c8b1249e3fe539a2e562767f748d '   itemscope=\"itemscope\" itemtype=\"https:\/\/schema.org\/CreativeWork\" ><div class='avia_textblock'  itemprop=\"text\" ><p style=\"text-align: center;\"><strong>L\u00e1z\u00e1r Szil\u00e1rd<br \/>\n<\/strong>Projektoszt\u00e1ly Vezet\u0151<br \/>\n<a href=\"tel:+36703755882\">+36 70 375 58 82<\/a><br \/>\n<a href=\"mailto:lazar.szilard@bau-styl.hu\">lazar.szilard@bau-styl.hu<\/a><\/p>\n<\/div><\/section><\/p><\/div>\n\n<\/div><\/div><\/div><!-- close content main div --><\/div><\/div><div id='av_section_3'  class='avia-section av-3aznh-7459bd13fafe52b9e4338b7d6882eb71 main_color avia-section-default avia-no-border-styling  avia-builder-el-13  el_after_av_section  avia-builder-el-last  avia-bg-style-scroll container_wrap fullsize'  ><div class='container av-section-cont-open' ><div class='template-page content  av-content-full alpha units'><div class='post-entry post-entry-type-page post-entry-13'><div class='entry-content-wrapper clearfix'>\n\n<style type=\"text\/css\" data-created_by=\"avia_inline_auto\" id=\"style-css-av-2v8it-37a2abb4cd7990a77d568668faf3fb5b\">\n.flex_column.av-2v8it-37a2abb4cd7990a77d568668faf3fb5b{\nborder-radius:0px 0px 0px 0px;\npadding:0px 0px 0px 0px;\n}\n<\/style>\n<div  class='flex_column av-2v8it-37a2abb4cd7990a77d568668faf3fb5b av_one_third  avia-builder-el-14  el_before_av_one_third  avia-builder-el-first  first flex_column_div av-zero-column-padding  '     ><p>\n<style type=\"text\/css\" data-created_by=\"avia_inline_auto\" id=\"style-css-av-1ncql-cdc663bf3caf5df01098835d3ab5bdc0\">\n.av_font_icon.av-1ncql-cdc663bf3caf5df01098835d3ab5bdc0{\ncolor:#edae44;\nborder-color:#edae44;\n}\n.avia-svg-icon.av-1ncql-cdc663bf3caf5df01098835d3ab5bdc0 svg:first-child{\nstroke:#edae44;\nfill:#edae44;\n}\n.av_font_icon.av-1ncql-cdc663bf3caf5df01098835d3ab5bdc0 .av-icon-char{\nfont-size:40px;\nline-height:40px;\n}\n<\/style>\n<span  class='av_font_icon av-1ncql-cdc663bf3caf5df01098835d3ab5bdc0 avia_animate_when_visible av-icon-style- avia-icon-pos-center avia-iconfont avia-font-entypo-fontello avia-icon-animate'><span class='av-icon-char' data-av_icon='\ue862' data-av_iconfont='entypo-fontello' aria-hidden=\"true\" ><\/span><\/span><br \/>\n<section  class='av_textblock_section av-lbdaoewo-e514f4aca4a2ba17bb9ab19d0ef29478 '   itemscope=\"itemscope\" itemtype=\"https:\/\/schema.org\/CreativeWork\" ><div class='avia_textblock'  itemprop=\"text\" ><header class=\"entry-content-header\">\n<p class=\"iconbox_content_title\" style=\"text-align: center;\"><strong>Nyitvatart\u00e1s:<br \/>\n<\/strong><\/p>\n<p style=\"text-align: center;\">Ny\u00e1ri nyitvatart\u00e1s m\u00e1rcius 16-t\u00f3l:<br \/>\nH-P: 07:00-17:00 Sz: 08:00-12:00<\/p>\n<p style=\"text-align: center;\">T\u00e9li nyitvatart\u00e1s:<br \/>\nH-P: 7:30-16:30 Sz: 08.00-12:00<\/p>\n<\/header>\n<\/div><\/section><\/p><\/div>\n<style type=\"text\/css\" data-created_by=\"avia_inline_auto\" id=\"style-css-av-2cu95-ee3d42827e1fe36a6276b4d8da0fcf3c\">\n.flex_column.av-2cu95-ee3d42827e1fe36a6276b4d8da0fcf3c{\nborder-radius:0px 0px 0px 0px;\npadding:0px 0px 0px 0px;\n}\n<\/style>\n<div  class='flex_column av-2cu95-ee3d42827e1fe36a6276b4d8da0fcf3c av_one_third  avia-builder-el-17  el_after_av_one_third  el_before_av_one_third  flex_column_div av-zero-column-padding  '     ><p>\n<style type=\"text\/css\" data-created_by=\"avia_inline_auto\" id=\"style-css-av-3cj9-599aa3369de800d4921ae5c5b49d95e5\">\n.av_font_icon.av-3cj9-599aa3369de800d4921ae5c5b49d95e5{\ncolor:#edae44;\nborder-color:#edae44;\n}\n.avia-svg-icon.av-3cj9-599aa3369de800d4921ae5c5b49d95e5 svg:first-child{\nstroke:#edae44;\nfill:#edae44;\n}\n.av_font_icon.av-3cj9-599aa3369de800d4921ae5c5b49d95e5 .av-icon-char{\nfont-size:40px;\nline-height:40px;\n}\n<\/style>\n<span  class='av_font_icon av-3cj9-599aa3369de800d4921ae5c5b49d95e5 avia_animate_when_visible av-icon-style- avia-icon-pos-center avia-iconfont avia-font-entypo-fontello avia-icon-animate'><span class='av-icon-char' data-av_icon='\ue84d' data-av_iconfont='entypo-fontello' aria-hidden=\"true\" ><\/span><\/span><br \/>\n<section  class='av_textblock_section av-1i5bd-a7398fd8790852904459a89bf98ea92b '   itemscope=\"itemscope\" itemtype=\"https:\/\/schema.org\/CreativeWork\" ><div class='avia_textblock'  itemprop=\"text\" ><p style=\"text-align: center;\"><strong>C\u00e9gadatok:<\/strong><br \/>\nC\u00e9gjegyz\u00e9ksz\u00e1m 13-09-069744<br \/>\nAd\u00f3sz\u00e1m 12013511-2-13<\/p>\n<\/div><\/section><\/p><\/div>\n<style type=\"text\/css\" data-created_by=\"avia_inline_auto\" id=\"style-css-av-11jh5-cf9352dea742929928c2f5a42cb60d94\">\n.flex_column.av-11jh5-cf9352dea742929928c2f5a42cb60d94{\nborder-radius:0px 0px 0px 0px;\npadding:0px 0px 0px 0px;\n}\n<\/style>\n<div  class='flex_column av-11jh5-cf9352dea742929928c2f5a42cb60d94 av_one_third  avia-builder-el-20  el_after_av_one_third  avia-builder-el-last  flex_column_div av-zero-column-padding  '     ><p>\n<style type=\"text\/css\" data-created_by=\"avia_inline_auto\" id=\"style-css-av-lbdatvkc-54bebf990f148768c2caca4984f68c63\">\n.av_font_icon.av-lbdatvkc-54bebf990f148768c2caca4984f68c63{\ncolor:#edae44;\nborder-color:#edae44;\n}\n.avia-svg-icon.av-lbdatvkc-54bebf990f148768c2caca4984f68c63 svg:first-child{\nstroke:#edae44;\nfill:#edae44;\n}\n.av_font_icon.av-lbdatvkc-54bebf990f148768c2caca4984f68c63 .av-icon-char{\nfont-size:40px;\nline-height:40px;\n}\n<\/style>\n<span  class='av_font_icon av-lbdatvkc-54bebf990f148768c2caca4984f68c63 avia_animate_when_visible av-icon-style- avia-icon-pos-center avia-iconfont avia-font-entypo-fontello avia-icon-animate'><span class='av-icon-char' data-av_icon='\ue842' data-av_iconfont='entypo-fontello' aria-hidden=\"true\" ><\/span><\/span><br \/>\n<section  class='av_textblock_section av-lbdanivv-876ca4b20ae268e517441c024608083c '   itemscope=\"itemscope\" itemtype=\"https:\/\/schema.org\/CreativeWork\" ><div class='avia_textblock'  itemprop=\"text\" ><p style=\"text-align: center;\"><strong>C\u00edm:<br \/>\n<\/strong>Bau-Styl Kft.<br \/>\n2220 Vecs\u00e9s F\u0151 \u00fat 2\/c<\/p>\n<\/div><\/section><\/p><\/div>\n","protected":false},"excerpt":{"rendered":"","protected":false},"author":1,"featured_media":0,"parent":0,"menu_order":0,"comment_status":"closed","ping_status":"closed","template":"","meta":{"footnotes":""},"class_list":["post-13","page","type-page","status-publish","hentry"],"aioseo_notices":[],"_links":{"self":[{"href":"https:\/\/www.bau-styl.hu\/berles\/wp-json\/wp\/v2\/pages\/13","targetHints":{"allow":["GET"]}}],"collection":[{"href":"https:\/\/www.bau-styl.hu\/berles\/wp-json\/wp\/v2\/pages"}],"about":[{"href":"https:\/\/www.bau-styl.hu\/berles\/wp-json\/wp\/v2\/types\/page"}],"author":[{"embeddable":true,"href":"https:\/\/www.bau-styl.hu\/berles\/wp-json\/wp\/v2\/users\/1"}],"replies":[{"embeddable":true,"href":"https:\/\/www.bau-styl.hu\/berles\/wp-json\/wp\/v2\/comments?post=13"}],"version-history":[{"count":0,"href":"https:\/\/www.bau-styl.hu\/berles\/wp-json\/wp\/v2\/pages\/13\/revisions"}],"wp:attachment":[{"href":"https:\/\/www.bau-styl.hu\/berles\/wp-json\/wp\/v2\/media?parent=13"}],"curies":[{"name":"wp","href":"https:\/\/api.w.org\/{rel}","templated":true}]}}