{"id":12176,"date":"2019-11-18T12:06:59","date_gmt":"2019-11-18T12:06:59","guid":{"rendered":"https:\/\/www.bau-styl.hu\/epitoanyag\/?page_id=12176"},"modified":"2024-04-03T19:47:52","modified_gmt":"2024-04-03T17:47:52","slug":"elore-gyartott-fodemrendszer","status":"publish","type":"page","link":"https:\/\/www.bau-styl.hu\/epitoanyag\/elore-gyartott-fodemrendszer\/","title":{"rendered":"El\u0151re gy\u00e1rtott f\u00f6d\u00e9mrendszer"},"content":{"rendered":"\n<style type=\"text\/css\" data-created_by=\"avia_inline_auto\" id=\"style-css-av-uff36-e925f7b362c3c0a26a58b51fbf6f9f2c\">\n.avia-section.av-uff36-e925f7b362c3c0a26a58b51fbf6f9f2c .av-parallax .av-parallax-inner{\nbackground-repeat:no-repeat;\nbackground-image:url(https:\/\/www.bau-styl.hu\/epitoanyag\/wp-content\/uploads\/2019\/03\/AdobeStock_165510017-e1596518065644.jpeg);\nbackground-position:50% 100%;\nbackground-attachment:scroll;\n}\n.avia-section.av-uff36-e925f7b362c3c0a26a58b51fbf6f9f2c .av-section-color-overlay{\nopacity:0.7;\nbackground-color:#23418e;\n}\n<\/style>\n<div id='av_section_1'  class='avia-section av-uff36-e925f7b362c3c0a26a58b51fbf6f9f2c main_color avia-section-huge avia-no-border-styling  avia-builder-el-0  el_before_av_section  avia-builder-el-first  avia-full-stretch av-parallax-section avia-bg-style-parallax av-section-color-overlay-active av-minimum-height av-minimum-height-50 av-height-50  container_wrap sidebar_left'  data-section-bg-repeat='stretch' data-av_minimum_height_pc='50' data-av_min_height_opt='50'><div class='av-parallax' data-avia-parallax-ratio='0.3' ><div class='av-parallax-inner main_color avia-full-stretch'><\/div><\/div><div class=\"av-section-color-overlay-wrap\"><div class=\"av-section-color-overlay\"><\/div><div class='container av-section-cont-open' ><main  role=\"main\" itemprop=\"mainContentOfPage\"  class='template-page content  av-content-small units'><div class='post-entry post-entry-type-page post-entry-12176'><div class='entry-content-wrapper clearfix'>\n\n<style type=\"text\/css\" data-created_by=\"avia_inline_auto\" id=\"style-css-av-k34dt8um-b1424f3a8892390fa017012d3909ca2c\">\n#top .av-special-heading.av-k34dt8um-b1424f3a8892390fa017012d3909ca2c{\npadding-bottom:10px;\ncolor:#ffffff;\n}\nbody .av-special-heading.av-k34dt8um-b1424f3a8892390fa017012d3909ca2c .av-special-heading-tag .heading-char{\nfont-size:25px;\n}\n.av-special-heading.av-k34dt8um-b1424f3a8892390fa017012d3909ca2c .special-heading-inner-border{\nborder-color:#ffffff;\n}\n.av-special-heading.av-k34dt8um-b1424f3a8892390fa017012d3909ca2c .av-subheading{\nfont-size:15px;\n}\n<\/style>\n<div  class='av-special-heading av-k34dt8um-b1424f3a8892390fa017012d3909ca2c av-special-heading-h1 custom-color-heading blockquote modern-quote modern-centered  avia-builder-el-1  avia-builder-el-no-sibling '><h1 class='av-special-heading-tag '  itemprop=\"headline\"  >El\u0151re gy\u00e1rtott f\u00f6d\u00e9mrendszer<\/h1><div class=\"special-heading-border\"><div class=\"special-heading-inner-border\"><\/div><\/div><\/div>\n\n<\/div><\/div><\/main><!-- close content main element --><\/div><\/div><\/div><div id='av_section_2'  class='avia-section av-3yqbonk-29e6aa64f7ae2a1558dddd2cc8812780 main_color avia-section-default avia-no-border-styling  avia-builder-el-2  el_after_av_section  avia-builder-el-last  avia-bg-style-scroll container_wrap sidebar_left'  ><div class='container av-section-cont-open' ><div class='template-page content  av-content-small units'><div class='post-entry post-entry-type-page post-entry-12176'><div class='entry-content-wrapper clearfix'>\n\n<style type=\"text\/css\" data-created_by=\"avia_inline_auto\" id=\"style-css-av-3dyctdc-268e1e0c0655996efae1bb64fe285f34\">\n.flex_column.av-3dyctdc-268e1e0c0655996efae1bb64fe285f34{\nborder-radius:0px 0px 0px 0px;\npadding:0px 0px 0px 0px;\n}\n<\/style>\n<div  class='flex_column av-3dyctdc-268e1e0c0655996efae1bb64fe285f34 av_one_fourth  avia-builder-el-3  el_before_av_one_half  avia-builder-el-first  first flex_column_div av-zero-column-padding  '     ><\/div>\n<style type=\"text\/css\" data-created_by=\"avia_inline_auto\" id=\"style-css-av-30gne28-41943a2f8a32c4527e07c05ffc71f611\">\n.flex_column.av-30gne28-41943a2f8a32c4527e07c05ffc71f611{\nborder-radius:0px 0px 0px 0px;\npadding:0px 0px 0px 0px;\n}\n<\/style>\n<div  class='flex_column av-30gne28-41943a2f8a32c4527e07c05ffc71f611 av_one_half  avia-builder-el-4  el_after_av_one_fourth  el_before_av_one_fourth  flex_column_div av-zero-column-padding  '     ><section  class='av_textblock_section av-l6ix4e19-2fffe508cfa950bef8f75caefbee2e6e '   itemscope=\"itemscope\" itemtype=\"https:\/\/schema.org\/CreativeWork\" ><div class='avia_textblock'  itemprop=\"text\" ><p style=\"text-align: center;\">Az el\u0151re gy\u00e1rtott f\u00f6d\u00e9mmel kapcsolatos k\u00e9rd\u00e9seit, megrendel\u00e9s\u00e9t, aj\u00e1nlatk\u00e9r\u00e9s\u00e9t \u00edrja meg nek\u00fcnk \u00e9s munkat\u00e1runk egy munkanapon bel\u00fcl felveszi \u00d6nnel a kapcsolatot.<\/p>\n<\/div><\/section><br \/>\n<form action=\"https:\/\/www.bau-styl.hu\/epitoanyag\/elore-gyartott-fodemrendszer\/\" method=\"post\" data-fields-with-error=\"Found errors in the following field(s):\" class=\"avia_ajax_form av-form-labels-visible   avia-builder-el-6  el_after_av_textblock  avia-builder-el-last   \" data-avia-form-id=\"1\" data-avia-redirect='' ><h3 class=''>K\u00fcldj\u00f6n nek\u00fcnk \u00fczenetet!<\/h3><fieldset><p class='  first_form  form_element form_fullwidth' id='element_avia_1_1'><label for=\"avia_1_1\">N\u00e9v <abbr class=\"required\" title=\"required\">*<\/abbr><\/label> <input name=\"avia_1_1\" class=\"text_input is_empty\" type=\"text\" id=\"avia_1_1\" value=\"\" \/><\/p><p class='  first_form  form_element form_element_half' id='element_avia_2_1'><label for=\"avia_2_1\">E-Mail <abbr class=\"required\" title=\"required\">*<\/abbr><\/label> <input name=\"avia_2_1\" class=\"text_input is_email\" type=\"text\" id=\"avia_2_1\" value=\"\" \/><\/p><p class='  form_element form_element_half' id='element_avia_3_1'><label for=\"avia_3_1\">Telefonsz\u00e1m <abbr class=\"required\" title=\"required\">*<\/abbr><\/label> <input name=\"avia_3_1\" class=\"text_input is_phone\" type=\"text\" id=\"avia_3_1\" value=\"\" \/><\/p><p class='  first_form  form_element form_fullwidth' id='element_avia_4_1'><label for=\"avia_4_1\">Sz\u00e1ll\u00edt\u00e1si c\u00edm <abbr class=\"required\" title=\"required\">*<\/abbr><\/label> <input name=\"avia_4_1\" class=\"text_input is_empty\" type=\"text\" id=\"avia_4_1\" value=\"\" \/><\/p><p class='  first_form  form_element form_fullwidth' id='element_avia_5_1'><label for=\"avia_5_1\" class=\"textare_label hidden textare_label_avia_5_1\">F\u00f6d\u00e9m param\u00e9terei <abbr class=\"required\" title=\"required\">*<\/abbr><\/label><textarea  name=\"avia_5_1\" class=\"text_area is_empty\" cols=\"40\" rows=\"7\" id=\"avia_5_1\" ><\/textarea><\/p><p class=\"hidden\"><input type=\"text\" name=\"avia_6_1\" class=\"hidden \" id=\"avia_6_1\" value=\"\" \/><\/p><p class=' av_form_privacy_check av_contact_privacy_check first_form  form_element form_fullwidth' id='element_avia_7_1'><input  name=\"avia_7_1\" class=\"input_checkbox is_empty\" type=\"checkbox\" id=\"avia_7_1\" value=\"true\"\/><label class=\"input_checkbox_label\" for=\"avia_7_1\">Elfogadom az <a href=\"https:\/\/www.bau-styl.hu\/epitoanyag\/adatkezelesi-tajekoztato\/\">Adatkezel\u00e9si t\u00e1j\u00e9koztat\u00f3<\/a>-ban foglaltakat. <abbr class=\"required\" title=\"required\">*<\/abbr><\/label><\/p><p class=\"form_element \"><input type=\"hidden\" value=\"1\" name=\"avia_generated_form1\" \/><input type=\"submit\" value=\"K\u00fcld\" class=\"button\"  data-sending-label=\"K\u00fcld\u00e9s\"\/><\/p><\/fieldset><\/form><div id=\"ajaxresponse_1\" class=\"ajaxresponse ajaxresponse_1 hidden\"><\/div><\/p><\/div>\n<style type=\"text\/css\" data-created_by=\"avia_inline_auto\" id=\"style-css-av-kzrwpc-f06bec16e6e62be6e4dbd2dadd3c69dd\">\n.flex_column.av-kzrwpc-f06bec16e6e62be6e4dbd2dadd3c69dd{\nborder-radius:0px 0px 0px 0px;\npadding:0px 0px 0px 0px;\n}\n<\/style>\n<div  class='flex_column av-kzrwpc-f06bec16e6e62be6e4dbd2dadd3c69dd av_one_fourth  avia-builder-el-7  el_after_av_one_half  avia-builder-el-last  flex_column_div av-zero-column-padding  '     ><\/div><\/div><\/div><\/div><!-- close content main div --><\/div><\/div><div id='after_section_2'  class='main_color av_default_container_wrap container_wrap sidebar_left'  ><div class='container av-section-cont-open' ><div class='template-page content  av-content-small units'><div class='post-entry post-entry-type-page post-entry-12176'><div class='entry-content-wrapper clearfix'>\n","protected":false},"excerpt":{"rendered":"","protected":false},"author":245,"featured_media":0,"parent":0,"menu_order":0,"comment_status":"closed","ping_status":"closed","template":"","meta":{"footnotes":""},"class_list":["post-12176","page","type-page","status-publish","hentry"],"aioseo_notices":[],"_links":{"self":[{"href":"https:\/\/www.bau-styl.hu\/epitoanyag\/wp-json\/wp\/v2\/pages\/12176","targetHints":{"allow":["GET"]}}],"collection":[{"href":"https:\/\/www.bau-styl.hu\/epitoanyag\/wp-json\/wp\/v2\/pages"}],"about":[{"href":"https:\/\/www.bau-styl.hu\/epitoanyag\/wp-json\/wp\/v2\/types\/page"}],"author":[{"embeddable":true,"href":"https:\/\/www.bau-styl.hu\/epitoanyag\/wp-json\/wp\/v2\/users\/245"}],"replies":[{"embeddable":true,"href":"https:\/\/www.bau-styl.hu\/epitoanyag\/wp-json\/wp\/v2\/comments?post=12176"}],"version-history":[{"count":0,"href":"https:\/\/www.bau-styl.hu\/epitoanyag\/wp-json\/wp\/v2\/pages\/12176\/revisions"}],"wp:attachment":[{"href":"https:\/\/www.bau-styl.hu\/epitoanyag\/wp-json\/wp\/v2\/media?parent=12176"}],"curies":[{"name":"wp","href":"https:\/\/api.w.org\/{rel}","templated":true}]}}