{"id":31823,"date":"2021-01-07T17:04:35","date_gmt":"2021-01-07T15:04:35","guid":{"rendered":"https:\/\/www.bau-styl.hu\/epitoanyag\/?page_id=31823"},"modified":"2026-03-27T11:03:06","modified_gmt":"2026-03-27T09:03:06","slug":"karrier","status":"publish","type":"page","link":"https:\/\/www.bau-styl.hu\/epitoanyag\/karrier\/","title":{"rendered":"Karrier"},"content":{"rendered":"\n<style type=\"text\/css\" data-created_by=\"avia_inline_auto\" id=\"style-css-av-uff36-f478586ec7f15a3601af3715c766a5d9\">\n.avia-section.av-uff36-f478586ec7f15a3601af3715c766a5d9 .av-parallax .av-parallax-inner{\nbackground-repeat:no-repeat;\nbackground-image:url(https:\/\/www.bau-styl.hu\/epitoanyag\/wp-content\/uploads\/2020\/11\/statikus.jpg);\nbackground-position:50% 0%;\nbackground-attachment:scroll;\n}\n.avia-section.av-uff36-f478586ec7f15a3601af3715c766a5d9 .av-section-color-overlay{\nopacity:0.7;\nbackground-color:#23418e;\n}\n<\/style>\n<div id='av_section_1'  class='avia-section av-uff36-f478586ec7f15a3601af3715c766a5d9 main_color avia-section-huge avia-no-border-styling  avia-builder-el-0  el_before_av_section  avia-builder-el-first  avia-full-stretch av-parallax-section avia-bg-style-parallax av-section-color-overlay-active av-minimum-height av-minimum-height-25 av-height-25  container_wrap sidebar_left'  data-section-bg-repeat='stretch' data-av_minimum_height_pc='25' data-av_min_height_opt='25'><div class='av-parallax' data-avia-parallax-ratio='0.3' ><div class='av-parallax-inner main_color avia-full-stretch'><\/div><\/div><div class=\"av-section-color-overlay-wrap\"><div class=\"av-section-color-overlay\"><\/div><div class='container av-section-cont-open' ><main  role=\"main\" itemprop=\"mainContentOfPage\"  class='template-page content  av-content-small units'><div class='post-entry post-entry-type-page post-entry-31823'><div class='entry-content-wrapper clearfix'>\n\n<style type=\"text\/css\" data-created_by=\"avia_inline_auto\" id=\"style-css-av-kjwwqtfl-dafe263fc8f9a0cf0e4e2f1d48d435fe\">\n#top .av-special-heading.av-kjwwqtfl-dafe263fc8f9a0cf0e4e2f1d48d435fe{\npadding-bottom:10px;\ncolor:#ffffff;\n}\nbody .av-special-heading.av-kjwwqtfl-dafe263fc8f9a0cf0e4e2f1d48d435fe .av-special-heading-tag .heading-char{\nfont-size:25px;\n}\n.av-special-heading.av-kjwwqtfl-dafe263fc8f9a0cf0e4e2f1d48d435fe .special-heading-inner-border{\nborder-color:#ffffff;\n}\n.av-special-heading.av-kjwwqtfl-dafe263fc8f9a0cf0e4e2f1d48d435fe .av-subheading{\nfont-size:15px;\n}\n<\/style>\n<div  class='av-special-heading av-kjwwqtfl-dafe263fc8f9a0cf0e4e2f1d48d435fe av-special-heading-h1 custom-color-heading blockquote modern-quote modern-centered  avia-builder-el-1  avia-builder-el-no-sibling  av-linked-heading'><h1 class='av-special-heading-tag '  itemprop=\"headline\"  >Karrier<\/h1><div class=\"special-heading-border\"><div class=\"special-heading-inner-border\"><\/div><\/div><\/div>\n\n<\/div><\/div><\/main><!-- close content main element --><\/div><\/div><\/div><div id='av_section_2'  class='avia-section av-11j7xyn-90f3ce5f8e951c9c82861bd968c9a669 main_color avia-section-default avia-no-border-styling  avia-builder-el-2  el_after_av_section  avia-builder-el-last  avia-bg-style-scroll container_wrap sidebar_left'  ><div class='container av-section-cont-open' ><div class='template-page content  av-content-small units'><div class='post-entry post-entry-type-page post-entry-31823'><div class='entry-content-wrapper clearfix'>\n<div  class='flex_column av-13jqjfz-2f932b754f88663df8891a114cddb4f5 av_one_fourth  avia-builder-el-3  el_before_av_one_fourth  avia-builder-el-first  first flex_column_div  '     ><\/div>\n<style type=\"text\/css\" data-created_by=\"avia_inline_auto\" id=\"style-css-av-12bogof-d8cca6c46a2aa2bc749f3c1d40f00702\">\n.flex_column.av-12bogof-d8cca6c46a2aa2bc749f3c1d40f00702{\nborder-radius:0px 0px 0px 0px;\n}\n<\/style>\n<div  class='flex_column av-12bogof-d8cca6c46a2aa2bc749f3c1d40f00702 av_one_fourth  avia-builder-el-4  el_after_av_one_fourth  el_before_av_one_fourth  flex_column_div  '     ><p>\n<style type=\"text\/css\" data-created_by=\"avia_inline_auto\" id=\"style-css-av-macqh5wo-756759cf9e5f9dd6451c6046c1298f95\">\n.avia-image-container.av-macqh5wo-756759cf9e5f9dd6451c6046c1298f95 img.avia_image{\nbox-shadow:none;\n}\n.avia-image-container.av-macqh5wo-756759cf9e5f9dd6451c6046c1298f95 .av-image-caption-overlay-center{\ncolor:#ffffff;\n}\n<\/style>\n<div  class='avia-image-container av-macqh5wo-756759cf9e5f9dd6451c6046c1298f95 av-styling- av-img-linked avia-align-center  avia-builder-el-5  el_before_av_image  avia-builder-el-first '   itemprop=\"image\" itemscope=\"itemscope\" itemtype=\"https:\/\/schema.org\/ImageObject\" ><div class=\"avia-image-container-inner\"><div class=\"avia-image-overlay-wrap\"><a href=\"https:\/\/www.bau-styl.hu\/epitoanyag\/epitoanyag-ertekesito\/\" class='avia_image '  aria-label='Bramac Tegalit Star Alapcser\u00e9p ez\u00fcstmet\u00e1l'><img decoding=\"async\" fetchpriority=\"high\" class='wp-image-36179 avia-img-lazy-loading-not-36179 avia_image ' src=\"https:\/\/www.bau-styl.hu\/epitoanyag\/wp-content\/uploads\/2023\/02\/Bramac-Tegalit-Star-Alapcserep-ezustmetal-495x400.jpg\" alt='' title='Bramac Tegalit Star Alapcser\u00e9p ez\u00fcstmet\u00e1l'  height=\"400\" width=\"495\"  itemprop=\"thumbnailUrl\" srcset=\"https:\/\/www.bau-styl.hu\/epitoanyag\/wp-content\/uploads\/2023\/02\/Bramac-Tegalit-Star-Alapcserep-ezustmetal-495x400.jpg 495w, https:\/\/www.bau-styl.hu\/epitoanyag\/wp-content\/uploads\/2023\/02\/Bramac-Tegalit-Star-Alapcserep-ezustmetal-845x684.jpg 845w\" sizes=\"(max-width: 495px) 100vw, 495px\" \/><\/a><\/div><\/div><\/div><br \/>\n<br \/>\n\n<style type=\"text\/css\" data-created_by=\"avia_inline_auto\" id=\"style-css-av-macqkapo-37b1dbc4df5acacd4a0a388eca6a204a\">\n#top .av-special-heading.av-macqkapo-37b1dbc4df5acacd4a0a388eca6a204a{\npadding-bottom:10px;\n}\nbody .av-special-heading.av-macqkapo-37b1dbc4df5acacd4a0a388eca6a204a .av-special-heading-tag .heading-char{\nfont-size:25px;\n}\n.av-special-heading.av-macqkapo-37b1dbc4df5acacd4a0a388eca6a204a .av-subheading{\nfont-size:15px;\n}\n<\/style>\n<div  class='av-special-heading av-macqkapo-37b1dbc4df5acacd4a0a388eca6a204a av-special-heading-h3 blockquote modern-quote modern-centered  avia-builder-el-7  el_after_av_image  el_before_av_textblock '><h3 class='av-special-heading-tag '  itemprop=\"headline\"  >\u00c9p\u00edt\u0151anyag \u00e9rt\u00e9kes\u00edt\u0151<\/h3><div class=\"special-heading-border\"><div class=\"special-heading-inner-border\"><\/div><\/div><\/div><br \/>\n<section  class='av_textblock_section av-macqkwuv-070009e2b92f30d8bcac315e8a14a645 '   itemscope=\"itemscope\" itemtype=\"https:\/\/schema.org\/CreativeWork\" ><div class='avia_textblock'  itemprop=\"text\" ><p style=\"text-align: center;\"><a href=\"https:\/\/www.bau-styl.hu\/epitoanyag\/epitoanyag-ertekesito\/\">Tov\u00e1bbi inform\u00e1ci\u00f3<\/a><\/p>\n<\/div><\/section><\/p><\/div>\n<style type=\"text\/css\" data-created_by=\"avia_inline_auto\" id=\"style-css-av-18ef4bz-1e9fdb3d721dc2d3937987dc8f8bc0c5\">\n.flex_column.av-18ef4bz-1e9fdb3d721dc2d3937987dc8f8bc0c5{\nborder-radius:0px 0px 0px 0px;\n}\n<\/style>\n<div  class='flex_column av-18ef4bz-1e9fdb3d721dc2d3937987dc8f8bc0c5 av_one_fourth  avia-builder-el-9  el_after_av_one_fourth  el_before_av_one_fourth  flex_column_div  '     ><p>\n<style type=\"text\/css\" data-created_by=\"avia_inline_auto\" id=\"style-css-av-mn8o9p0f-8ecb0d6781d9d08977daad101f3b9492\">\n.avia-image-container.av-mn8o9p0f-8ecb0d6781d9d08977daad101f3b9492 img.avia_image{\nbox-shadow:none;\n}\n.avia-image-container.av-mn8o9p0f-8ecb0d6781d9d08977daad101f3b9492 .av-image-caption-overlay-center{\ncolor:#ffffff;\n}\n<\/style>\n<div  class='avia-image-container av-mn8o9p0f-8ecb0d6781d9d08977daad101f3b9492 av-styling- av-img-linked avia-align-center  avia-builder-el-10  el_before_av_image  avia-builder-el-first '   itemprop=\"image\" itemscope=\"itemscope\" itemtype=\"https:\/\/schema.org\/ImageObject\" ><div class=\"avia-image-container-inner\"><div class=\"avia-image-overlay-wrap\"><a href=\"https:\/\/www.bau-styl.hu\/epitoanyag\/targoncas-arukiado\/\" class='avia_image '  aria-label='targonc\u00e1s (1)'><img decoding=\"async\" fetchpriority=\"high\" class='wp-image-32707 avia-img-lazy-loading-not-32707 avia_image ' src=\"https:\/\/www.bau-styl.hu\/epitoanyag\/wp-content\/uploads\/2021\/06\/targoncas-1-495x400.jpg\" alt='' title='targonc\u00e1s (1)'  height=\"400\" width=\"495\"  itemprop=\"thumbnailUrl\" srcset=\"https:\/\/www.bau-styl.hu\/epitoanyag\/wp-content\/uploads\/2021\/06\/targoncas-1-495x400.jpg 495w, https:\/\/www.bau-styl.hu\/epitoanyag\/wp-content\/uploads\/2021\/06\/targoncas-1-845x684.jpg 845w\" sizes=\"(max-width: 495px) 100vw, 495px\" \/><\/a><\/div><\/div><\/div><br \/>\n<br \/>\n\n<style type=\"text\/css\" data-created_by=\"avia_inline_auto\" id=\"style-css-av-mn8oaju7-aa2c9e86d683288056f9d8cbeb4bc371\">\n#top .av-special-heading.av-mn8oaju7-aa2c9e86d683288056f9d8cbeb4bc371{\npadding-bottom:10px;\n}\nbody .av-special-heading.av-mn8oaju7-aa2c9e86d683288056f9d8cbeb4bc371 .av-special-heading-tag .heading-char{\nfont-size:25px;\n}\n.av-special-heading.av-mn8oaju7-aa2c9e86d683288056f9d8cbeb4bc371 .av-subheading{\nfont-size:15px;\n}\n<\/style>\n<div  class='av-special-heading av-mn8oaju7-aa2c9e86d683288056f9d8cbeb4bc371 av-special-heading-h3 blockquote modern-quote modern-centered  avia-builder-el-12  el_after_av_image  el_before_av_textblock '><h3 class='av-special-heading-tag '  itemprop=\"headline\"  >Targonc\u00e1s \u00e1rukiad\u00f3<\/h3><div class=\"special-heading-border\"><div class=\"special-heading-inner-border\"><\/div><\/div><\/div><br \/>\n<section  class='av_textblock_section av-mn8oasc8-dbfb83cc7c540ba951713a7f569ae72d '   itemscope=\"itemscope\" itemtype=\"https:\/\/schema.org\/CreativeWork\" ><div class='avia_textblock'  itemprop=\"text\" ><p style=\"text-align: center;\"><a href=\"https:\/\/www.bau-styl.hu\/epitoanyag\/targoncas-arukiado\/\">Tov\u00e1bbi inform\u00e1ci\u00f3<\/a><\/p>\n<\/div><\/section><\/p><\/div><div  class='flex_column av-pwdhvz-e4beadfb86c5923a03c43012120525bb av_one_fourth  avia-builder-el-14  el_after_av_one_fourth  avia-builder-el-last  flex_column_div  '     ><\/div><\/div><\/div><\/div><!-- close content main div --><\/div><\/div><div id='after_section_2'  class='main_color av_default_container_wrap container_wrap sidebar_left'  ><div class='container av-section-cont-open' ><div class='template-page content  av-content-small units'><div class='post-entry post-entry-type-page post-entry-31823'><div class='entry-content-wrapper clearfix'>\n","protected":false},"excerpt":{"rendered":"","protected":false},"author":245,"featured_media":0,"parent":0,"menu_order":0,"comment_status":"closed","ping_status":"closed","template":"","meta":{"footnotes":""},"class_list":["post-31823","page","type-page","status-publish","hentry"],"aioseo_notices":[],"_links":{"self":[{"href":"https:\/\/www.bau-styl.hu\/epitoanyag\/wp-json\/wp\/v2\/pages\/31823","targetHints":{"allow":["GET"]}}],"collection":[{"href":"https:\/\/www.bau-styl.hu\/epitoanyag\/wp-json\/wp\/v2\/pages"}],"about":[{"href":"https:\/\/www.bau-styl.hu\/epitoanyag\/wp-json\/wp\/v2\/types\/page"}],"author":[{"embeddable":true,"href":"https:\/\/www.bau-styl.hu\/epitoanyag\/wp-json\/wp\/v2\/users\/245"}],"replies":[{"embeddable":true,"href":"https:\/\/www.bau-styl.hu\/epitoanyag\/wp-json\/wp\/v2\/comments?post=31823"}],"version-history":[{"count":3,"href":"https:\/\/www.bau-styl.hu\/epitoanyag\/wp-json\/wp\/v2\/pages\/31823\/revisions"}],"predecessor-version":[{"id":47676,"href":"https:\/\/www.bau-styl.hu\/epitoanyag\/wp-json\/wp\/v2\/pages\/31823\/revisions\/47676"}],"wp:attachment":[{"href":"https:\/\/www.bau-styl.hu\/epitoanyag\/wp-json\/wp\/v2\/media?parent=31823"}],"curies":[{"name":"wp","href":"https:\/\/api.w.org\/{rel}","templated":true}]}}