{"id":505,"date":"2015-03-02T13:12:22","date_gmt":"2015-03-02T13:12:22","guid":{"rendered":"http:\/\/wp\/enfold-shop\/?page_id=18"},"modified":"2021-10-03T08:47:18","modified_gmt":"2021-10-03T06:47:18","slug":"hirek-es-tippek","status":"publish","type":"page","link":"https:\/\/www.bau-styl.hu\/epitoanyag\/hirek-es-tippek\/","title":{"rendered":"H\u00edrek \u00e9s tippek"},"content":{"rendered":"\n<style type=\"text\/css\" data-created_by=\"avia_inline_auto\" id=\"style-css-av-uff36-36438311ecbd0481aefc07eb3f0c975d\">\n.avia-section.av-uff36-36438311ecbd0481aefc07eb3f0c975d .av-parallax .av-parallax-inner{\nbackground-repeat:no-repeat;\nbackground-image:url(https:\/\/www.bau-styl.hu\/epitoanyag\/wp-content\/uploads\/2019\/03\/AdobeStock_165510017-e1596518065644.jpeg);\nbackground-position:50% 100%;\nbackground-attachment:scroll;\n}\n.avia-section.av-uff36-36438311ecbd0481aefc07eb3f0c975d .av-section-color-overlay{\nopacity:0.7;\nbackground-color:#23418e;\n}\n<\/style>\n<div id='av_section_1'  class='avia-section av-uff36-36438311ecbd0481aefc07eb3f0c975d main_color avia-section-huge avia-no-border-styling  avia-builder-el-0  el_before_av_one_full  avia-builder-el-first  avia-full-stretch av-parallax-section avia-bg-style-parallax av-section-color-overlay-active av-minimum-height av-minimum-height-25 av-height-25  container_wrap sidebar_left'  data-section-bg-repeat='stretch' data-av_minimum_height_pc='25' data-av_min_height_opt='25'><div class='av-parallax' data-avia-parallax-ratio='0.3' ><div class='av-parallax-inner main_color avia-full-stretch'><\/div><\/div><div class=\"av-section-color-overlay-wrap\"><div class=\"av-section-color-overlay\"><\/div><div class='container av-section-cont-open' ><main  role=\"main\" itemprop=\"mainContentOfPage\"  class='template-page content  av-content-small units'><div class='post-entry post-entry-type-page post-entry-505'><div class='entry-content-wrapper clearfix'>\n\n<style type=\"text\/css\" data-created_by=\"avia_inline_auto\" id=\"style-css-av-kaw7qlaw-4dc8b0688fad495698e0d163f4e54de6\">\n#top .av-special-heading.av-kaw7qlaw-4dc8b0688fad495698e0d163f4e54de6{\npadding-bottom:10px;\ncolor:#ffffff;\n}\nbody .av-special-heading.av-kaw7qlaw-4dc8b0688fad495698e0d163f4e54de6 .av-special-heading-tag .heading-char{\nfont-size:25px;\n}\n.av-special-heading.av-kaw7qlaw-4dc8b0688fad495698e0d163f4e54de6 .special-heading-inner-border{\nborder-color:#ffffff;\n}\n.av-special-heading.av-kaw7qlaw-4dc8b0688fad495698e0d163f4e54de6 .av-subheading{\nfont-size:15px;\n}\n<\/style>\n<div  class='av-special-heading av-kaw7qlaw-4dc8b0688fad495698e0d163f4e54de6 av-special-heading-h1 custom-color-heading blockquote modern-quote modern-centered  avia-builder-el-1  avia-builder-el-no-sibling  av-linked-heading'><h1 class='av-special-heading-tag '  itemprop=\"headline\"  >H\u00edrek, tippek<\/h1><div class=\"special-heading-border\"><div class=\"special-heading-inner-border\"><\/div><\/div><\/div>\n<\/div><\/div><\/main><!-- close content main element --><\/div><\/div><\/div><div id='after_section_1'  class='main_color av_default_container_wrap container_wrap sidebar_left'  ><div class='container av-section-cont-open' ><div class='template-page content  av-content-small units'><div class='post-entry post-entry-type-page post-entry-505'><div class='entry-content-wrapper clearfix'>\n\n<style type=\"text\/css\" data-created_by=\"avia_inline_auto\" id=\"style-css-av-7qosp-c60fca4cfb6e83972153d9e77be9e4e0\">\n.flex_column.av-7qosp-c60fca4cfb6e83972153d9e77be9e4e0{\nborder-radius:0px 0px 0px 0px;\npadding:0px 0px 0px 0px;\n}\n<\/style>\n<div  class='flex_column av-7qosp-c60fca4cfb6e83972153d9e77be9e4e0 av_one_full  avia-builder-el-2  el_after_av_section  avia-builder-el-no-sibling  first flex_column_div av-zero-column-padding  '     ><div  data-slideshow-options=\"{&quot;animation&quot;:&quot;fade&quot;,&quot;autoplay&quot;:false,&quot;loop_autoplay&quot;:&quot;once&quot;,&quot;interval&quot;:5,&quot;loop_manual&quot;:&quot;manual-endless&quot;,&quot;autoplay_stopper&quot;:false,&quot;noNavigation&quot;:false,&quot;show_slide_delay&quot;:90}\" class='avia-content-slider avia-content-grid-active avia-content-slider1 avia-content-slider-even  avia-builder-el-3  avia-builder-el-no-sibling  av-slideshow-ui av-control-default   av-no-slider-navigation av-slideshow-manual av-loop-once av-loop-manual-endless '  itemscope=\"itemscope\" itemtype=\"https:\/\/schema.org\/Blog\" ><div class=\"avia-content-slider-inner\"><div class=\"slide-entry-wrap\"><article class='slide-entry flex_column  post-entry post-entry-35859 slide-entry-overview slide-loop-1 slide-parity-odd  av_one_half first real-thumbnail posttype-post post-format-standard'  itemscope=\"itemscope\" itemtype=\"https:\/\/schema.org\/CreativeWork\" ><a href='https:\/\/www.bau-styl.hu\/epitoanyag\/tippek-a-teto-elettartamanak-meghosszabbitasahoz\/' data-rel='slide-1' class='slide-image' title='Tippek a tet\u0151 \u00e9lettartam\u00e1nak meghosszabb\u00edt\u00e1s\u00e1hoz'><img decoding=\"async\" fetchpriority=\"high\" width=\"495\" height=\"400\" src=\"https:\/\/www.bau-styl.hu\/epitoanyag\/wp-content\/uploads\/2023\/03\/tetocserep-6-495x400.jpg\" class=\"wp-image-35854 avia-img-lazy-loading-not-35854 attachment-portfolio size-portfolio wp-post-image\" alt=\"\" srcset=\"https:\/\/www.bau-styl.hu\/epitoanyag\/wp-content\/uploads\/2023\/03\/tetocserep-6-495x400.jpg 495w, https:\/\/www.bau-styl.hu\/epitoanyag\/wp-content\/uploads\/2023\/03\/tetocserep-6-845x684.jpg 845w\" sizes=\"(max-width: 495px) 100vw, 495px\" \/><\/a><div class=\"slide-content\"><header class=\"entry-content-header\" aria-label=\"Slide: Tippek a tet\u0151 \u00e9lettartam\u00e1nak meghosszabb\u00edt\u00e1s\u00e1hoz\"><h3 class='slide-entry-title entry-title '  itemprop=\"headline\" ><a href='https:\/\/www.bau-styl.hu\/epitoanyag\/tippek-a-teto-elettartamanak-meghosszabbitasahoz\/' title='Tippek a tet\u0151 \u00e9lettartam\u00e1nak meghosszabb\u00edt\u00e1s\u00e1hoz'>Tippek a tet\u0151 \u00e9lettartam\u00e1nak meghosszabb\u00edt\u00e1s\u00e1hoz<\/a><\/h3><span class=\"av-vertical-delimiter\"><\/span><\/header><\/div><footer class=\"entry-footer\"><\/footer><span class='hidden'>\n\t\t\t\t<span class='av-structured-data'  itemprop=\"image\" itemscope=\"itemscope\" itemtype=\"https:\/\/schema.org\/ImageObject\" >\n\t\t\t\t\t\t<span itemprop='url'>https:\/\/www.bau-styl.hu\/epitoanyag\/wp-content\/uploads\/2023\/03\/tetocserep-6.jpg<\/span>\n\t\t\t\t\t\t<span itemprop='height'>720<\/span>\n\t\t\t\t\t\t<span itemprop='width'>1280<\/span>\n\t\t\t\t<\/span>\n\t\t\t\t<span class='av-structured-data'  itemprop=\"publisher\" itemtype=\"https:\/\/schema.org\/Organization\" itemscope=\"itemscope\" >\n\t\t\t\t\t\t<span itemprop='name'>Bau-Styl<\/span>\n\t\t\t\t\t\t<span itemprop='logo' itemscope itemtype='https:\/\/schema.org\/ImageObject'>\n\t\t\t\t\t\t\t<span itemprop='url'>https:\/\/www.bau-styl.hu\/epitoanyag\/wp-content\/uploads\/2022\/08\/bau-styl-logo-1.png<\/span>\n\t\t\t\t\t\t<\/span>\n\t\t\t\t<\/span><span class='av-structured-data'  itemprop=\"author\" itemscope=\"itemscope\" itemtype=\"https:\/\/schema.org\/Person\" ><span itemprop='name'>Bau-Styl<\/span><\/span><span class='av-structured-data'  itemprop=\"datePublished\" datetime=\"2015-03-02T13:12:22+02:00\" >2023-03-01 12:00:32<\/span><span class='av-structured-data'  itemprop=\"dateModified\" itemtype=\"https:\/\/schema.org\/dateModified\" >2023-03-07 11:58:31<\/span><span class='av-structured-data'  itemprop=\"mainEntityOfPage\" itemtype=\"https:\/\/schema.org\/mainEntityOfPage\" ><span itemprop='name'>Tippek a tet\u0151 \u00e9lettartam\u00e1nak meghosszabb\u00edt\u00e1s\u00e1hoz<\/span><\/span><\/span><\/article><article class='slide-entry flex_column  post-entry post-entry-35847 slide-entry-overview slide-loop-2 slide-parity-even  av_one_half  real-thumbnail posttype-post post-format-standard'  itemscope=\"itemscope\" itemtype=\"https:\/\/schema.org\/CreativeWork\" ><a href='https:\/\/www.bau-styl.hu\/epitoanyag\/7-szempont-a-tetocserep-vasarlasahoz\/' data-rel='slide-1' class='slide-image' title='7 szempont a tet\u0151cser\u00e9p v\u00e1s\u00e1rl\u00e1s\u00e1hoz'><img decoding=\"async\" fetchpriority=\"high\" width=\"495\" height=\"400\" src=\"https:\/\/www.bau-styl.hu\/epitoanyag\/wp-content\/uploads\/2023\/03\/tetocserep-4-495x400.jpg\" class=\"wp-image-35848 avia-img-lazy-loading-not-35848 attachment-portfolio size-portfolio wp-post-image\" alt=\"\" srcset=\"https:\/\/www.bau-styl.hu\/epitoanyag\/wp-content\/uploads\/2023\/03\/tetocserep-4-495x400.jpg 495w, https:\/\/www.bau-styl.hu\/epitoanyag\/wp-content\/uploads\/2023\/03\/tetocserep-4-845x684.jpg 845w\" sizes=\"(max-width: 495px) 100vw, 495px\" \/><\/a><div class=\"slide-content\"><header class=\"entry-content-header\" aria-label=\"Slide: 7 szempont a tet\u0151cser\u00e9p v\u00e1s\u00e1rl\u00e1s\u00e1hoz\"><h3 class='slide-entry-title entry-title '  itemprop=\"headline\" ><a href='https:\/\/www.bau-styl.hu\/epitoanyag\/7-szempont-a-tetocserep-vasarlasahoz\/' title='7 szempont a tet\u0151cser\u00e9p v\u00e1s\u00e1rl\u00e1s\u00e1hoz'>7 szempont a tet\u0151cser\u00e9p v\u00e1s\u00e1rl\u00e1s\u00e1hoz<\/a><\/h3><span class=\"av-vertical-delimiter\"><\/span><\/header><\/div><footer class=\"entry-footer\"><\/footer><span class='hidden'>\n\t\t\t\t<span class='av-structured-data'  itemprop=\"image\" itemscope=\"itemscope\" itemtype=\"https:\/\/schema.org\/ImageObject\" >\n\t\t\t\t\t\t<span itemprop='url'>https:\/\/www.bau-styl.hu\/epitoanyag\/wp-content\/uploads\/2023\/03\/tetocserep-4.jpg<\/span>\n\t\t\t\t\t\t<span itemprop='height'>720<\/span>\n\t\t\t\t\t\t<span itemprop='width'>1280<\/span>\n\t\t\t\t<\/span>\n\t\t\t\t<span class='av-structured-data'  itemprop=\"publisher\" itemtype=\"https:\/\/schema.org\/Organization\" itemscope=\"itemscope\" >\n\t\t\t\t\t\t<span itemprop='name'>Bau-Styl<\/span>\n\t\t\t\t\t\t<span itemprop='logo' itemscope itemtype='https:\/\/schema.org\/ImageObject'>\n\t\t\t\t\t\t\t<span itemprop='url'>https:\/\/www.bau-styl.hu\/epitoanyag\/wp-content\/uploads\/2022\/08\/bau-styl-logo-1.png<\/span>\n\t\t\t\t\t\t<\/span>\n\t\t\t\t<\/span><span class='av-structured-data'  itemprop=\"author\" itemscope=\"itemscope\" itemtype=\"https:\/\/schema.org\/Person\" ><span itemprop='name'>Bau-Styl<\/span><\/span><span class='av-structured-data'  itemprop=\"datePublished\" datetime=\"2015-03-02T13:12:22+02:00\" >2023-03-01 10:21:23<\/span><span class='av-structured-data'  itemprop=\"dateModified\" itemtype=\"https:\/\/schema.org\/dateModified\" >2023-03-13 22:01:19<\/span><span class='av-structured-data'  itemprop=\"mainEntityOfPage\" itemtype=\"https:\/\/schema.org\/mainEntityOfPage\" ><span itemprop='name'>7 szempont a tet\u0151cser\u00e9p v\u00e1s\u00e1rl\u00e1s\u00e1hoz<\/span><\/span><\/span><\/article><\/div><div class=\"slide-entry-wrap\"><article class='slide-entry flex_column  post-entry post-entry-35347 slide-entry-overview slide-loop-3 slide-parity-odd  av_one_half first real-thumbnail posttype-post post-format-standard'  itemscope=\"itemscope\" itemtype=\"https:\/\/schema.org\/CreativeWork\" ><a href='https:\/\/www.bau-styl.hu\/epitoanyag\/mi-is-a-hungarocell-zold-program-egyik-okopontja-vagyunk\/' data-rel='slide-1' class='slide-image' title='Mi is a Hungarocell Z\u00f6ld Program egyik \u00f6kopontja vagyunk'><img decoding=\"async\" fetchpriority=\"high\" width=\"495\" height=\"400\" src=\"https:\/\/www.bau-styl.hu\/epitoanyag\/wp-content\/uploads\/2022\/11\/zold-pont-495x400.jpg\" class=\"wp-image-35348 avia-img-lazy-loading-not-35348 attachment-portfolio size-portfolio wp-post-image\" alt=\"\" srcset=\"https:\/\/www.bau-styl.hu\/epitoanyag\/wp-content\/uploads\/2022\/11\/zold-pont-495x400.jpg 495w, https:\/\/www.bau-styl.hu\/epitoanyag\/wp-content\/uploads\/2022\/11\/zold-pont-845x684.jpg 845w\" sizes=\"(max-width: 495px) 100vw, 495px\" \/><\/a><div class=\"slide-content\"><header class=\"entry-content-header\" aria-label=\"Slide: Mi is a Hungarocell Z\u00f6ld Program egyik \u00f6kopontja vagyunk\"><h3 class='slide-entry-title entry-title '  itemprop=\"headline\" ><a href='https:\/\/www.bau-styl.hu\/epitoanyag\/mi-is-a-hungarocell-zold-program-egyik-okopontja-vagyunk\/' title='Mi is a Hungarocell Z\u00f6ld Program egyik \u00f6kopontja vagyunk'>Mi is a Hungarocell Z\u00f6ld Program egyik \u00f6kopontja vagyunk<\/a><\/h3><span class=\"av-vertical-delimiter\"><\/span><\/header><\/div><footer class=\"entry-footer\"><\/footer><span class='hidden'>\n\t\t\t\t<span class='av-structured-data'  itemprop=\"image\" itemscope=\"itemscope\" itemtype=\"https:\/\/schema.org\/ImageObject\" >\n\t\t\t\t\t\t<span itemprop='url'>https:\/\/www.bau-styl.hu\/epitoanyag\/wp-content\/uploads\/2022\/11\/zold-pont.jpg<\/span>\n\t\t\t\t\t\t<span itemprop='height'>750<\/span>\n\t\t\t\t\t\t<span itemprop='width'>1200<\/span>\n\t\t\t\t<\/span>\n\t\t\t\t<span class='av-structured-data'  itemprop=\"publisher\" itemtype=\"https:\/\/schema.org\/Organization\" itemscope=\"itemscope\" >\n\t\t\t\t\t\t<span itemprop='name'>Bau-Styl<\/span>\n\t\t\t\t\t\t<span itemprop='logo' itemscope itemtype='https:\/\/schema.org\/ImageObject'>\n\t\t\t\t\t\t\t<span itemprop='url'>https:\/\/www.bau-styl.hu\/epitoanyag\/wp-content\/uploads\/2022\/08\/bau-styl-logo-1.png<\/span>\n\t\t\t\t\t\t<\/span>\n\t\t\t\t<\/span><span class='av-structured-data'  itemprop=\"author\" itemscope=\"itemscope\" itemtype=\"https:\/\/schema.org\/Person\" ><span itemprop='name'>Bau-Styl<\/span><\/span><span class='av-structured-data'  itemprop=\"datePublished\" datetime=\"2015-03-02T13:12:22+02:00\" >2022-11-13 13:58:44<\/span><span class='av-structured-data'  itemprop=\"dateModified\" itemtype=\"https:\/\/schema.org\/dateModified\" >2022-11-13 14:02:17<\/span><span class='av-structured-data'  itemprop=\"mainEntityOfPage\" itemtype=\"https:\/\/schema.org\/mainEntityOfPage\" ><span itemprop='name'>Mi is a Hungarocell Z\u00f6ld Program egyik \u00f6kopontja vagyunk<\/span><\/span><\/span><\/article><article class='slide-entry flex_column  post-entry post-entry-35181 slide-entry-overview slide-loop-4 slide-parity-even  av_one_half  real-thumbnail posttype-post post-format-standard'  itemscope=\"itemscope\" itemtype=\"https:\/\/schema.org\/CreativeWork\" ><a href='https:\/\/www.bau-styl.hu\/epitoanyag\/3meg1-tevhit-a-szigetelesrol\/' data-rel='slide-1' class='slide-image' title='3+1 t\u00e9vhit a szigetel\u00e9sr\u0151l'><img decoding=\"async\" fetchpriority=\"high\" width=\"495\" height=\"400\" src=\"https:\/\/www.bau-styl.hu\/epitoanyag\/wp-content\/uploads\/2022\/10\/hoszigeteles-495x400.jpg\" class=\"wp-image-35092 avia-img-lazy-loading-not-35092 attachment-portfolio size-portfolio wp-post-image\" alt=\"\" srcset=\"https:\/\/www.bau-styl.hu\/epitoanyag\/wp-content\/uploads\/2022\/10\/hoszigeteles-495x400.jpg 495w, https:\/\/www.bau-styl.hu\/epitoanyag\/wp-content\/uploads\/2022\/10\/hoszigeteles-845x684.jpg 845w\" sizes=\"(max-width: 495px) 100vw, 495px\" \/><\/a><div class=\"slide-content\"><header class=\"entry-content-header\" aria-label=\"Slide: 3+1 t\u00e9vhit a szigetel\u00e9sr\u0151l\"><h3 class='slide-entry-title entry-title '  itemprop=\"headline\" ><a href='https:\/\/www.bau-styl.hu\/epitoanyag\/3meg1-tevhit-a-szigetelesrol\/' title='3+1 t\u00e9vhit a szigetel\u00e9sr\u0151l'>3+1 t\u00e9vhit a szigetel\u00e9sr\u0151l<\/a><\/h3><span class=\"av-vertical-delimiter\"><\/span><\/header><\/div><footer class=\"entry-footer\"><\/footer><span class='hidden'>\n\t\t\t\t<span class='av-structured-data'  itemprop=\"image\" itemscope=\"itemscope\" itemtype=\"https:\/\/schema.org\/ImageObject\" >\n\t\t\t\t\t\t<span itemprop='url'>https:\/\/www.bau-styl.hu\/epitoanyag\/wp-content\/uploads\/2022\/10\/hoszigeteles.jpg<\/span>\n\t\t\t\t\t\t<span itemprop='height'>775<\/span>\n\t\t\t\t\t\t<span itemprop='width'>1920<\/span>\n\t\t\t\t<\/span>\n\t\t\t\t<span class='av-structured-data'  itemprop=\"publisher\" itemtype=\"https:\/\/schema.org\/Organization\" itemscope=\"itemscope\" >\n\t\t\t\t\t\t<span itemprop='name'>Bau-Styl<\/span>\n\t\t\t\t\t\t<span itemprop='logo' itemscope itemtype='https:\/\/schema.org\/ImageObject'>\n\t\t\t\t\t\t\t<span itemprop='url'>https:\/\/www.bau-styl.hu\/epitoanyag\/wp-content\/uploads\/2022\/08\/bau-styl-logo-1.png<\/span>\n\t\t\t\t\t\t<\/span>\n\t\t\t\t<\/span><span class='av-structured-data'  itemprop=\"author\" itemscope=\"itemscope\" itemtype=\"https:\/\/schema.org\/Person\" ><span itemprop='name'>Bau-Styl<\/span><\/span><span class='av-structured-data'  itemprop=\"datePublished\" datetime=\"2015-03-02T13:12:22+02:00\" >2022-10-12 17:28:52<\/span><span class='av-structured-data'  itemprop=\"dateModified\" itemtype=\"https:\/\/schema.org\/dateModified\" >2022-10-12 18:36:16<\/span><span class='av-structured-data'  itemprop=\"mainEntityOfPage\" itemtype=\"https:\/\/schema.org\/mainEntityOfPage\" ><span itemprop='name'>3+1 t\u00e9vhit a szigetel\u00e9sr\u0151l<\/span><\/span><\/span><\/article><\/div><div class=\"slide-entry-wrap\"><article class='slide-entry flex_column  post-entry post-entry-35159 slide-entry-overview slide-loop-5 slide-parity-odd  av_one_half first real-thumbnail posttype-post post-format-standard'  itemscope=\"itemscope\" itemtype=\"https:\/\/schema.org\/CreativeWork\" ><a href='https:\/\/www.bau-styl.hu\/epitoanyag\/egy-jol-megvalasztott-hoszigetelo-rendszerrel-penzt-takarithatsz-meg\/' data-rel='slide-1' class='slide-image' title='Egy j\u00f3l megv\u00e1lasztott h\u0151szigetel\u0151 rendszerrel p\u00e9nzt takar\u00edthatsz meg'><img decoding=\"async\" fetchpriority=\"high\" width=\"495\" height=\"400\" src=\"https:\/\/www.bau-styl.hu\/epitoanyag\/wp-content\/uploads\/2022\/10\/Rezsicsokkentes-hoszigetelessel-495x400.jpg\" class=\"wp-image-35163 avia-img-lazy-loading-not-35163 attachment-portfolio size-portfolio wp-post-image\" alt=\"\" srcset=\"https:\/\/www.bau-styl.hu\/epitoanyag\/wp-content\/uploads\/2022\/10\/Rezsicsokkentes-hoszigetelessel-495x400.jpg 495w, https:\/\/www.bau-styl.hu\/epitoanyag\/wp-content\/uploads\/2022\/10\/Rezsicsokkentes-hoszigetelessel-845x684.jpg 845w\" sizes=\"(max-width: 495px) 100vw, 495px\" \/><\/a><div class=\"slide-content\"><header class=\"entry-content-header\" aria-label=\"Slide: Egy j\u00f3l megv\u00e1lasztott h\u0151szigetel\u0151 rendszerrel p\u00e9nzt takar\u00edthatsz meg\"><h3 class='slide-entry-title entry-title '  itemprop=\"headline\" ><a href='https:\/\/www.bau-styl.hu\/epitoanyag\/egy-jol-megvalasztott-hoszigetelo-rendszerrel-penzt-takarithatsz-meg\/' title='Egy j\u00f3l megv\u00e1lasztott h\u0151szigetel\u0151 rendszerrel p\u00e9nzt takar\u00edthatsz meg'>Egy j\u00f3l megv\u00e1lasztott h\u0151szigetel\u0151 rendszerrel p\u00e9nzt takar\u00edthatsz meg<\/a><\/h3><span class=\"av-vertical-delimiter\"><\/span><\/header><\/div><footer class=\"entry-footer\"><\/footer><span class='hidden'>\n\t\t\t\t<span class='av-structured-data'  itemprop=\"image\" itemscope=\"itemscope\" itemtype=\"https:\/\/schema.org\/ImageObject\" >\n\t\t\t\t\t\t<span itemprop='url'>https:\/\/www.bau-styl.hu\/epitoanyag\/wp-content\/uploads\/2022\/10\/Rezsicsokkentes-hoszigetelessel.jpg<\/span>\n\t\t\t\t\t\t<span itemprop='height'>848<\/span>\n\t\t\t\t\t\t<span itemprop='width'>1042<\/span>\n\t\t\t\t<\/span>\n\t\t\t\t<span class='av-structured-data'  itemprop=\"publisher\" itemtype=\"https:\/\/schema.org\/Organization\" itemscope=\"itemscope\" >\n\t\t\t\t\t\t<span itemprop='name'>Bau-Styl<\/span>\n\t\t\t\t\t\t<span itemprop='logo' itemscope itemtype='https:\/\/schema.org\/ImageObject'>\n\t\t\t\t\t\t\t<span itemprop='url'>https:\/\/www.bau-styl.hu\/epitoanyag\/wp-content\/uploads\/2022\/08\/bau-styl-logo-1.png<\/span>\n\t\t\t\t\t\t<\/span>\n\t\t\t\t<\/span><span class='av-structured-data'  itemprop=\"author\" itemscope=\"itemscope\" itemtype=\"https:\/\/schema.org\/Person\" ><span itemprop='name'>Bau-Styl<\/span><\/span><span class='av-structured-data'  itemprop=\"datePublished\" datetime=\"2015-03-02T13:12:22+02:00\" >2022-10-07 17:21:13<\/span><span class='av-structured-data'  itemprop=\"dateModified\" itemtype=\"https:\/\/schema.org\/dateModified\" >2022-10-12 18:31:34<\/span><span class='av-structured-data'  itemprop=\"mainEntityOfPage\" itemtype=\"https:\/\/schema.org\/mainEntityOfPage\" ><span itemprop='name'>Egy j\u00f3l megv\u00e1lasztott h\u0151szigetel\u0151 rendszerrel p\u00e9nzt takar\u00edthatsz meg<\/span><\/span><\/span><\/article><article class='slide-entry flex_column  post-entry post-entry-34736 slide-entry-overview slide-loop-6 slide-parity-even  post-entry-last  av_one_half  real-thumbnail posttype-post post-format-standard'  itemscope=\"itemscope\" itemtype=\"https:\/\/schema.org\/CreativeWork\" ><a href='https:\/\/www.bau-styl.hu\/epitoanyag\/a-bau-styl-haziko-uj-otthonra-talalt\/' data-rel='slide-1' class='slide-image' title='A Bau-Styl H\u00e1zik\u00f3 \u00faj otthonra tal\u00e1lt'><img decoding=\"async\" fetchpriority=\"high\" width=\"495\" height=\"400\" src=\"https:\/\/www.bau-styl.hu\/epitoanyag\/wp-content\/uploads\/2022\/08\/Bau-Styl-Haziko-1-495x400.jpg\" class=\"wp-image-34887 avia-img-lazy-loading-not-34887 attachment-portfolio size-portfolio wp-post-image\" alt=\"\" srcset=\"https:\/\/www.bau-styl.hu\/epitoanyag\/wp-content\/uploads\/2022\/08\/Bau-Styl-Haziko-1-495x400.jpg 495w, https:\/\/www.bau-styl.hu\/epitoanyag\/wp-content\/uploads\/2022\/08\/Bau-Styl-Haziko-1-845x684.jpg 845w\" sizes=\"(max-width: 495px) 100vw, 495px\" \/><\/a><div class=\"slide-content\"><header class=\"entry-content-header\" aria-label=\"Slide: A Bau-Styl H\u00e1zik\u00f3 \u00faj otthonra tal\u00e1lt\"><h3 class='slide-entry-title entry-title '  itemprop=\"headline\" ><a href='https:\/\/www.bau-styl.hu\/epitoanyag\/a-bau-styl-haziko-uj-otthonra-talalt\/' title='A Bau-Styl H\u00e1zik\u00f3 \u00faj otthonra tal\u00e1lt'>A Bau-Styl H\u00e1zik\u00f3 \u00faj otthonra tal\u00e1lt<\/a><\/h3><span class=\"av-vertical-delimiter\"><\/span><\/header><\/div><footer class=\"entry-footer\"><\/footer><span class='hidden'>\n\t\t\t\t<span class='av-structured-data'  itemprop=\"image\" itemscope=\"itemscope\" itemtype=\"https:\/\/schema.org\/ImageObject\" >\n\t\t\t\t\t\t<span itemprop='url'>https:\/\/www.bau-styl.hu\/epitoanyag\/wp-content\/uploads\/2022\/08\/Bau-Styl-Haziko-1.jpg<\/span>\n\t\t\t\t\t\t<span itemprop='height'>900<\/span>\n\t\t\t\t\t\t<span itemprop='width'>1200<\/span>\n\t\t\t\t<\/span>\n\t\t\t\t<span class='av-structured-data'  itemprop=\"publisher\" itemtype=\"https:\/\/schema.org\/Organization\" itemscope=\"itemscope\" >\n\t\t\t\t\t\t<span itemprop='name'>Bau-Styl<\/span>\n\t\t\t\t\t\t<span itemprop='logo' itemscope itemtype='https:\/\/schema.org\/ImageObject'>\n\t\t\t\t\t\t\t<span itemprop='url'>https:\/\/www.bau-styl.hu\/epitoanyag\/wp-content\/uploads\/2022\/08\/bau-styl-logo-1.png<\/span>\n\t\t\t\t\t\t<\/span>\n\t\t\t\t<\/span><span class='av-structured-data'  itemprop=\"author\" itemscope=\"itemscope\" itemtype=\"https:\/\/schema.org\/Person\" ><span itemprop='name'>Bau-Styl<\/span><\/span><span class='av-structured-data'  itemprop=\"datePublished\" datetime=\"2015-03-02T13:12:22+02:00\" >2022-08-24 18:54:22<\/span><span class='av-structured-data'  itemprop=\"dateModified\" itemtype=\"https:\/\/schema.org\/dateModified\" >2022-08-25 17:34:01<\/span><span class='av-structured-data'  itemprop=\"mainEntityOfPage\" itemtype=\"https:\/\/schema.org\/mainEntityOfPage\" ><span itemprop='name'>A Bau-Styl H\u00e1zik\u00f3 \u00faj otthonra tal\u00e1lt<\/span><\/span><\/span><\/article><\/div><\/div><div class='pagination-wrap pagination-slider'><nav class='pagination'><span class='pagination-meta'>Oldal 1 \/ 5<\/span><span class='current'>1<\/span><a href='https:\/\/www.bau-styl.hu\/epitoanyag\/wp-json\/wp\/v2\/pages\/505\/?avia-element-paging=2' class='inactive next_page' >2<\/a><a href='https:\/\/www.bau-styl.hu\/epitoanyag\/wp-json\/wp\/v2\/pages\/505\/?avia-element-paging=3' class='inactive' >3<\/a><a href='https:\/\/www.bau-styl.hu\/epitoanyag\/wp-json\/wp\/v2\/pages\/505\/?avia-element-paging=4' class='inactive' >4<\/a><a href='https:\/\/www.bau-styl.hu\/epitoanyag\/wp-json\/wp\/v2\/pages\/505\/?avia-element-paging=5' class='inactive' >5<\/a><\/nav>\n<\/div><\/div><\/div>\n","protected":false},"excerpt":{"rendered":"","protected":false},"author":245,"featured_media":0,"parent":0,"menu_order":0,"comment_status":"open","ping_status":"open","template":"","meta":{"footnotes":""},"class_list":["post-505","page","type-page","status-publish","hentry"],"aioseo_notices":[],"_links":{"self":[{"href":"https:\/\/www.bau-styl.hu\/epitoanyag\/wp-json\/wp\/v2\/pages\/505","targetHints":{"allow":["GET"]}}],"collection":[{"href":"https:\/\/www.bau-styl.hu\/epitoanyag\/wp-json\/wp\/v2\/pages"}],"about":[{"href":"https:\/\/www.bau-styl.hu\/epitoanyag\/wp-json\/wp\/v2\/types\/page"}],"author":[{"embeddable":true,"href":"https:\/\/www.bau-styl.hu\/epitoanyag\/wp-json\/wp\/v2\/users\/245"}],"replies":[{"embeddable":true,"href":"https:\/\/www.bau-styl.hu\/epitoanyag\/wp-json\/wp\/v2\/comments?post=505"}],"version-history":[{"count":0,"href":"https:\/\/www.bau-styl.hu\/epitoanyag\/wp-json\/wp\/v2\/pages\/505\/revisions"}],"wp:attachment":[{"href":"https:\/\/www.bau-styl.hu\/epitoanyag\/wp-json\/wp\/v2\/media?parent=505"}],"curies":[{"name":"wp","href":"https:\/\/api.w.org\/{rel}","templated":true}]}}