{"id":12328,"date":"2019-11-25T08:45:27","date_gmt":"2019-11-25T06:45:27","guid":{"rendered":"https:\/\/www.bau-styl.hu\/epitoanyag\/termek\/baumit-duocontact-eps-ragaszto-es-agyazo-habarcs-25-kg\/"},"modified":"2026-04-22T20:43:30","modified_gmt":"2026-04-22T18:43:30","slug":"baumit-duocontact-eps-ragaszto-es-agyazo-habarcs-25-kg","status":"publish","type":"product","link":"https:\/\/www.bau-styl.hu\/epitoanyag\/termek\/baumit-duocontact-eps-ragaszto-es-agyazo-habarcs-25-kg\/","title":{"rendered":"Baumit DuoContact EPS ragaszt\u00f3 \u00e9s \u00e1gyaz\u00f3 habarcs 25 kg"},"content":{"rendered":"","protected":false},"excerpt":{"rendered":"","protected":false},"featured_media":19079,"template":"","meta":[],"product_brand":[11263],"product_cat":[301,6642,2831,4062],"product_tag":[],"class_list":{"0":"post-12328","1":"product","2":"type-product","3":"status-publish","4":"has-post-thumbnail","6":"product_brand-baumit","7":"product_cat-ho-es-hangszigeteles","8":"product_cat-ragasztohabarcs","9":"product_cat-zsakos-termek","10":"product_cat-ragasztohabarcs-zsakos-aru-por-termek","12":"first","13":"instock","14":"taxable","15":"shipping-taxable","16":"purchasable","17":"product-type-simple"},"aioseo_notices":[],"_links":{"self":[{"href":"https:\/\/www.bau-styl.hu\/epitoanyag\/wp-json\/wp\/v2\/product\/12328","targetHints":{"allow":["GET"]}}],"collection":[{"href":"https:\/\/www.bau-styl.hu\/epitoanyag\/wp-json\/wp\/v2\/product"}],"about":[{"href":"https:\/\/www.bau-styl.hu\/epitoanyag\/wp-json\/wp\/v2\/types\/product"}],"wp:featuredmedia":[{"embeddable":true,"href":"https:\/\/www.bau-styl.hu\/epitoanyag\/wp-json\/wp\/v2\/media\/19079"}],"wp:attachment":[{"href":"https:\/\/www.bau-styl.hu\/epitoanyag\/wp-json\/wp\/v2\/media?parent=12328"}],"wp:term":[{"taxonomy":"product_brand","embeddable":true,"href":"https:\/\/www.bau-styl.hu\/epitoanyag\/wp-json\/wp\/v2\/product_brand?post=12328"},{"taxonomy":"product_cat","embeddable":true,"href":"https:\/\/www.bau-styl.hu\/epitoanyag\/wp-json\/wp\/v2\/product_cat?post=12328"},{"taxonomy":"product_tag","embeddable":true,"href":"https:\/\/www.bau-styl.hu\/epitoanyag\/wp-json\/wp\/v2\/product_tag?post=12328"}],"curies":[{"name":"wp","href":"https:\/\/api.w.org\/{rel}","templated":true}]}}