{"id":16896,"date":"2024-02-14T10:31:28","date_gmt":"2024-02-14T08:31:28","guid":{"rendered":"https:\/\/www.bau-styl.hu\/epitoanyag\/?post_type=product&#038;p=16896"},"modified":"2026-04-20T12:14:44","modified_gmt":"2026-04-20T10:14:44","slug":"stalco-hallasvedo-fulvedo-l-en-352-1-sarga-s-44215","status":"publish","type":"product","link":"https:\/\/www.bau-styl.hu\/epitoanyag\/termek\/stalco-hallasvedo-fulvedo-l-en-352-1-sarga-s-44215\/","title":{"rendered":"Stalco HALL\u00c1SV\u00c9D\u0150, F\u00dcLV\u00c9D\u0150 L, EN 352-1, S\u00c1RGA, S-44215"},"content":{"rendered":"","protected":false},"excerpt":{"rendered":"","protected":false},"featured_media":39358,"template":"","meta":[],"product_brand":[11307],"product_cat":[11235,261],"product_tag":[],"class_list":{"0":"post-16896","1":"product","2":"type-product","3":"status-publish","4":"has-post-thumbnail","6":"product_brand-stalco","7":"product_cat-munkavedelmi-vedoeszkozok","8":"product_cat-barkacs-szerszam-es-munkavedelem","10":"first","11":"instock","12":"taxable","13":"shipping-taxable","14":"purchasable","15":"product-type-simple"},"aioseo_notices":[],"_links":{"self":[{"href":"https:\/\/www.bau-styl.hu\/epitoanyag\/wp-json\/wp\/v2\/product\/16896","targetHints":{"allow":["GET"]}}],"collection":[{"href":"https:\/\/www.bau-styl.hu\/epitoanyag\/wp-json\/wp\/v2\/product"}],"about":[{"href":"https:\/\/www.bau-styl.hu\/epitoanyag\/wp-json\/wp\/v2\/types\/product"}],"wp:featuredmedia":[{"embeddable":true,"href":"https:\/\/www.bau-styl.hu\/epitoanyag\/wp-json\/wp\/v2\/media\/39358"}],"wp:attachment":[{"href":"https:\/\/www.bau-styl.hu\/epitoanyag\/wp-json\/wp\/v2\/media?parent=16896"}],"wp:term":[{"taxonomy":"product_brand","embeddable":true,"href":"https:\/\/www.bau-styl.hu\/epitoanyag\/wp-json\/wp\/v2\/product_brand?post=16896"},{"taxonomy":"product_cat","embeddable":true,"href":"https:\/\/www.bau-styl.hu\/epitoanyag\/wp-json\/wp\/v2\/product_cat?post=16896"},{"taxonomy":"product_tag","embeddable":true,"href":"https:\/\/www.bau-styl.hu\/epitoanyag\/wp-json\/wp\/v2\/product_tag?post=16896"}],"curies":[{"name":"wp","href":"https:\/\/api.w.org\/{rel}","templated":true}]}}