{"id":16970,"date":"2024-02-14T10:31:55","date_gmt":"2024-02-14T08:31:55","guid":{"rendered":"https:\/\/www.bau-styl.hu\/epitoanyag\/?post_type=product&#038;p=16970"},"modified":"2026-04-20T12:14:47","modified_gmt":"2026-04-20T10:14:47","slug":"stalco-kulteri-vakoloszalag-uv-es-vizallo-48mm-x-20m-s-38463","status":"publish","type":"product","link":"https:\/\/www.bau-styl.hu\/epitoanyag\/termek\/stalco-kulteri-vakoloszalag-uv-es-vizallo-48mm-x-20m-s-38463\/","title":{"rendered":"Stalco K\u00fclt\u00e9ri vakol\u00f3szalag, UV- \u00e9s v\u00edz\u00e1ll\u00f3, 48mm x 20m, S-38463"},"content":{"rendered":"","protected":false},"excerpt":{"rendered":"","protected":false},"featured_media":39401,"template":"","meta":[],"product_brand":[11307],"product_cat":[11231,261],"product_tag":[],"class_list":{"0":"post-16970","1":"product","2":"type-product","3":"status-publish","4":"has-post-thumbnail","6":"product_brand-stalco","7":"product_cat-glettvas-es-kanalak","8":"product_cat-barkacs-szerszam-es-munkavedelem","10":"first","11":"instock","12":"taxable","13":"shipping-taxable","14":"purchasable","15":"product-type-simple"},"aioseo_notices":[],"_links":{"self":[{"href":"https:\/\/www.bau-styl.hu\/epitoanyag\/wp-json\/wp\/v2\/product\/16970","targetHints":{"allow":["GET"]}}],"collection":[{"href":"https:\/\/www.bau-styl.hu\/epitoanyag\/wp-json\/wp\/v2\/product"}],"about":[{"href":"https:\/\/www.bau-styl.hu\/epitoanyag\/wp-json\/wp\/v2\/types\/product"}],"wp:featuredmedia":[{"embeddable":true,"href":"https:\/\/www.bau-styl.hu\/epitoanyag\/wp-json\/wp\/v2\/media\/39401"}],"wp:attachment":[{"href":"https:\/\/www.bau-styl.hu\/epitoanyag\/wp-json\/wp\/v2\/media?parent=16970"}],"wp:term":[{"taxonomy":"product_brand","embeddable":true,"href":"https:\/\/www.bau-styl.hu\/epitoanyag\/wp-json\/wp\/v2\/product_brand?post=16970"},{"taxonomy":"product_cat","embeddable":true,"href":"https:\/\/www.bau-styl.hu\/epitoanyag\/wp-json\/wp\/v2\/product_cat?post=16970"},{"taxonomy":"product_tag","embeddable":true,"href":"https:\/\/www.bau-styl.hu\/epitoanyag\/wp-json\/wp\/v2\/product_tag?post=16970"}],"curies":[{"name":"wp","href":"https:\/\/api.w.org\/{rel}","templated":true}]}}