{"id":17080,"date":"2024-02-14T10:32:18","date_gmt":"2024-02-14T08:32:18","guid":{"rendered":"https:\/\/www.bau-styl.hu\/epitoanyag\/?post_type=product&#038;p=17080"},"modified":"2024-02-14T13:09:17","modified_gmt":"2024-02-14T11:09:17","slug":"stalco-maszkolo-szalag-kulterizold-vizallo-uv-allo-pe-48mmx50-m-perfect-s-76660","status":"publish","type":"product","link":"https:\/\/www.bau-styl.hu\/epitoanyag\/termek\/stalco-maszkolo-szalag-kulterizold-vizallo-uv-allo-pe-48mmx50-m-perfect-s-76660\/","title":{"rendered":"Stalco Maszkol\u00f3 szalag k\u00fclt\u00e9ri,z\u00f6ld, viz\u00e1ll\u00f3, UV \u00e1ll\u00f3, PE 48mmx50 m, PERFECT S-76660"},"content":{"rendered":"","protected":false},"excerpt":{"rendered":"","protected":false},"featured_media":39464,"template":"","meta":[],"product_brand":[],"product_cat":[261],"product_tag":[8837],"class_list":{"0":"post-17080","1":"product","2":"type-product","3":"status-publish","4":"has-post-thumbnail","6":"product_cat-barkacs-szerszam-es-munkavedelem","7":"product_tag-stalco","9":"first","10":"instock","11":"taxable","12":"shipping-taxable","13":"purchasable","14":"product-type-simple"},"aioseo_notices":[],"_links":{"self":[{"href":"https:\/\/www.bau-styl.hu\/epitoanyag\/wp-json\/wp\/v2\/product\/17080","targetHints":{"allow":["GET"]}}],"collection":[{"href":"https:\/\/www.bau-styl.hu\/epitoanyag\/wp-json\/wp\/v2\/product"}],"about":[{"href":"https:\/\/www.bau-styl.hu\/epitoanyag\/wp-json\/wp\/v2\/types\/product"}],"wp:featuredmedia":[{"embeddable":true,"href":"https:\/\/www.bau-styl.hu\/epitoanyag\/wp-json\/wp\/v2\/media\/39464"}],"wp:attachment":[{"href":"https:\/\/www.bau-styl.hu\/epitoanyag\/wp-json\/wp\/v2\/media?parent=17080"}],"wp:term":[{"taxonomy":"product_brand","embeddable":true,"href":"https:\/\/www.bau-styl.hu\/epitoanyag\/wp-json\/wp\/v2\/product_brand?post=17080"},{"taxonomy":"product_cat","embeddable":true,"href":"https:\/\/www.bau-styl.hu\/epitoanyag\/wp-json\/wp\/v2\/product_cat?post=17080"},{"taxonomy":"product_tag","embeddable":true,"href":"https:\/\/www.bau-styl.hu\/epitoanyag\/wp-json\/wp\/v2\/product_tag?post=17080"}],"curies":[{"name":"wp","href":"https:\/\/api.w.org\/{rel}","templated":true}]}}