{"id":17195,"date":"2024-02-14T10:33:00","date_gmt":"2024-02-14T08:33:00","guid":{"rendered":"https:\/\/www.bau-styl.hu\/epitoanyag\/?post_type=product&#038;p=17195"},"modified":"2024-02-14T13:09:43","modified_gmt":"2024-02-14T11:09:43","slug":"stalco-munkavedelmi-cipo-01-src-betet-nelkul-meret41-light-premium-s-48025","status":"publish","type":"product","link":"https:\/\/www.bau-styl.hu\/epitoanyag\/termek\/stalco-munkavedelmi-cipo-01-src-betet-nelkul-meret41-light-premium-s-48025\/","title":{"rendered":"Stalco Munkav\u00e9delmi cip\u0151, 01 SRC, bet\u00e9t n\u00e9lk\u00fcl, m\u00e9ret:41, LIGHT, PREMIUM S-48025"},"content":{"rendered":"","protected":false},"excerpt":{"rendered":"","protected":false},"featured_media":39522,"template":"","meta":[],"product_brand":[],"product_cat":[261],"product_tag":[8837],"class_list":{"0":"post-17195","1":"product","2":"type-product","3":"status-publish","4":"has-post-thumbnail","6":"product_cat-barkacs-szerszam-es-munkavedelem","7":"product_tag-stalco","9":"first","10":"instock","11":"taxable","12":"shipping-taxable","13":"purchasable","14":"product-type-simple"},"aioseo_notices":[],"_links":{"self":[{"href":"https:\/\/www.bau-styl.hu\/epitoanyag\/wp-json\/wp\/v2\/product\/17195","targetHints":{"allow":["GET"]}}],"collection":[{"href":"https:\/\/www.bau-styl.hu\/epitoanyag\/wp-json\/wp\/v2\/product"}],"about":[{"href":"https:\/\/www.bau-styl.hu\/epitoanyag\/wp-json\/wp\/v2\/types\/product"}],"wp:featuredmedia":[{"embeddable":true,"href":"https:\/\/www.bau-styl.hu\/epitoanyag\/wp-json\/wp\/v2\/media\/39522"}],"wp:attachment":[{"href":"https:\/\/www.bau-styl.hu\/epitoanyag\/wp-json\/wp\/v2\/media?parent=17195"}],"wp:term":[{"taxonomy":"product_brand","embeddable":true,"href":"https:\/\/www.bau-styl.hu\/epitoanyag\/wp-json\/wp\/v2\/product_brand?post=17195"},{"taxonomy":"product_cat","embeddable":true,"href":"https:\/\/www.bau-styl.hu\/epitoanyag\/wp-json\/wp\/v2\/product_cat?post=17195"},{"taxonomy":"product_tag","embeddable":true,"href":"https:\/\/www.bau-styl.hu\/epitoanyag\/wp-json\/wp\/v2\/product_tag?post=17195"}],"curies":[{"name":"wp","href":"https:\/\/api.w.org\/{rel}","templated":true}]}}