{"id":17620,"date":"2024-02-14T10:35:49","date_gmt":"2024-02-14T08:35:49","guid":{"rendered":"https:\/\/www.bau-styl.hu\/epitoanyag\/?post_type=product&#038;p=17620"},"modified":"2024-02-14T13:11:15","modified_gmt":"2024-02-14T11:11:15","slug":"stalco-teli-munkavedelmi-bakancs-s3-src-belelt-fekete-41-syberian-premium-s-44311","status":"publish","type":"product","link":"https:\/\/www.bau-styl.hu\/epitoanyag\/termek\/stalco-teli-munkavedelmi-bakancs-s3-src-belelt-fekete-41-syberian-premium-s-44311\/","title":{"rendered":"Stalco T\u00e9li munkav\u00e9delmi bakancs, S3 SRC, b\u00e9lelt, fekete, 41, SYBERIAN, PREMIUM S-44311"},"content":{"rendered":"","protected":false},"excerpt":{"rendered":"","protected":false},"featured_media":39787,"template":"","meta":[],"product_brand":[],"product_cat":[261],"product_tag":[8837],"class_list":{"0":"post-17620","1":"product","2":"type-product","3":"status-publish","4":"has-post-thumbnail","6":"product_cat-barkacs-szerszam-es-munkavedelem","7":"product_tag-stalco","9":"first","10":"instock","11":"taxable","12":"shipping-taxable","13":"purchasable","14":"product-type-simple"},"aioseo_notices":[],"_links":{"self":[{"href":"https:\/\/www.bau-styl.hu\/epitoanyag\/wp-json\/wp\/v2\/product\/17620","targetHints":{"allow":["GET"]}}],"collection":[{"href":"https:\/\/www.bau-styl.hu\/epitoanyag\/wp-json\/wp\/v2\/product"}],"about":[{"href":"https:\/\/www.bau-styl.hu\/epitoanyag\/wp-json\/wp\/v2\/types\/product"}],"wp:featuredmedia":[{"embeddable":true,"href":"https:\/\/www.bau-styl.hu\/epitoanyag\/wp-json\/wp\/v2\/media\/39787"}],"wp:attachment":[{"href":"https:\/\/www.bau-styl.hu\/epitoanyag\/wp-json\/wp\/v2\/media?parent=17620"}],"wp:term":[{"taxonomy":"product_brand","embeddable":true,"href":"https:\/\/www.bau-styl.hu\/epitoanyag\/wp-json\/wp\/v2\/product_brand?post=17620"},{"taxonomy":"product_cat","embeddable":true,"href":"https:\/\/www.bau-styl.hu\/epitoanyag\/wp-json\/wp\/v2\/product_cat?post=17620"},{"taxonomy":"product_tag","embeddable":true,"href":"https:\/\/www.bau-styl.hu\/epitoanyag\/wp-json\/wp\/v2\/product_tag?post=17620"}],"curies":[{"name":"wp","href":"https:\/\/api.w.org\/{rel}","templated":true}]}}