{"id":17764,"date":"2024-02-14T10:36:56","date_gmt":"2024-02-14T08:36:56","guid":{"rendered":"https:\/\/www.bau-styl.hu\/epitoanyag\/?post_type=product&#038;p=17764"},"modified":"2026-04-20T12:15:20","modified_gmt":"2026-04-20T10:15:20","slug":"stalco-vedoszemuveg-sotetitett-grebe-smoke-premium-s-44209","status":"publish","type":"product","link":"https:\/\/www.bau-styl.hu\/epitoanyag\/termek\/stalco-vedoszemuveg-sotetitett-grebe-smoke-premium-s-44209\/","title":{"rendered":"Stalco V\u00e9d\u0151szem\u00fcveg, s\u00f6t\u00e9t\u00edtett, GREBE SMOKE, PREMIUM S-44209"},"content":{"rendered":"","protected":false},"excerpt":{"rendered":"","protected":false},"featured_media":39864,"template":"","meta":[],"product_brand":[11307],"product_cat":[11235,261],"product_tag":[],"class_list":{"0":"post-17764","1":"product","2":"type-product","3":"status-publish","4":"has-post-thumbnail","6":"product_brand-stalco","7":"product_cat-munkavedelmi-vedoeszkozok","8":"product_cat-barkacs-szerszam-es-munkavedelem","10":"first","11":"instock","12":"taxable","13":"shipping-taxable","14":"purchasable","15":"product-type-simple"},"aioseo_notices":[],"_links":{"self":[{"href":"https:\/\/www.bau-styl.hu\/epitoanyag\/wp-json\/wp\/v2\/product\/17764","targetHints":{"allow":["GET"]}}],"collection":[{"href":"https:\/\/www.bau-styl.hu\/epitoanyag\/wp-json\/wp\/v2\/product"}],"about":[{"href":"https:\/\/www.bau-styl.hu\/epitoanyag\/wp-json\/wp\/v2\/types\/product"}],"wp:featuredmedia":[{"embeddable":true,"href":"https:\/\/www.bau-styl.hu\/epitoanyag\/wp-json\/wp\/v2\/media\/39864"}],"wp:attachment":[{"href":"https:\/\/www.bau-styl.hu\/epitoanyag\/wp-json\/wp\/v2\/media?parent=17764"}],"wp:term":[{"taxonomy":"product_brand","embeddable":true,"href":"https:\/\/www.bau-styl.hu\/epitoanyag\/wp-json\/wp\/v2\/product_brand?post=17764"},{"taxonomy":"product_cat","embeddable":true,"href":"https:\/\/www.bau-styl.hu\/epitoanyag\/wp-json\/wp\/v2\/product_cat?post=17764"},{"taxonomy":"product_tag","embeddable":true,"href":"https:\/\/www.bau-styl.hu\/epitoanyag\/wp-json\/wp\/v2\/product_tag?post=17764"}],"curies":[{"name":"wp","href":"https:\/\/api.w.org\/{rel}","templated":true}]}}