{"id":26998,"date":"2020-08-07T07:20:40","date_gmt":"2020-08-07T05:20:40","guid":{"rendered":"https:\/\/www.bau-styl.hu\/epitoanyag\/?post_type=product&#038;p=26998"},"modified":"2026-04-20T12:15:46","modified_gmt":"2026-04-20T10:15:46","slug":"sw-hernadko-kombi-terko-6-cm-diohej","status":"publish","type":"product","link":"https:\/\/www.bau-styl.hu\/epitoanyag\/termek\/sw-hernadko-kombi-terko-6-cm-diohej\/","title":{"rendered":"SW Hern\u00e1dk\u0151 kombi t\u00e9rk\u0151 6 cm di\u00f3h\u00e9j"},"content":{"rendered":"<p><strong>Aj\u00e1nlhatunk hozz\u00e1 m\u00e1st is?<\/strong><\/p>\n<p><span style=\"text-decoration: underline;\"><a href=\"https:\/\/www.bau-styl.hu\/epitoanyag\/termek\/lb-knauf-kvarchomok-0-06-mm-40-kg\/\">Cemix Kvarchomok 0-0,6 mm 40 kg<\/a><\/span><br \/>\n<span style=\"text-decoration: underline;\"><a href=\"https:\/\/www.bau-styl.hu\/epitoanyag\/termek\/murva-0-20\/\">Murva 0-20Murva 0-20 \/ tonna<\/a><\/span><br \/>\n<span style=\"text-decoration: underline;\"><a href=\"https:\/\/www.bau-styl.hu\/epitoanyag\/termek\/murva-12-20\/\">Murva 12-20<\/a><\/span><br \/>\n<span style=\"text-decoration: underline;\"><a href=\"https:\/\/www.bau-styl.hu\/epitoanyag\/termek\/homok-0-4\/\">Homok 0-4 \/ tonna<\/a><\/span><\/p>\n","protected":false},"excerpt":{"rendered":"<p>Az SW t\u00e9rk\u00f6vek katal\u00f3gusa <a href=\"https:\/\/www.bau-styl.hu\/epitoanyag\/wp-content\/uploads\/2026\/01\/sw_terkokatalogus.pdf\" target=\"_blank\" rel=\"noopener\"><span style=\"text-decoration: underline;\">innen<\/span><\/a> let\u00f6lthet\u0151.<br \/>\nAz SW t\u00e9rk\u00f6vek technikai \u00fatmutat\u00f3ja <a href=\"https:\/\/www.bau-styl.hu\/epitoanyag\/wp-content\/uploads\/2024\/12\/swterko_alkalmazastechnikai_utmutato_2024.pdf\" target=\"_blank\" rel=\"noopener\"><span style=\"text-decoration: underline;\">innen<\/span><\/a> let\u00f6lthet\u0151.<br \/>\nAz SW t\u00e9rk\u00f6vek inspir\u00e1ci\u00f3s katal\u00f3gusa <a href=\"https:\/\/www.bau-styl.hu\/epitoanyag\/wp-content\/uploads\/2024\/12\/swterko_inspiracios.pdf\" target=\"_blank\" rel=\"noopener\"><span style=\"text-decoration: underline;\">innen<\/span><\/a> let\u00f6lthet\u0151.<\/p>\n","protected":false},"featured_media":42259,"template":"","meta":[],"product_brand":[11309],"product_cat":[168,175],"product_tag":[],"class_list":{"0":"post-26998","1":"product","2":"type-product","3":"status-publish","4":"has-post-thumbnail","6":"product_brand-sw","7":"product_cat-kertepites-es-terburkolat","8":"product_cat-terkovek","10":"first","11":"instock","12":"taxable","13":"shipping-taxable","14":"purchasable","15":"product-type-simple"},"aioseo_notices":[],"_links":{"self":[{"href":"https:\/\/www.bau-styl.hu\/epitoanyag\/wp-json\/wp\/v2\/product\/26998","targetHints":{"allow":["GET"]}}],"collection":[{"href":"https:\/\/www.bau-styl.hu\/epitoanyag\/wp-json\/wp\/v2\/product"}],"about":[{"href":"https:\/\/www.bau-styl.hu\/epitoanyag\/wp-json\/wp\/v2\/types\/product"}],"wp:featuredmedia":[{"embeddable":true,"href":"https:\/\/www.bau-styl.hu\/epitoanyag\/wp-json\/wp\/v2\/media\/42259"}],"wp:attachment":[{"href":"https:\/\/www.bau-styl.hu\/epitoanyag\/wp-json\/wp\/v2\/media?parent=26998"}],"wp:term":[{"taxonomy":"product_brand","embeddable":true,"href":"https:\/\/www.bau-styl.hu\/epitoanyag\/wp-json\/wp\/v2\/product_brand?post=26998"},{"taxonomy":"product_cat","embeddable":true,"href":"https:\/\/www.bau-styl.hu\/epitoanyag\/wp-json\/wp\/v2\/product_cat?post=26998"},{"taxonomy":"product_tag","embeddable":true,"href":"https:\/\/www.bau-styl.hu\/epitoanyag\/wp-json\/wp\/v2\/product_tag?post=26998"}],"curies":[{"name":"wp","href":"https:\/\/api.w.org\/{rel}","templated":true}]}}