{"id":27508,"date":"2024-02-13T13:43:46","date_gmt":"2024-02-13T11:43:46","guid":{"rendered":"https:\/\/www.bau-styl.hu\/epitoanyag\/?post_type=product&#038;p=27508"},"modified":"2026-04-20T18:46:09","modified_gmt":"2026-04-20T16:46:09","slug":"milesi-ral-7016-szinu-viaszos-vekonylazur-1-l","status":"publish","type":"product","link":"https:\/\/www.bau-styl.hu\/epitoanyag\/termek\/milesi-ral-7016-szinu-viaszos-vekonylazur-1-l\/","title":{"rendered":"Milesi RAL 7016 sz\u00edn\u0171 viaszos v\u00e9konylaz\u00far 1 L"},"content":{"rendered":"","protected":false},"excerpt":{"rendered":"","protected":false},"featured_media":39064,"template":"","meta":[],"product_brand":[11294],"product_cat":[11369,332],"product_tag":[],"class_list":{"0":"post-27508","1":"product","2":"type-product","3":"status-publish","4":"has-post-thumbnail","6":"product_brand-milesi","7":"product_cat-vekonylazurok","8":"product_cat-szinezes","10":"first","11":"instock","12":"taxable","13":"shipping-taxable","14":"purchasable","15":"product-type-simple"},"aioseo_notices":[],"_links":{"self":[{"href":"https:\/\/www.bau-styl.hu\/epitoanyag\/wp-json\/wp\/v2\/product\/27508","targetHints":{"allow":["GET"]}}],"collection":[{"href":"https:\/\/www.bau-styl.hu\/epitoanyag\/wp-json\/wp\/v2\/product"}],"about":[{"href":"https:\/\/www.bau-styl.hu\/epitoanyag\/wp-json\/wp\/v2\/types\/product"}],"wp:featuredmedia":[{"embeddable":true,"href":"https:\/\/www.bau-styl.hu\/epitoanyag\/wp-json\/wp\/v2\/media\/39064"}],"wp:attachment":[{"href":"https:\/\/www.bau-styl.hu\/epitoanyag\/wp-json\/wp\/v2\/media?parent=27508"}],"wp:term":[{"taxonomy":"product_brand","embeddable":true,"href":"https:\/\/www.bau-styl.hu\/epitoanyag\/wp-json\/wp\/v2\/product_brand?post=27508"},{"taxonomy":"product_cat","embeddable":true,"href":"https:\/\/www.bau-styl.hu\/epitoanyag\/wp-json\/wp\/v2\/product_cat?post=27508"},{"taxonomy":"product_tag","embeddable":true,"href":"https:\/\/www.bau-styl.hu\/epitoanyag\/wp-json\/wp\/v2\/product_tag?post=27508"}],"curies":[{"name":"wp","href":"https:\/\/api.w.org\/{rel}","templated":true}]}}