{"id":33917,"date":"2022-03-30T07:12:13","date_gmt":"2022-03-30T05:12:13","guid":{"rendered":"https:\/\/www.bau-styl.hu\/epitoanyag\/?post_type=product&#038;p=33917"},"modified":"2024-01-16T16:38:53","modified_gmt":"2024-01-16T14:38:53","slug":"g13sb4-sarokcsiszolo","status":"publish","type":"product","link":"https:\/\/www.bau-styl.hu\/epitoanyag\/termek\/g13sb4-sarokcsiszolo\/","title":{"rendered":"G13SB4 Sarokcsiszol\u00f3"},"content":{"rendered":"<table dir=\"ltr\" border=\"1\" cellspacing=\"0\" cellpadding=\"0\">\n<colgroup>\n<col width=\"144\" \/>\n<col width=\"60\" \/><\/colgroup>\n<tbody>\n<tr>\n<td data-sheets-value=\"{&quot;1&quot;:2,&quot;2&quot;:&quot;M\u0171szaki adatok&quot;}\">M\u0171szaki adatok<\/td>\n<td><\/td>\n<\/tr>\n<tr>\n<td data-sheets-value=\"{&quot;1&quot;:2,&quot;2&quot;:&quot;Csiszol\u00f3t\u00e1rcsa&quot;}\">Csiszol\u00f3t\u00e1rcsa<\/td>\n<td data-sheets-value=\"{&quot;1&quot;:2,&quot;2&quot;:&quot;125 mm&quot;}\">125 mm<\/td>\n<\/tr>\n<tr>\n<td data-sheets-value=\"{&quot;1&quot;:2,&quot;2&quot;:&quot;N\u00e9vleges teljes\u00edtm\u00e9nyfelv\u00e9tel&quot;}\">N\u00e9vleges teljes\u00edtm\u00e9nyfelv\u00e9tel<\/td>\n<td data-sheets-value=\"{&quot;1&quot;:2,&quot;2&quot;:&quot;1400 W&quot;}\">1400 W<\/td>\n<\/tr>\n<tr>\n<td data-sheets-value=\"{&quot;1&quot;:2,&quot;2&quot;:&quot;\u00dcresj\u00e1rati fordulatsz\u00e1m&quot;}\">\u00dcresj\u00e1rati fordulatsz\u00e1m<\/td>\n<td data-sheets-value=\"{&quot;1&quot;:2,&quot;2&quot;:&quot;11.000\/min&quot;}\">11.000\/min<\/td>\n<\/tr>\n<tr>\n<td data-sheets-value=\"{&quot;1&quot;:2,&quot;2&quot;:&quot;Csiszol\u00f3 tengely menet&quot;}\">Csiszol\u00f3 tengely menet<\/td>\n<td data-sheets-value=\"{&quot;1&quot;:2,&quot;2&quot;:&quot;M 14&quot;}\">M 14<\/td>\n<\/tr>\n<tr>\n<td data-sheets-value=\"{&quot;1&quot;:2,&quot;2&quot;:&quot;G\u00e9p t\u00f6mege&quot;}\">G\u00e9p t\u00f6mege<\/td>\n<td data-sheets-value=\"{&quot;1&quot;:2,&quot;2&quot;:&quot;2,6 kg&quot;}\">2,6 kg<\/td>\n<\/tr>\n<\/tbody>\n<\/table>\n<p>Tov\u00e1bbi jellemz\u0151k:<br \/>\nK\u00f6nny\u0171 \u00e9s r\u00f6vid g\u00e9p<br \/>\nKiv\u00e1l\u00f3 formatervez\u00e9s, porv\u00e9delem<br \/>\nMagas leadott teljes\u00edtm\u00e9ny<br \/>\nKeskeny g\u00e9ptest<br \/>\nTartoz\u00e9kok: k\u00f6rm\u00f6s kulcs, oldalfoganty\u00fa, vV\u00e9d\u0151burkolat<\/p>\n","protected":false},"excerpt":{"rendered":"<p>Nem szeretn\u00e9 megv\u00e1s\u00e1rolni csak b\u00e9relni? N\u00e9zze meg\u00a0<a href=\"https:\/\/www.bau-styl.hu\/berles\/kisgep-berles\/\" target=\"_blank\" rel=\"noopener\">b\u00e9relhet\u0151 g\u00e9peinket<\/a>\u00a0is!<\/p>\n","protected":false},"featured_media":33918,"template":"","meta":[],"product_brand":[],"product_cat":[8550],"product_tag":[],"class_list":{"0":"post-33917","1":"product","2":"type-product","3":"status-publish","4":"has-post-thumbnail","6":"product_cat-kisgepek","8":"first","9":"instock","10":"sale","11":"taxable","12":"shipping-taxable","13":"purchasable","14":"product-type-simple"},"aioseo_notices":[],"_links":{"self":[{"href":"https:\/\/www.bau-styl.hu\/epitoanyag\/wp-json\/wp\/v2\/product\/33917","targetHints":{"allow":["GET"]}}],"collection":[{"href":"https:\/\/www.bau-styl.hu\/epitoanyag\/wp-json\/wp\/v2\/product"}],"about":[{"href":"https:\/\/www.bau-styl.hu\/epitoanyag\/wp-json\/wp\/v2\/types\/product"}],"wp:featuredmedia":[{"embeddable":true,"href":"https:\/\/www.bau-styl.hu\/epitoanyag\/wp-json\/wp\/v2\/media\/33918"}],"wp:attachment":[{"href":"https:\/\/www.bau-styl.hu\/epitoanyag\/wp-json\/wp\/v2\/media?parent=33917"}],"wp:term":[{"taxonomy":"product_brand","embeddable":true,"href":"https:\/\/www.bau-styl.hu\/epitoanyag\/wp-json\/wp\/v2\/product_brand?post=33917"},{"taxonomy":"product_cat","embeddable":true,"href":"https:\/\/www.bau-styl.hu\/epitoanyag\/wp-json\/wp\/v2\/product_cat?post=33917"},{"taxonomy":"product_tag","embeddable":true,"href":"https:\/\/www.bau-styl.hu\/epitoanyag\/wp-json\/wp\/v2\/product_tag?post=33917"}],"curies":[{"name":"wp","href":"https:\/\/api.w.org\/{rel}","templated":true}]}}