{"id":33935,"date":"2022-03-30T07:44:49","date_gmt":"2022-03-30T05:44:49","guid":{"rendered":"https:\/\/www.bau-styl.hu\/epitoanyag\/?post_type=product&#038;p=33935"},"modified":"2024-01-16T16:37:17","modified_gmt":"2024-01-16T14:37:17","slug":"dv18dd-furo-utve-furo-csavarozo","status":"publish","type":"product","link":"https:\/\/www.bau-styl.hu\/epitoanyag\/termek\/dv18dd-furo-utve-furo-csavarozo\/","title":{"rendered":"DV18DD F\u00far\u00f3-\u00fctve f\u00far\u00f3 csavaroz\u00f3"},"content":{"rendered":"<table dir=\"ltr\" border=\"1\" cellspacing=\"0\" cellpadding=\"0\">\n<colgroup>\n<col width=\"144\" \/>\n<col width=\"60\" \/><\/colgroup>\n<tbody>\n<tr>\n<td data-sheets-value=\"{&quot;1&quot;:2,&quot;2&quot;:&quot;M\u0171szaki adatok&quot;}\">M\u0171szaki adatok<\/td>\n<td><\/td>\n<\/tr>\n<tr>\n<td data-sheets-value=\"{&quot;1&quot;:2,&quot;2&quot;:&quot;\u00dcresj\u00e1rati fordulatsz\u00e1m: magas&quot;}\">\u00dcresj\u00e1rati fordulatsz\u00e1m: magas<\/td>\n<td data-sheets-value=\"{&quot;1&quot;:2,&quot;2&quot;:&quot;0 - 1700\/min&quot;}\">0 &#8211; 1700\/min<\/td>\n<\/tr>\n<tr>\n<td data-sheets-value=\"{&quot;1&quot;:2,&quot;2&quot;:&quot;\u00dcresj\u00e1rati fordulatsz\u00e1m: alacsony&quot;}\">\u00dcresj\u00e1rati fordulatsz\u00e1m: alacsony<\/td>\n<td data-sheets-value=\"{&quot;1&quot;:2,&quot;2&quot;:&quot;0 - 400\/min&quot;}\">0 &#8211; 400\/min<\/td>\n<\/tr>\n<tr>\n<td data-sheets-value=\"{&quot;1&quot;:2,&quot;2&quot;:&quot;\u00dcresj\u00e1rati \u00fct\u00e9ssz\u00e1m: alacsny&quot;}\">\u00dcresj\u00e1rati \u00fct\u00e9ssz\u00e1m: alacsny<\/td>\n<td data-sheets-value=\"{&quot;1&quot;:2,&quot;2&quot;:&quot;6600\/min&quot;}\">6600\/min<\/td>\n<\/tr>\n<tr>\n<td data-sheets-value=\"{&quot;1&quot;:2,&quot;2&quot;:&quot;\u00dcresj\u00e1rati \u00fct\u00e9ssz\u00e1m: magas&quot;}\">\u00dcresj\u00e1rati \u00fct\u00e9ssz\u00e1m: magas<\/td>\n<td data-sheets-value=\"{&quot;1&quot;:2,&quot;2&quot;:&quot;25500\/min&quot;}\">25500\/min<\/td>\n<\/tr>\n<tr>\n<td data-sheets-value=\"{&quot;1&quot;:2,&quot;2&quot;:&quot;Nyomat\u00e9k \/ kem\u00e9ny&quot;}\">Nyomat\u00e9k \/ kem\u00e9ny<\/td>\n<td data-sheets-value=\"{&quot;1&quot;:2,&quot;2&quot;:&quot;55 Nm&quot;}\">55 Nm<\/td>\n<\/tr>\n<tr>\n<td data-sheets-value=\"{&quot;1&quot;:2,&quot;2&quot;:&quot;Nyomat\u00e9k \/ l\u00e1gy&quot;}\">Nyomat\u00e9k \/ l\u00e1gy<\/td>\n<td data-sheets-value=\"{&quot;1&quot;:2,&quot;2&quot;:&quot;26 Nm&quot;}\">26 Nm<\/td>\n<\/tr>\n<tr>\n<td data-sheets-value=\"{&quot;1&quot;:2,&quot;2&quot;:&quot;Tokm\u00e1nym\u00e9ret&quot;}\">Tokm\u00e1nym\u00e9ret<\/td>\n<td data-sheets-value=\"{&quot;1&quot;:2,&quot;2&quot;:&quot;13 mm&quot;}\">13 mm<\/td>\n<\/tr>\n<tr>\n<td data-sheets-value=\"{&quot;1&quot;:2,&quot;2&quot;:&quot;Hossz\u00fas\u00e1g (mm)&quot;}\">Hossz\u00fas\u00e1g (mm)<\/td>\n<td data-sheets-value=\"{&quot;1&quot;:2,&quot;2&quot;:&quot;170 mm&quot;}\">170 mm<\/td>\n<\/tr>\n<tr>\n<td data-sheets-value=\"{&quot;1&quot;:2,&quot;2&quot;:&quot;G\u00e9p t\u00f6mege&quot;}\">G\u00e9p t\u00f6mege<\/td>\n<td data-sheets-value=\"{&quot;1&quot;:2,&quot;2&quot;:&quot;1,3 kg&quot;}\">1,3 kg<\/td>\n<\/tr>\n<\/tbody>\n<\/table>\n<p>Kiemelt jellemz\u0151k:<br \/>\nKiv\u00e9telesen k\u00f6nny\u0171 \u00e9s kompakt g\u00e9p<br \/>\nGyors \u00e9s er\u0151teljes sz\u00e9nkefementes motor<\/p>\n","protected":false},"excerpt":{"rendered":"<p>Nem szeretn\u00e9 megv\u00e1s\u00e1rolni csak b\u00e9relni? N\u00e9zze meg\u00a0<a href=\"https:\/\/www.bau-styl.hu\/berles\/kisgep-berles\/\" target=\"_blank\" rel=\"noopener\">b\u00e9relhet\u0151 g\u00e9peinket<\/a>\u00a0is!<\/p>\n","protected":false},"featured_media":33936,"template":"","meta":[],"product_brand":[],"product_cat":[8550],"product_tag":[],"class_list":{"0":"post-33935","1":"product","2":"type-product","3":"status-publish","4":"has-post-thumbnail","6":"product_cat-kisgepek","8":"first","9":"instock","10":"sale","11":"taxable","12":"shipping-taxable","13":"purchasable","14":"product-type-simple"},"aioseo_notices":[],"_links":{"self":[{"href":"https:\/\/www.bau-styl.hu\/epitoanyag\/wp-json\/wp\/v2\/product\/33935","targetHints":{"allow":["GET"]}}],"collection":[{"href":"https:\/\/www.bau-styl.hu\/epitoanyag\/wp-json\/wp\/v2\/product"}],"about":[{"href":"https:\/\/www.bau-styl.hu\/epitoanyag\/wp-json\/wp\/v2\/types\/product"}],"wp:featuredmedia":[{"embeddable":true,"href":"https:\/\/www.bau-styl.hu\/epitoanyag\/wp-json\/wp\/v2\/media\/33936"}],"wp:attachment":[{"href":"https:\/\/www.bau-styl.hu\/epitoanyag\/wp-json\/wp\/v2\/media?parent=33935"}],"wp:term":[{"taxonomy":"product_brand","embeddable":true,"href":"https:\/\/www.bau-styl.hu\/epitoanyag\/wp-json\/wp\/v2\/product_brand?post=33935"},{"taxonomy":"product_cat","embeddable":true,"href":"https:\/\/www.bau-styl.hu\/epitoanyag\/wp-json\/wp\/v2\/product_cat?post=33935"},{"taxonomy":"product_tag","embeddable":true,"href":"https:\/\/www.bau-styl.hu\/epitoanyag\/wp-json\/wp\/v2\/product_tag?post=33935"}],"curies":[{"name":"wp","href":"https:\/\/api.w.org\/{rel}","templated":true}]}}