{"id":33975,"date":"2022-03-30T12:34:44","date_gmt":"2022-03-30T10:34:44","guid":{"rendered":"https:\/\/www.bau-styl.hu\/epitoanyag\/?post_type=product&#038;p=33975"},"modified":"2024-01-16T16:37:39","modified_gmt":"2024-01-16T14:37:39","slug":"ds18dd-furo-csavarozo","status":"publish","type":"product","link":"https:\/\/www.bau-styl.hu\/epitoanyag\/termek\/ds18dd-furo-csavarozo\/","title":{"rendered":"DS18DD F\u00far\u00f3-csavaroz\u00f3"},"content":{"rendered":"<table dir=\"ltr\" border=\"1\" cellspacing=\"0\" cellpadding=\"0\">\n<colgroup>\n<col width=\"144\" \/>\n<col width=\"60\" \/><\/colgroup>\n<tbody>\n<tr>\n<td data-sheets-value=\"{&quot;1&quot;:2,&quot;2&quot;:&quot;M\u0171szaki adatok&quot;}\">M\u0171szaki adatok<\/td>\n<td><\/td>\n<\/tr>\n<tr>\n<td data-sheets-value=\"{&quot;1&quot;:2,&quot;2&quot;:&quot;G\u00e9pcsavar&quot;}\">G\u00e9pcsavar<\/td>\n<td data-sheets-value=\"{&quot;1&quot;:2,&quot;2&quot;:&quot;6 mm&quot;}\">6 mm<\/td>\n<\/tr>\n<tr>\n<td data-sheets-value=\"{&quot;1&quot;:2,&quot;2&quot;:&quot;Facsavar m\u00e9rete&quot;}\">Facsavar m\u00e9rete<\/td>\n<td data-sheets-value=\"{&quot;1&quot;:2,&quot;2&quot;:&quot;6mm x 75mm&quot;}\">6mm x 75mm<\/td>\n<\/tr>\n<tr>\n<td data-sheets-value=\"{&quot;1&quot;:2,&quot;2&quot;:&quot;L\u00e1gyac\u00e9l (1,6mm vtg.)&quot;}\">L\u00e1gyac\u00e9l (1,6mm vtg.)<\/td>\n<td data-sheets-value=\"{&quot;1&quot;:2,&quot;2&quot;:&quot;13 mm&quot;}\">13 mm<\/td>\n<\/tr>\n<tr>\n<td data-sheets-value=\"{&quot;1&quot;:2,&quot;2&quot;:&quot;Fa (18mmvtg)&quot;}\">Fa (18mmvtg)<\/td>\n<td data-sheets-value=\"{&quot;1&quot;:2,&quot;2&quot;:&quot;36 mm&quot;}\">36 mm<\/td>\n<\/tr>\n<tr>\n<td data-sheets-value=\"{&quot;1&quot;:2,&quot;2&quot;:&quot;Kem\u00e9ny nyomat\u00e9k&quot;}\">Kem\u00e9ny nyomat\u00e9k<\/td>\n<td data-sheets-value=\"{&quot;1&quot;:2,&quot;2&quot;:&quot;55 Nm&quot;}\">55 Nm<\/td>\n<\/tr>\n<tr>\n<td data-sheets-value=\"{&quot;1&quot;:2,&quot;2&quot;:&quot;L\u00e1gy nyomat\u00e9k&quot;}\">L\u00e1gy nyomat\u00e9k<\/td>\n<td data-sheets-value=\"{&quot;1&quot;:2,&quot;2&quot;:&quot;26 Nm&quot;}\">26 Nm<\/td>\n<\/tr>\n<tr>\n<td data-sheets-value=\"{&quot;1&quot;:2,&quot;2&quot;:&quot;Tokm\u00e1ny&quot;}\">Tokm\u00e1ny<\/td>\n<td data-sheets-value=\"{&quot;1&quot;:2,&quot;2&quot;:&quot;2 -13 mm&quot;}\">2 -13 mm<\/td>\n<\/tr>\n<tr>\n<td data-sheets-value=\"{&quot;1&quot;:2,&quot;2&quot;:&quot;Akkufesz\u00fclts\u00e9g&quot;}\">Akkufesz\u00fclts\u00e9g<\/td>\n<td data-sheets-value=\"{&quot;1&quot;:2,&quot;2&quot;:&quot;18 V&quot;}\">18 V<\/td>\n<\/tr>\n<tr>\n<td data-sheets-value=\"{&quot;1&quot;:2,&quot;2&quot;:&quot;\u00dcresj\u00e1rati fordulatsz\u00e1m (magas)&quot;}\">\u00dcresj\u00e1rati fordulatsz\u00e1m (magas)<\/td>\n<td data-sheets-value=\"{&quot;1&quot;:2,&quot;2&quot;:&quot;0 - 1,700\/min&quot;}\">0 &#8211; 1,700\/min<\/td>\n<\/tr>\n<tr>\n<td data-sheets-value=\"{&quot;1&quot;:2,&quot;2&quot;:&quot;\u00dcresj\u00e1rati fordulatsz\u00e1m (alacsony)&quot;}\">\u00dcresj\u00e1rati fordulatsz\u00e1m (alacsony)<\/td>\n<td data-sheets-value=\"{&quot;1&quot;:2,&quot;2&quot;:&quot;0 - 440\/min&quot;}\">0 &#8211; 440\/min<\/td>\n<\/tr>\n<tr>\n<td data-sheets-value=\"{&quot;1&quot;:2,&quot;2&quot;:&quot;LED l\u00e1mpa&quot;}\">LED l\u00e1mpa<\/td>\n<td data-sheets-value=\"{&quot;1&quot;:2,&quot;2&quot;:&quot;van&quot;}\">van<\/td>\n<\/tr>\n<tr>\n<td data-sheets-value=\"{&quot;1&quot;:2,&quot;2&quot;:&quot;Teljes hossz&quot;}\">Teljes hossz<\/td>\n<td data-sheets-value=\"{&quot;1&quot;:2,&quot;2&quot;:&quot;157 mm&quot;}\">157 mm<\/td>\n<\/tr>\n<tr>\n<td data-sheets-value=\"{&quot;1&quot;:2,&quot;2&quot;:&quot;T\u00f6meg (BSL1815 \/ BSL1830C akkuval)&quot;}\">T\u00f6meg (BSL1815 \/ BSL1830C akkuval)<\/td>\n<td data-sheets-value=\"{&quot;1&quot;:2,&quot;2&quot;:&quot;1,2 kg&quot;}\">1,2 kg<\/td>\n<\/tr>\n<tr>\n<td data-sheets-value=\"{&quot;1&quot;:2,&quot;2&quot;:&quot;T\u00f6meg (BSL1850C akkuval)&quot;}\">T\u00f6meg (BSL1850C akkuval)<\/td>\n<td data-sheets-value=\"{&quot;1&quot;:2,&quot;2&quot;:&quot;1,4 kg&quot;}\">1,4 kg<\/td>\n<\/tr>\n<tr>\n<td data-sheets-value=\"{&quot;1&quot;:2,&quot;2&quot;:&quot;Lesz\u00e1ll\u00edtott tartoz\u00e9kok&quot;}\">Lesz\u00e1ll\u00edtott tartoz\u00e9kok<\/td>\n<td data-sheets-value=\"{&quot;1&quot;:2,&quot;2&quot;:&quot;csak g\u00e9p, akku- \u00e9s t\u00f6lt\u0151 n\u00e9lk\u00fcl&quot;}\">csak g\u00e9p, akku- \u00e9s t\u00f6lt\u0151 n\u00e9lk\u00fcl<\/td>\n<\/tr>\n<\/tbody>\n<\/table>\n<p>Kiemelt jellemz\u0151k:<br \/>\nKiv\u00e9telesen k\u00f6nny\u0171 \u00e9s kompakt g\u00e9p<br \/>\nGyors \u00e9s er\u0151teljes sz\u00e9nkefementes motor<\/p>\n","protected":false},"excerpt":{"rendered":"<p>Nem szeretn\u00e9 megv\u00e1s\u00e1rolni csak b\u00e9relni? N\u00e9zze meg\u00a0<a href=\"https:\/\/www.bau-styl.hu\/berles\/kisgep-berles\/\" target=\"_blank\" rel=\"noopener\">b\u00e9relhet\u0151 g\u00e9peinket<\/a>\u00a0is!<\/p>\n","protected":false},"featured_media":33976,"template":"","meta":[],"product_brand":[],"product_cat":[8550],"product_tag":[],"class_list":{"0":"post-33975","1":"product","2":"type-product","3":"status-publish","4":"has-post-thumbnail","6":"product_cat-kisgepek","8":"first","9":"instock","10":"sale","11":"taxable","12":"shipping-taxable","13":"purchasable","14":"product-type-simple"},"aioseo_notices":[],"_links":{"self":[{"href":"https:\/\/www.bau-styl.hu\/epitoanyag\/wp-json\/wp\/v2\/product\/33975","targetHints":{"allow":["GET"]}}],"collection":[{"href":"https:\/\/www.bau-styl.hu\/epitoanyag\/wp-json\/wp\/v2\/product"}],"about":[{"href":"https:\/\/www.bau-styl.hu\/epitoanyag\/wp-json\/wp\/v2\/types\/product"}],"wp:featuredmedia":[{"embeddable":true,"href":"https:\/\/www.bau-styl.hu\/epitoanyag\/wp-json\/wp\/v2\/media\/33976"}],"wp:attachment":[{"href":"https:\/\/www.bau-styl.hu\/epitoanyag\/wp-json\/wp\/v2\/media?parent=33975"}],"wp:term":[{"taxonomy":"product_brand","embeddable":true,"href":"https:\/\/www.bau-styl.hu\/epitoanyag\/wp-json\/wp\/v2\/product_brand?post=33975"},{"taxonomy":"product_cat","embeddable":true,"href":"https:\/\/www.bau-styl.hu\/epitoanyag\/wp-json\/wp\/v2\/product_cat?post=33975"},{"taxonomy":"product_tag","embeddable":true,"href":"https:\/\/www.bau-styl.hu\/epitoanyag\/wp-json\/wp\/v2\/product_tag?post=33975"}],"curies":[{"name":"wp","href":"https:\/\/api.w.org\/{rel}","templated":true}]}}