{"id":34458,"date":"2022-06-17T08:29:27","date_gmt":"2022-06-17T06:29:27","guid":{"rendered":"https:\/\/www.bau-styl.hu\/epitoanyag\/?post_type=product&#038;p=34458"},"modified":"2025-06-18T23:00:39","modified_gmt":"2025-06-18T21:00:39","slug":"henkel-ceresit-padlopon-cn-68-onterulo-aljzatkiegyenlito-2-30-mm-25-kg","status":"publish","type":"product","link":"https:\/\/www.bau-styl.hu\/epitoanyag\/termek\/henkel-ceresit-padlopon-cn-68-onterulo-aljzatkiegyenlito-2-30-mm-25-kg\/","title":{"rendered":"Henkel Ceresit Padlopon CN 68 \u00d6nter\u00fcl\u0151 aljzatkiegyenl\u00edt\u0151 2-30 mm 25 kg"},"content":{"rendered":"","protected":false},"excerpt":{"rendered":"<p>Aljzatok szintk\u00fcl\u00f6nbs\u00e9geinek kiegyenl\u00edt\u00e9s\u00e9re<br \/>\nMaximum 30 mm vastags\u00e1gig<\/p>\n<p>Sz\u00edv\u00f3 \u00e9s nem nedvsz\u00edv\u00f3 fel\u00fcletre egyar\u00e1nt aj\u00e1nlott.<br \/>\nFesz\u00fclts\u00e9gmentes. Alacsony szil\u00e1rds\u00e1g\u00fa fel\u00fcletre is alkalmas. Padl\u00f3f\u0171tes eset\u00e9n is.<\/p>\n","protected":false},"featured_media":34454,"template":"","meta":[],"product_brand":[],"product_cat":[129,6631,8564,2831,4066],"product_tag":[6601],"class_list":{"0":"post-34458","1":"product","2":"type-product","3":"status-publish","4":"has-post-thumbnail","6":"product_cat-hidegburkolas","7":"product_cat-aljzatkiegyenlito","8":"product_cat-hoszigetelesi-rendszer","9":"product_cat-zsakos-termek","10":"product_cat-aljzatkiegyenlito-zsakos-aru-por-termek","11":"product_tag-henkel","13":"first","14":"instock","15":"featured","16":"taxable","17":"shipping-taxable","18":"purchasable","19":"product-type-simple"},"aioseo_notices":[],"_links":{"self":[{"href":"https:\/\/www.bau-styl.hu\/epitoanyag\/wp-json\/wp\/v2\/product\/34458","targetHints":{"allow":["GET"]}}],"collection":[{"href":"https:\/\/www.bau-styl.hu\/epitoanyag\/wp-json\/wp\/v2\/product"}],"about":[{"href":"https:\/\/www.bau-styl.hu\/epitoanyag\/wp-json\/wp\/v2\/types\/product"}],"wp:featuredmedia":[{"embeddable":true,"href":"https:\/\/www.bau-styl.hu\/epitoanyag\/wp-json\/wp\/v2\/media\/34454"}],"wp:attachment":[{"href":"https:\/\/www.bau-styl.hu\/epitoanyag\/wp-json\/wp\/v2\/media?parent=34458"}],"wp:term":[{"taxonomy":"product_brand","embeddable":true,"href":"https:\/\/www.bau-styl.hu\/epitoanyag\/wp-json\/wp\/v2\/product_brand?post=34458"},{"taxonomy":"product_cat","embeddable":true,"href":"https:\/\/www.bau-styl.hu\/epitoanyag\/wp-json\/wp\/v2\/product_cat?post=34458"},{"taxonomy":"product_tag","embeddable":true,"href":"https:\/\/www.bau-styl.hu\/epitoanyag\/wp-json\/wp\/v2\/product_tag?post=34458"}],"curies":[{"name":"wp","href":"https:\/\/api.w.org\/{rel}","templated":true}]}}