{"id":35237,"date":"2022-10-26T15:12:53","date_gmt":"2022-10-26T13:12:53","guid":{"rendered":"https:\/\/www.bau-styl.hu\/epitoanyag\/?post_type=product&#038;p=35237"},"modified":"2024-04-30T15:21:02","modified_gmt":"2024-04-30T13:21:02","slug":"rockwool-frontrock-rendszer-15-cm","status":"publish","type":"product","link":"https:\/\/www.bau-styl.hu\/epitoanyag\/termek\/rockwool-frontrock-rendszer-15-cm\/","title":{"rendered":"Rockwool Frontrock komplett rendszer vakolattal 15 cm"},"content":{"rendered":"","protected":false},"excerpt":{"rendered":"<p>A csomagban szerepl\u0151 term\u00e9kek \u00e9s a hozz\u00e1 tartoz\u00f3 anyagsz\u00fcks\u00e9glet:<\/p>\n<table style=\"font-weight: 400;\" width=\"623\">\n<tbody>\n<tr>\n<td width=\"548\">Rockwool Frontrock Super Vakolhat\u00f3 k\u0151zetgyapot h\u0151szigetel\u0151 lemez 15 cm<\/td>\n<td width=\"76\">&nbsp;<\/td>\n<\/tr>\n<tr>\n<td width=\"548\">\u00fajH\u00c1Z Pro \u00dcvegsz\u00f6vet h\u00e1l\u00f3 160 g<\/td>\n<td width=\"76\">1,1 m2<\/td>\n<\/tr>\n<tr>\n<td width=\"548\">BB LMX D\u00fcbel f\u00e9m be\u00fct\u0151sz\u00f6ggel feh\u00e9r<\/td>\n<td width=\"76\">6 db\/m2<\/td>\n<\/tr>\n<tr>\n<td width=\"548\">Henkel Ceresit CT 174 Szilikon-szilik\u00e1t v\u00e9konyvakolat,kapart 1,5 mm feh\u00e9r 25 kg<\/td>\n<td width=\"76\">2,5 kg\/m2<\/td>\n<\/tr>\n<tr>\n<td width=\"548\">Henkel Ceresit CT 16 V\u00e9konyvakolat alapoz\u00f3 16 l<\/td>\n<td width=\"76\">2 dl\/m2<\/td>\n<\/tr>\n<tr>\n<td width=\"548\">Henkel Ceresit Thermo Universal ragaszt\u00f3tapasz 25 kg<\/td>\n<td width=\"76\">12 kg\/m2<\/td>\n<\/tr>\n<\/tbody>\n<\/table>\n<p>Az \u00e1r a sz\u00ednfel\u00e1rat illetve a sz\u00e1ll\u00edt\u00e1st nem tartalmazza.<\/p>\n","protected":false},"featured_media":35255,"template":"","meta":[],"product_brand":[],"product_cat":[301,8564,15],"product_tag":[8621],"class_list":{"0":"post-35237","1":"product","2":"type-product","3":"status-publish","4":"has-post-thumbnail","6":"product_cat-ho-es-hangszigeteles","7":"product_cat-hoszigetelesi-rendszer","8":"product_cat-kiemelt-termekek","9":"product_tag-komplettrendszer","11":"first","12":"instock","13":"featured","14":"taxable","15":"shipping-taxable","16":"purchasable","17":"product-type-simple"},"aioseo_notices":[],"_links":{"self":[{"href":"https:\/\/www.bau-styl.hu\/epitoanyag\/wp-json\/wp\/v2\/product\/35237","targetHints":{"allow":["GET"]}}],"collection":[{"href":"https:\/\/www.bau-styl.hu\/epitoanyag\/wp-json\/wp\/v2\/product"}],"about":[{"href":"https:\/\/www.bau-styl.hu\/epitoanyag\/wp-json\/wp\/v2\/types\/product"}],"wp:featuredmedia":[{"embeddable":true,"href":"https:\/\/www.bau-styl.hu\/epitoanyag\/wp-json\/wp\/v2\/media\/35255"}],"wp:attachment":[{"href":"https:\/\/www.bau-styl.hu\/epitoanyag\/wp-json\/wp\/v2\/media?parent=35237"}],"wp:term":[{"taxonomy":"product_brand","embeddable":true,"href":"https:\/\/www.bau-styl.hu\/epitoanyag\/wp-json\/wp\/v2\/product_brand?post=35237"},{"taxonomy":"product_cat","embeddable":true,"href":"https:\/\/www.bau-styl.hu\/epitoanyag\/wp-json\/wp\/v2\/product_cat?post=35237"},{"taxonomy":"product_tag","embeddable":true,"href":"https:\/\/www.bau-styl.hu\/epitoanyag\/wp-json\/wp\/v2\/product_tag?post=35237"}],"curies":[{"name":"wp","href":"https:\/\/api.w.org\/{rel}","templated":true}]}}