{"id":35245,"date":"2022-10-26T15:13:10","date_gmt":"2022-10-26T13:13:10","guid":{"rendered":"https:\/\/www.bau-styl.hu\/epitoanyag\/?post_type=product&#038;p=35245"},"modified":"2024-04-30T15:18:45","modified_gmt":"2024-04-30T13:18:45","slug":"masterplast-grafit-rendszer-15-cm","status":"publish","type":"product","link":"https:\/\/www.bau-styl.hu\/epitoanyag\/termek\/masterplast-grafit-rendszer-15-cm\/","title":{"rendered":"Masterplast grafit komplett rendszer vakolattal 15 cm"},"content":{"rendered":"","protected":false},"excerpt":{"rendered":"<p><strong>D\u00edjmentes sz\u00e1ll\u00edt\u00e1ssal<\/strong><br \/>\nA csomagban szerepl\u0151 term\u00e9kek \u00e9s a hozz\u00e1 tartoz\u00f3 anyagsz\u00fcks\u00e9glet:<\/p>\n<table style=\"font-weight: 400;\">\n<tbody>\n<tr>\n<td width=\"501\">MP Isomaster EPS H-80 Grafit Homlokzati h\u0151szigetel\u0151 lemez 15 cm<\/td>\n<td width=\"82\"><\/td>\n<\/tr>\n<tr>\n<td width=\"501\">MP Masternet Solid \u00dcvegsz\u00f6veth\u00e1l\u00f3 145 g 1&#215;50 m<\/td>\n<td width=\"82\">1,1 m2<\/td>\n<\/tr>\n<tr>\n<td width=\"501\">MP Thermomaster D M\u0171anyagszeges d\u00fcbel<\/td>\n<td width=\"82\">6 db\/m2<\/td>\n<\/tr>\n<tr>\n<td width=\"501\">MP Thermomaster Fix Premium homlokzati ragaszt\u00f3 \u00e9s \u00e1gyaz\u00f3habarcs 25 kg<\/td>\n<td width=\"82\">8 kg\/m2<\/td>\n<\/tr>\n<tr>\n<td width=\"501\">MP Thermomaster Szilikon v\u00e9konyvakolat, kapart 1,5 mm 25 kg<\/td>\n<td width=\"82\">2,5 kg\/m2<\/td>\n<\/tr>\n<tr>\n<td width=\"501\">MP Thermomaster Univerz\u00e1lis alapoz\u00f3 18 kg<\/td>\n<td width=\"82\">0,2 kg\/m2<\/td>\n<\/tr>\n<\/tbody>\n<\/table>\n<p>Az \u00e1r a sz\u00ednfel\u00e1rat illetve a sz\u00e1ll\u00edt\u00e1st tartalmazza.<\/p>\n","protected":false},"featured_media":37267,"template":"","meta":[],"product_brand":[],"product_cat":[301,8564,15],"product_tag":[8621],"class_list":{"0":"post-35245","1":"product","2":"type-product","3":"status-publish","4":"has-post-thumbnail","6":"product_cat-ho-es-hangszigeteles","7":"product_cat-hoszigetelesi-rendszer","8":"product_cat-kiemelt-termekek","9":"product_tag-komplettrendszer","11":"first","12":"instock","13":"featured","14":"taxable","15":"shipping-taxable","16":"purchasable","17":"product-type-simple"},"aioseo_notices":[],"_links":{"self":[{"href":"https:\/\/www.bau-styl.hu\/epitoanyag\/wp-json\/wp\/v2\/product\/35245","targetHints":{"allow":["GET"]}}],"collection":[{"href":"https:\/\/www.bau-styl.hu\/epitoanyag\/wp-json\/wp\/v2\/product"}],"about":[{"href":"https:\/\/www.bau-styl.hu\/epitoanyag\/wp-json\/wp\/v2\/types\/product"}],"wp:featuredmedia":[{"embeddable":true,"href":"https:\/\/www.bau-styl.hu\/epitoanyag\/wp-json\/wp\/v2\/media\/37267"}],"wp:attachment":[{"href":"https:\/\/www.bau-styl.hu\/epitoanyag\/wp-json\/wp\/v2\/media?parent=35245"}],"wp:term":[{"taxonomy":"product_brand","embeddable":true,"href":"https:\/\/www.bau-styl.hu\/epitoanyag\/wp-json\/wp\/v2\/product_brand?post=35245"},{"taxonomy":"product_cat","embeddable":true,"href":"https:\/\/www.bau-styl.hu\/epitoanyag\/wp-json\/wp\/v2\/product_cat?post=35245"},{"taxonomy":"product_tag","embeddable":true,"href":"https:\/\/www.bau-styl.hu\/epitoanyag\/wp-json\/wp\/v2\/product_tag?post=35245"}],"curies":[{"name":"wp","href":"https:\/\/api.w.org\/{rel}","templated":true}]}}