{"id":35574,"date":"2022-03-30T08:05:41","date_gmt":"2022-03-30T06:05:41","guid":{"rendered":"https:\/\/www.bau-styl.hu\/epitoanyag\/?post_type=product&#038;p=35574"},"modified":"2023-02-03T08:55:04","modified_gmt":"2023-02-03T06:55:04","slug":"fdv16vb2-utvefuro-2","status":"publish","type":"product","link":"https:\/\/www.bau-styl.hu\/epitoanyag\/termek\/fdv16vb2-utvefuro-2\/","title":{"rendered":"FDV16VB2 \u00dctvef\u00far\u00f3"},"content":{"rendered":"<table dir=\"ltr\" border=\"1\" cellspacing=\"0\" cellpadding=\"0\">\n<colgroup>\n<col width=\"144\" \/>\n<col width=\"60\" \/><\/colgroup>\n<tbody>\n<tr>\n<td data-sheets-value=\"{&quot;1&quot;:2,&quot;2&quot;:&quot;M\u0171szaki adatok&quot;}\">M\u0171szaki adatok<\/td>\n<td><\/td>\n<\/tr>\n<tr>\n<td data-sheets-value=\"{&quot;1&quot;:2,&quot;2&quot;:&quot;Furat ac\u00e9lban&quot;}\">Furat ac\u00e9lban<\/td>\n<td data-sheets-value=\"{&quot;1&quot;:2,&quot;2&quot;:&quot;13 mm&quot;}\">13 mm<\/td>\n<\/tr>\n<tr>\n<td data-sheets-value=\"{&quot;1&quot;:2,&quot;2&quot;:&quot;Furat f\u00e1ban&quot;}\">Furat f\u00e1ban<\/td>\n<td data-sheets-value=\"{&quot;1&quot;:2,&quot;2&quot;:&quot;35 mm&quot;}\">35 mm<\/td>\n<\/tr>\n<tr>\n<td data-sheets-value=\"{&quot;1&quot;:2,&quot;2&quot;:&quot;Furat t\u00e9gl\u00e1ba&quot;}\">Furat t\u00e9gl\u00e1ba<\/td>\n<td data-sheets-value=\"{&quot;1&quot;:2,&quot;2&quot;:&quot;16 mm&quot;}\">16 mm<\/td>\n<\/tr>\n<tr>\n<td data-sheets-value=\"{&quot;1&quot;:2,&quot;2&quot;:&quot;N\u00e9vleges teljes\u00edtm\u00e9nyfelv\u00e9tel&quot;}\">N\u00e9vleges teljes\u00edtm\u00e9nyfelv\u00e9tel<\/td>\n<td data-sheets-value=\"{&quot;1&quot;:2,&quot;2&quot;:&quot;550 W&quot;}\">550 W<\/td>\n<\/tr>\n<tr>\n<td data-sheets-value=\"{&quot;1&quot;:2,&quot;2&quot;:&quot;\u00dcresj\u00e1rati fordulatsz\u00e1m&quot;}\">\u00dcresj\u00e1rati fordulatsz\u00e1m<\/td>\n<td data-sheets-value=\"{&quot;1&quot;:2,&quot;2&quot;:&quot;0-2.900\/min&quot;}\">0-2.900\/min<\/td>\n<\/tr>\n<tr>\n<td data-sheets-value=\"{&quot;1&quot;:2,&quot;2&quot;:&quot;Tokm\u00e1nym\u00e9ret&quot;}\">Tokm\u00e1nym\u00e9ret<\/td>\n<td data-sheets-value=\"{&quot;1&quot;:2,&quot;2&quot;:&quot;1,2-13 mm&quot;}\">1,2-13 mm<\/td>\n<\/tr>\n<tr>\n<td data-sheets-value=\"{&quot;1&quot;:2,&quot;2&quot;:&quot;Tokm\u00e1ny&quot;}\">Tokm\u00e1ny<\/td>\n<td data-sheets-value=\"{&quot;1&quot;:2,&quot;2&quot;:&quot;1\/2 colx 20 UNF&quot;}\">1\/2 colx 20 UNF<\/td>\n<\/tr>\n<tr>\n<td data-sheets-value=\"{&quot;1&quot;:2,&quot;2&quot;:&quot;G\u00e9p t\u00f6mege&quot;}\">G\u00e9p t\u00f6mege<\/td>\n<td data-sheets-value=\"{&quot;1&quot;:2,&quot;2&quot;:&quot;1,6 kg&quot;}\">1,6 kg<\/td>\n<\/tr>\n<\/tbody>\n<\/table>\n<p>Tov\u00e1bbi jellemz\u0151k:<br \/>\nAz eg\u00e9szhull\u00e1m\u00fa vez\u00e9rl\u0151elektronika magas teljes\u00edtm\u00e9nyt biztos\u00edt alacsony fordulatsz\u00e1mon is<br \/>\nGyorstokm\u00e1ny<br \/>\nBal-jobb forg\u00e1sir\u00e1ny<br \/>\nKofferban<\/p>\n","protected":false},"excerpt":{"rendered":"<p>Nem szeretn\u00e9 megv\u00e1s\u00e1rolni csak b\u00e9relni? N\u00e9zze meg\u00a0<a href=\"https:\/\/www.bau-styl.hu\/berles\/kisgep-berles\/\" target=\"_blank\" rel=\"noopener\">b\u00e9relhet\u0151 g\u00e9peinket<\/a>\u00a0is!<\/p>\n","protected":false},"featured_media":33942,"template":"","meta":[],"product_brand":[],"product_cat":[15],"product_tag":[],"class_list":{"0":"post-35574","1":"product","2":"type-product","3":"status-publish","4":"has-post-thumbnail","6":"product_cat-kiemelt-termekek","8":"first","9":"instock","10":"taxable","11":"shipping-taxable","12":"purchasable","13":"product-type-simple"},"aioseo_notices":[],"_links":{"self":[{"href":"https:\/\/www.bau-styl.hu\/epitoanyag\/wp-json\/wp\/v2\/product\/35574","targetHints":{"allow":["GET"]}}],"collection":[{"href":"https:\/\/www.bau-styl.hu\/epitoanyag\/wp-json\/wp\/v2\/product"}],"about":[{"href":"https:\/\/www.bau-styl.hu\/epitoanyag\/wp-json\/wp\/v2\/types\/product"}],"wp:featuredmedia":[{"embeddable":true,"href":"https:\/\/www.bau-styl.hu\/epitoanyag\/wp-json\/wp\/v2\/media\/33942"}],"wp:attachment":[{"href":"https:\/\/www.bau-styl.hu\/epitoanyag\/wp-json\/wp\/v2\/media?parent=35574"}],"wp:term":[{"taxonomy":"product_brand","embeddable":true,"href":"https:\/\/www.bau-styl.hu\/epitoanyag\/wp-json\/wp\/v2\/product_brand?post=35574"},{"taxonomy":"product_cat","embeddable":true,"href":"https:\/\/www.bau-styl.hu\/epitoanyag\/wp-json\/wp\/v2\/product_cat?post=35574"},{"taxonomy":"product_tag","embeddable":true,"href":"https:\/\/www.bau-styl.hu\/epitoanyag\/wp-json\/wp\/v2\/product_tag?post=35574"}],"curies":[{"name":"wp","href":"https:\/\/api.w.org\/{rel}","templated":true}]}}