{"id":35845,"date":"2023-03-02T14:50:22","date_gmt":"2023-03-02T12:50:22","guid":{"rendered":"https:\/\/www.bau-styl.hu\/epitoanyag\/?post_type=product&#038;p=35845"},"modified":"2025-10-22T09:48:57","modified_gmt":"2025-10-22T07:48:57","slug":"colorferr-ral-3016-teglavoros-csatorna-rendszer","status":"publish","type":"product","link":"https:\/\/www.bau-styl.hu\/epitoanyag\/termek\/colorferr-ral-3016-teglavoros-csatorna-rendszer\/","title":{"rendered":"Colorferr RAL 3016 T\u00e9glav\u00f6r\u00f6s Csatorna rendszer"},"content":{"rendered":"","protected":false},"excerpt":{"rendered":"[product_table id=\"35844\"]\n","protected":false},"featured_media":34937,"template":"","meta":[],"product_brand":[],"product_cat":[355,6778,6801],"product_tag":[],"class_list":{"0":"post-35845","1":"product","2":"type-product","3":"status-publish","4":"has-post-thumbnail","6":"product_cat-tetofedes","7":"product_cat-ereszcsatorna-es-badogos-termek-tetofedes","8":"product_cat-zambelli-csatorna-es-badogos-termek-ereszcsatorna-es-badogos-termek-tetofedes","10":"first","11":"instock","12":"taxable","13":"shipping-taxable","14":"product-type-grouped"},"aioseo_notices":[],"_links":{"self":[{"href":"https:\/\/www.bau-styl.hu\/epitoanyag\/wp-json\/wp\/v2\/product\/35845","targetHints":{"allow":["GET"]}}],"collection":[{"href":"https:\/\/www.bau-styl.hu\/epitoanyag\/wp-json\/wp\/v2\/product"}],"about":[{"href":"https:\/\/www.bau-styl.hu\/epitoanyag\/wp-json\/wp\/v2\/types\/product"}],"wp:featuredmedia":[{"embeddable":true,"href":"https:\/\/www.bau-styl.hu\/epitoanyag\/wp-json\/wp\/v2\/media\/34937"}],"wp:attachment":[{"href":"https:\/\/www.bau-styl.hu\/epitoanyag\/wp-json\/wp\/v2\/media?parent=35845"}],"wp:term":[{"taxonomy":"product_brand","embeddable":true,"href":"https:\/\/www.bau-styl.hu\/epitoanyag\/wp-json\/wp\/v2\/product_brand?post=35845"},{"taxonomy":"product_cat","embeddable":true,"href":"https:\/\/www.bau-styl.hu\/epitoanyag\/wp-json\/wp\/v2\/product_cat?post=35845"},{"taxonomy":"product_tag","embeddable":true,"href":"https:\/\/www.bau-styl.hu\/epitoanyag\/wp-json\/wp\/v2\/product_tag?post=35845"}],"curies":[{"name":"wp","href":"https:\/\/api.w.org\/{rel}","templated":true}]}}