{"id":35935,"date":"2023-02-28T15:08:03","date_gmt":"2023-02-28T13:08:03","guid":{"rendered":"https:\/\/www.bau-styl.hu\/epitoanyag\/?post_type=product&#038;p=35935"},"modified":"2026-02-16T22:20:14","modified_gmt":"2026-02-16T20:20:14","slug":"bramac-romai-star-alapcserep-sotetbarna","status":"publish","type":"product","link":"https:\/\/www.bau-styl.hu\/epitoanyag\/termek\/bramac-romai-star-alapcserep-sotetbarna\/","title":{"rendered":"Bramac R\u00f3mai Star Alapcser\u00e9p s\u00f6t\u00e9tbarna"},"content":{"rendered":"","protected":false},"excerpt":{"rendered":"<p>A BMI Bramac leg\u00fajabb innov\u00e1ci\u00f3ja, a STAR tet\u0151cser\u00e9pek, a betoncser\u00e9pek tart\u00f3ss\u00e1g\u00e1t \u00e9s a ker\u00e1miacser\u00e9pek f\u00e9nyes, sima fel\u00fclet\u00e9t \u00f6tv\u00f6zik az ipar\u00e1g leg\u00fajabb technol\u00f3gi\u00e1j\u00e1val. Ezek az egyed\u00fcl\u00e1ll\u00f3 tet\u0151cser\u00e9pek karakteres profiljukkal lehet\u0151v\u00e9 teszik az egyedi \u00e9p\u00edt\u00e9szeti megform\u00e1l\u00e1st. A R\u00f3mai tet\u0151cser\u00e9p l\u00e1gy, hull\u00e1mos vonalai eml\u00e9keztetnek a kolostortet\u0151kre, d\u00e9lvid\u00e9ki hangulatot id\u00e9znek. A cser\u00e9p sima fel\u00fclete \u00e9s lekerek\u00edtett form\u00e1ja pedig eleg\u00e1ns megjelen\u00e9st k\u00f6lcs\u00f6n\u00f6z az \u00e9p\u00fcletnek.<\/p>\n<p>A R\u00f3mai STAR tet\u0151cser\u00e9pek k\u00fcl\u00f6nleges ellen\u00e1ll\u00f3 k\u00e9pess\u00e9ggel rendelkeznek az id\u0151j\u00e1r\u00e1s viszontags\u00e1gaival szemben. A massz\u00edv, szendvicstechnol\u00f3gi\u00e1val k\u00e9sz\u00fclt cser\u00e9ptest fel\u00fclete pedig ak\u00e1r a ker\u00e1miacser\u00e9pek simas\u00e1g\u00e1val is vetekszik.<\/p>\n<p>&nbsp;<\/p>\n<p>Az alapcser\u00e9p mell\u00e9 opcion\u00e1lis term\u00e9kek, idomcserepek (szell\u0151z\u0151cser\u00e9p, f\u00e9lcser\u00e9p, szeg\u00e9lycser\u00e9p, k\u00fapcser\u00e9p, eloszt\u00f3 k\u00fapcser\u00e9p, kezd\u0151 k\u00fapcser\u00e9p) k\u00f6z\u00fcl v\u00e1laszthat, amelyek \u00e1rair\u00f3l az aj\u00e1nlatk\u00e9r\u00e9s lead\u00e1s\u00e1t k\u00f6vet\u0151en munkat\u00e1rsunk emailben t\u00e1j\u00e9koztatja \u00d6nt.<\/p>\n","protected":false},"featured_media":36006,"template":"","meta":[],"product_brand":[],"product_cat":[355,6654,6659],"product_tag":[],"class_list":{"0":"post-35935","1":"product","2":"type-product","3":"status-publish","4":"has-post-thumbnail","6":"product_cat-tetofedes","7":"product_cat-beton-cserep","8":"product_cat-bramac-beton-alapcserep","10":"first","11":"instock","12":"taxable","13":"shipping-taxable","14":"purchasable","15":"product-type-simple"},"aioseo_notices":[],"_links":{"self":[{"href":"https:\/\/www.bau-styl.hu\/epitoanyag\/wp-json\/wp\/v2\/product\/35935","targetHints":{"allow":["GET"]}}],"collection":[{"href":"https:\/\/www.bau-styl.hu\/epitoanyag\/wp-json\/wp\/v2\/product"}],"about":[{"href":"https:\/\/www.bau-styl.hu\/epitoanyag\/wp-json\/wp\/v2\/types\/product"}],"wp:featuredmedia":[{"embeddable":true,"href":"https:\/\/www.bau-styl.hu\/epitoanyag\/wp-json\/wp\/v2\/media\/36006"}],"wp:attachment":[{"href":"https:\/\/www.bau-styl.hu\/epitoanyag\/wp-json\/wp\/v2\/media?parent=35935"}],"wp:term":[{"taxonomy":"product_brand","embeddable":true,"href":"https:\/\/www.bau-styl.hu\/epitoanyag\/wp-json\/wp\/v2\/product_brand?post=35935"},{"taxonomy":"product_cat","embeddable":true,"href":"https:\/\/www.bau-styl.hu\/epitoanyag\/wp-json\/wp\/v2\/product_cat?post=35935"},{"taxonomy":"product_tag","embeddable":true,"href":"https:\/\/www.bau-styl.hu\/epitoanyag\/wp-json\/wp\/v2\/product_tag?post=35935"}],"curies":[{"name":"wp","href":"https:\/\/api.w.org\/{rel}","templated":true}]}}