{"id":35939,"date":"2023-02-28T15:08:03","date_gmt":"2023-02-28T13:08:03","guid":{"rendered":"https:\/\/www.bau-styl.hu\/epitoanyag\/?post_type=product&#038;p=35939"},"modified":"2026-02-16T22:20:17","modified_gmt":"2026-02-16T20:20:17","slug":"bramac-tegalit-star-alapcserep-ezustmetal","status":"publish","type":"product","link":"https:\/\/www.bau-styl.hu\/epitoanyag\/termek\/bramac-tegalit-star-alapcserep-ezustmetal\/","title":{"rendered":"Bramac Tegalit Star Alapcser\u00e9p ez\u00fcstmet\u00e1l"},"content":{"rendered":"","protected":false},"excerpt":{"rendered":"<p>A Tegalit STAR tet\u0151cser\u00e9p szendvicstechnol\u00f3gi\u00e1val k\u00e9sz\u00fcl, melynek l\u00e9nyege, hogy a nagyobb szemcs\u00e9s betoncser\u00e9p test \u00e9s a fel\u00fcleti fest\u00e9kr\u00e9teg k\u00f6z\u00f6tt egy finom szemcseszerkezet\u0171 cementp\u00e9p r\u00e9teg ker\u00fcl felhord\u00e1sra. Ez a r\u00e9teg hat\u00e9konyan elt\u00f6m\u00edti a nyitott p\u00f3rusokat, \u00e9s egy sima, f\u00e9nyes cser\u00e9pfel\u00fcletet hoz l\u00e9tre, amely hossz\u00fa t\u00e1v\u00fa v\u00e9delmet ny\u00fajt a szennyez\u0151d\u00e9sekkel \u00e9s az id\u0151j\u00e1r\u00e1si hat\u00e1sokkal szemben.<\/p>\n<p>Egyed\u00fcl\u00e1ll\u00f3an Magyarorsz\u00e1gon a Tegalit STAR tet\u0151cser\u00e9p orr-r\u00e9sz\u00e9t is ugyanolyan fel\u00fcletkezel\u00e9ssel l\u00e1tjuk el, mint a tet\u0151cser\u00e9p fel\u00fclet\u00e9t, \u00edgy teljes v\u00e9delmet biztos\u00edt a tet\u0151 \u00f6sszes r\u00e9sz\u00e9nek.<br \/>\nAz alapcser\u00e9p mell\u00e9 opcion\u00e1lis term\u00e9kek, idomcserepek (szell\u0151z\u0151cser\u00e9p, f\u00e9lcser\u00e9p, szeg\u00e9lycser\u00e9p, k\u00fapcser\u00e9p, eloszt\u00f3 k\u00fapcser\u00e9p, kezd\u0151 k\u00fapcser\u00e9p) k\u00f6z\u00fcl v\u00e1laszthat, amelyek \u00e1rair\u00f3l az aj\u00e1nlatk\u00e9r\u00e9s lead\u00e1s\u00e1t k\u00f6vet\u0151en munkat\u00e1rsunk emailben t\u00e1j\u00e9koztatja \u00d6nt.<\/p>\n","protected":false},"featured_media":36002,"template":"","meta":[],"product_brand":[],"product_cat":[355,6654,6659],"product_tag":[],"class_list":{"0":"post-35939","1":"product","2":"type-product","3":"status-publish","4":"has-post-thumbnail","6":"product_cat-tetofedes","7":"product_cat-beton-cserep","8":"product_cat-bramac-beton-alapcserep","10":"first","11":"instock","12":"taxable","13":"shipping-taxable","14":"purchasable","15":"product-type-simple"},"aioseo_notices":[],"_links":{"self":[{"href":"https:\/\/www.bau-styl.hu\/epitoanyag\/wp-json\/wp\/v2\/product\/35939","targetHints":{"allow":["GET"]}}],"collection":[{"href":"https:\/\/www.bau-styl.hu\/epitoanyag\/wp-json\/wp\/v2\/product"}],"about":[{"href":"https:\/\/www.bau-styl.hu\/epitoanyag\/wp-json\/wp\/v2\/types\/product"}],"wp:featuredmedia":[{"embeddable":true,"href":"https:\/\/www.bau-styl.hu\/epitoanyag\/wp-json\/wp\/v2\/media\/36002"}],"wp:attachment":[{"href":"https:\/\/www.bau-styl.hu\/epitoanyag\/wp-json\/wp\/v2\/media?parent=35939"}],"wp:term":[{"taxonomy":"product_brand","embeddable":true,"href":"https:\/\/www.bau-styl.hu\/epitoanyag\/wp-json\/wp\/v2\/product_brand?post=35939"},{"taxonomy":"product_cat","embeddable":true,"href":"https:\/\/www.bau-styl.hu\/epitoanyag\/wp-json\/wp\/v2\/product_cat?post=35939"},{"taxonomy":"product_tag","embeddable":true,"href":"https:\/\/www.bau-styl.hu\/epitoanyag\/wp-json\/wp\/v2\/product_tag?post=35939"}],"curies":[{"name":"wp","href":"https:\/\/api.w.org\/{rel}","templated":true}]}}