{"id":36627,"date":"2023-04-08T09:16:42","date_gmt":"2023-04-08T07:16:42","guid":{"rendered":"https:\/\/www.bau-styl.hu\/epitoanyag\/?post_type=product&#038;p=36627"},"modified":"2026-04-20T11:49:42","modified_gmt":"2026-04-20T09:49:42","slug":"lefolyo-attolo-50-htu","status":"publish","type":"product","link":"https:\/\/www.bau-styl.hu\/epitoanyag\/termek\/lefolyo-attolo-50-htu\/","title":{"rendered":"Lefoly\u00f3 \u00e1ttol\u00f3 50 HTU"},"content":{"rendered":"","protected":false},"excerpt":{"rendered":"","protected":false},"featured_media":36346,"template":"","meta":[],"product_brand":[],"product_cat":[11259,168],"product_tag":[],"class_list":{"0":"post-36627","1":"product","2":"type-product","3":"status-publish","4":"has-post-thumbnail","6":"product_cat-vizelvezeto-rendszerek","7":"product_cat-kertepites-es-terburkolat","9":"first","10":"instock","11":"taxable","12":"shipping-taxable","13":"purchasable","14":"product-type-simple"},"aioseo_notices":[],"_links":{"self":[{"href":"https:\/\/www.bau-styl.hu\/epitoanyag\/wp-json\/wp\/v2\/product\/36627","targetHints":{"allow":["GET"]}}],"collection":[{"href":"https:\/\/www.bau-styl.hu\/epitoanyag\/wp-json\/wp\/v2\/product"}],"about":[{"href":"https:\/\/www.bau-styl.hu\/epitoanyag\/wp-json\/wp\/v2\/types\/product"}],"wp:featuredmedia":[{"embeddable":true,"href":"https:\/\/www.bau-styl.hu\/epitoanyag\/wp-json\/wp\/v2\/media\/36346"}],"wp:attachment":[{"href":"https:\/\/www.bau-styl.hu\/epitoanyag\/wp-json\/wp\/v2\/media?parent=36627"}],"wp:term":[{"taxonomy":"product_brand","embeddable":true,"href":"https:\/\/www.bau-styl.hu\/epitoanyag\/wp-json\/wp\/v2\/product_brand?post=36627"},{"taxonomy":"product_cat","embeddable":true,"href":"https:\/\/www.bau-styl.hu\/epitoanyag\/wp-json\/wp\/v2\/product_cat?post=36627"},{"taxonomy":"product_tag","embeddable":true,"href":"https:\/\/www.bau-styl.hu\/epitoanyag\/wp-json\/wp\/v2\/product_tag?post=36627"}],"curies":[{"name":"wp","href":"https:\/\/api.w.org\/{rel}","templated":true}]}}