{"id":3690,"date":"2019-10-24T13:16:07","date_gmt":"2019-10-24T13:16:07","guid":{"rendered":"https:\/\/www.bau-styl.hu\/epitoanyag\/termek\/ab-tavtarto-u-bak-muanyag-25-mm-1000-db-csomag\/"},"modified":"2026-04-20T12:11:29","modified_gmt":"2026-04-20T10:11:29","slug":"bb-tavtarto-bak-vizszintes-szereleshez-30-mm","status":"publish","type":"product","link":"https:\/\/www.bau-styl.hu\/epitoanyag\/termek\/bb-tavtarto-bak-vizszintes-szereleshez-30-mm\/","title":{"rendered":"BB T\u00e1vtart\u00f3 bak, v\u00edzszintes szerel\u00e9shez 30 mm"},"content":{"rendered":"","protected":false},"excerpt":{"rendered":"<p>Nagy teherb\u00edr\u00e1s\u00fa t\u00e1vols\u00e1gtart\u00f3 el\u0151regy\u00e1rtott \u00e9s a helysz\u00ednen szerelt betonac\u00e9lok, h\u00e1l\u00f3k al\u00e1t\u00e1maszt\u00e1s\u00e1ra.<\/p>\n<p>Vas\u00e1tm\u00e9r\u0151: 6-25 mm.<\/p>\n<p>Javasolt kioszt\u00e1s 5 db \/ m\u00b2.<\/p>\n","protected":false},"featured_media":34937,"template":"","meta":[],"product_brand":[11264],"product_cat":[451,453],"product_tag":[],"class_list":{"0":"post-3690","1":"product","2":"type-product","3":"status-publish","4":"has-post-thumbnail","6":"product_brand-bb","7":"product_cat-vasanyag","8":"product_cat-betonacel","10":"first","11":"instock","12":"taxable","13":"shipping-taxable","14":"purchasable","15":"product-type-simple"},"aioseo_notices":[],"_links":{"self":[{"href":"https:\/\/www.bau-styl.hu\/epitoanyag\/wp-json\/wp\/v2\/product\/3690","targetHints":{"allow":["GET"]}}],"collection":[{"href":"https:\/\/www.bau-styl.hu\/epitoanyag\/wp-json\/wp\/v2\/product"}],"about":[{"href":"https:\/\/www.bau-styl.hu\/epitoanyag\/wp-json\/wp\/v2\/types\/product"}],"wp:featuredmedia":[{"embeddable":true,"href":"https:\/\/www.bau-styl.hu\/epitoanyag\/wp-json\/wp\/v2\/media\/34937"}],"wp:attachment":[{"href":"https:\/\/www.bau-styl.hu\/epitoanyag\/wp-json\/wp\/v2\/media?parent=3690"}],"wp:term":[{"taxonomy":"product_brand","embeddable":true,"href":"https:\/\/www.bau-styl.hu\/epitoanyag\/wp-json\/wp\/v2\/product_brand?post=3690"},{"taxonomy":"product_cat","embeddable":true,"href":"https:\/\/www.bau-styl.hu\/epitoanyag\/wp-json\/wp\/v2\/product_cat?post=3690"},{"taxonomy":"product_tag","embeddable":true,"href":"https:\/\/www.bau-styl.hu\/epitoanyag\/wp-json\/wp\/v2\/product_tag?post=3690"}],"curies":[{"name":"wp","href":"https:\/\/api.w.org\/{rel}","templated":true}]}}