{"id":3706,"date":"2019-10-24T13:16:17","date_gmt":"2019-10-24T13:16:17","guid":{"rendered":"https:\/\/www.bau-styl.hu\/epitoanyag\/termek\/acskapocs-10-es-egyenes\/"},"modified":"2024-05-16T12:47:29","modified_gmt":"2024-05-16T10:47:29","slug":"acskapocs-10-es-egyenes","status":"publish","type":"product","link":"https:\/\/www.bau-styl.hu\/epitoanyag\/termek\/acskapocs-10-es-egyenes\/","title":{"rendered":"\u00c1cskapocs 10-es egyenes"},"content":{"rendered":"","protected":false},"excerpt":{"rendered":"<p>Vasb\u00f3l kov\u00e1csolt hengeres vagy lapos k\u00f6t\u0151elem, amely a faelemek r\u00f6gz\u00edt\u00e9s\u00e9re szolg\u00e1l.<\/p>\n","protected":false},"featured_media":5803,"template":"","meta":[],"product_brand":[],"product_cat":[355,448],"product_tag":[],"class_list":{"0":"post-3706","1":"product","2":"type-product","3":"status-publish","4":"has-post-thumbnail","6":"product_cat-tetofedes","7":"product_cat-szerkezeti-kotoanyag","9":"first","10":"instock","11":"taxable","12":"shipping-taxable","13":"purchasable","14":"product-type-simple"},"aioseo_notices":[],"_links":{"self":[{"href":"https:\/\/www.bau-styl.hu\/epitoanyag\/wp-json\/wp\/v2\/product\/3706","targetHints":{"allow":["GET"]}}],"collection":[{"href":"https:\/\/www.bau-styl.hu\/epitoanyag\/wp-json\/wp\/v2\/product"}],"about":[{"href":"https:\/\/www.bau-styl.hu\/epitoanyag\/wp-json\/wp\/v2\/types\/product"}],"wp:featuredmedia":[{"embeddable":true,"href":"https:\/\/www.bau-styl.hu\/epitoanyag\/wp-json\/wp\/v2\/media\/5803"}],"wp:attachment":[{"href":"https:\/\/www.bau-styl.hu\/epitoanyag\/wp-json\/wp\/v2\/media?parent=3706"}],"wp:term":[{"taxonomy":"product_brand","embeddable":true,"href":"https:\/\/www.bau-styl.hu\/epitoanyag\/wp-json\/wp\/v2\/product_brand?post=3706"},{"taxonomy":"product_cat","embeddable":true,"href":"https:\/\/www.bau-styl.hu\/epitoanyag\/wp-json\/wp\/v2\/product_cat?post=3706"},{"taxonomy":"product_tag","embeddable":true,"href":"https:\/\/www.bau-styl.hu\/epitoanyag\/wp-json\/wp\/v2\/product_tag?post=3706"}],"curies":[{"name":"wp","href":"https:\/\/api.w.org\/{rel}","templated":true}]}}