{"id":3714,"date":"2019-10-24T13:16:22","date_gmt":"2019-10-24T13:16:22","guid":{"rendered":"https:\/\/www.bau-styl.hu\/epitoanyag\/termek\/austrotherm-at-h-80-expandalt-hoszigetelo-lemez-homlokzati-15-m2-csomag-15-cm\/"},"modified":"2026-04-22T20:39:46","modified_gmt":"2026-04-22T18:39:46","slug":"austrotherm-at-h-80-expandalt-hoszigetelo-lemez-homlokzati-15-m2-csomag-15-cm","status":"publish","type":"product","link":"https:\/\/www.bau-styl.hu\/epitoanyag\/termek\/austrotherm-at-h-80-expandalt-hoszigetelo-lemez-homlokzati-15-m2-csomag-15-cm\/","title":{"rendered":"Austrotherm AT-H 80 Expand\u00e1lt h\u0151szigetel\u0151 lemez, homlokzati 1,5 m2\/csomag 15 cm"},"content":{"rendered":"","protected":false},"excerpt":{"rendered":"<p>Expand\u00e1lt polisztirolhab, amely r\u00e9gi \u00e9p\u00fcletek homlokzat\u00e1nak fel\u00faj\u00edt\u00e1s\u00e1ra, valamint \u00faj \u00e9p\u00fcletek szigetel\u00e9s\u00e9re is alkalmas, legyen az beton, t\u00e9gla, vagy el\u0151regy\u00e1rtott elemekb\u0151l szerelt fal.<\/p>\n","protected":false},"featured_media":1344,"template":"","meta":[],"product_brand":[11261],"product_cat":[301,6603],"product_tag":[],"class_list":{"0":"post-3714","1":"product","2":"type-product","3":"status-publish","4":"has-post-thumbnail","6":"product_brand-austrotherm","7":"product_cat-ho-es-hangszigeteles","8":"product_cat-polisztirol","10":"first","11":"instock","12":"taxable","13":"shipping-taxable","14":"purchasable","15":"product-type-simple"},"aioseo_notices":[],"_links":{"self":[{"href":"https:\/\/www.bau-styl.hu\/epitoanyag\/wp-json\/wp\/v2\/product\/3714","targetHints":{"allow":["GET"]}}],"collection":[{"href":"https:\/\/www.bau-styl.hu\/epitoanyag\/wp-json\/wp\/v2\/product"}],"about":[{"href":"https:\/\/www.bau-styl.hu\/epitoanyag\/wp-json\/wp\/v2\/types\/product"}],"wp:featuredmedia":[{"embeddable":true,"href":"https:\/\/www.bau-styl.hu\/epitoanyag\/wp-json\/wp\/v2\/media\/1344"}],"wp:attachment":[{"href":"https:\/\/www.bau-styl.hu\/epitoanyag\/wp-json\/wp\/v2\/media?parent=3714"}],"wp:term":[{"taxonomy":"product_brand","embeddable":true,"href":"https:\/\/www.bau-styl.hu\/epitoanyag\/wp-json\/wp\/v2\/product_brand?post=3714"},{"taxonomy":"product_cat","embeddable":true,"href":"https:\/\/www.bau-styl.hu\/epitoanyag\/wp-json\/wp\/v2\/product_cat?post=3714"},{"taxonomy":"product_tag","embeddable":true,"href":"https:\/\/www.bau-styl.hu\/epitoanyag\/wp-json\/wp\/v2\/product_tag?post=3714"}],"curies":[{"name":"wp","href":"https:\/\/api.w.org\/{rel}","templated":true}]}}