{"id":3726,"date":"2019-10-24T13:16:28","date_gmt":"2019-10-24T13:16:28","guid":{"rendered":"https:\/\/www.bau-styl.hu\/epitoanyag\/termek\/austrotherm-at-l2-expandalt-lepeshangszigetelo-lemez-8-m2-csomag-3-cm\/"},"modified":"2026-04-20T12:11:16","modified_gmt":"2026-04-20T10:11:16","slug":"austrotherm-at-l2-expandalt-lepeshangszigetelo-lemez-8-m2-csomag-3-cm","status":"publish","type":"product","link":"https:\/\/www.bau-styl.hu\/epitoanyag\/termek\/austrotherm-at-l2-expandalt-lepeshangszigetelo-lemez-8-m2-csomag-3-cm\/","title":{"rendered":"Austrotherm AT-L2 Expand\u00e1lt l\u00e9p\u00e9shangszigetel\u0151 lemez 8 m2\/csomag 3 cm"},"content":{"rendered":"","protected":false},"excerpt":{"rendered":"<p>L\u00e9p\u00e9shangszigetel\u0151 lemez, amely lak\u00f3\u00e9p\u00fcletek, irod\u00e1k, s egy\u00e9b \u00e9p\u00edtm\u00e9nyek \u00fasztatott padl\u00f3szerkezeteibe be\u00e9p\u00edthet\u0151.<\/p>\n","protected":false},"featured_media":25598,"template":"","meta":[],"product_brand":[11261],"product_cat":[301,6603],"product_tag":[],"class_list":{"0":"post-3726","1":"product","2":"type-product","3":"status-publish","4":"has-post-thumbnail","6":"product_brand-austrotherm","7":"product_cat-ho-es-hangszigeteles","8":"product_cat-polisztirol","10":"first","11":"instock","12":"taxable","13":"shipping-taxable","14":"purchasable","15":"product-type-simple"},"aioseo_notices":[],"_links":{"self":[{"href":"https:\/\/www.bau-styl.hu\/epitoanyag\/wp-json\/wp\/v2\/product\/3726","targetHints":{"allow":["GET"]}}],"collection":[{"href":"https:\/\/www.bau-styl.hu\/epitoanyag\/wp-json\/wp\/v2\/product"}],"about":[{"href":"https:\/\/www.bau-styl.hu\/epitoanyag\/wp-json\/wp\/v2\/types\/product"}],"wp:featuredmedia":[{"embeddable":true,"href":"https:\/\/www.bau-styl.hu\/epitoanyag\/wp-json\/wp\/v2\/media\/25598"}],"wp:attachment":[{"href":"https:\/\/www.bau-styl.hu\/epitoanyag\/wp-json\/wp\/v2\/media?parent=3726"}],"wp:term":[{"taxonomy":"product_brand","embeddable":true,"href":"https:\/\/www.bau-styl.hu\/epitoanyag\/wp-json\/wp\/v2\/product_brand?post=3726"},{"taxonomy":"product_cat","embeddable":true,"href":"https:\/\/www.bau-styl.hu\/epitoanyag\/wp-json\/wp\/v2\/product_cat?post=3726"},{"taxonomy":"product_tag","embeddable":true,"href":"https:\/\/www.bau-styl.hu\/epitoanyag\/wp-json\/wp\/v2\/product_tag?post=3726"}],"curies":[{"name":"wp","href":"https:\/\/api.w.org\/{rel}","templated":true}]}}