{"id":3732,"date":"2019-10-24T13:16:30","date_gmt":"2019-10-24T13:16:30","guid":{"rendered":"https:\/\/www.bau-styl.hu\/epitoanyag\/termek\/austrotherm-at-n-100-expandalt-hoszigetelo-lemez-terhelheto-2-m2-csomag-12-cm\/"},"modified":"2026-04-14T21:25:12","modified_gmt":"2026-04-14T19:25:12","slug":"austrotherm-at-n-100-expandalt-hoszigetelo-lemez-terhelheto-2-m2-csomag-12-cm","status":"publish","type":"product","link":"https:\/\/www.bau-styl.hu\/epitoanyag\/termek\/austrotherm-at-n-100-expandalt-hoszigetelo-lemez-terhelheto-2-m2-csomag-12-cm\/","title":{"rendered":"Austrotherm AT-N 100 Expand\u00e1lt h\u0151szigetel\u0151 lemez, terhelhet\u0151 2 m2\/csomag 12 cm"},"content":{"rendered":"","protected":false},"excerpt":{"rendered":"<p>\u00c9p\u00fcletszerkezetekn\u00e9l alkalmazhat\u00f3, ahol jelent\u0151sebb mechanikai ig\u00e9nybev\u00e9tel l\u00e9phet fel, mint p\u00e9ld\u00e1ul lapostet\u0151, padl\u00f3, h\u0171t\u0151t\u00e9r. Lejt\u00e9sk\u00e9pz\u0151 h\u0151szigetel\u0151 elemek is k\u00e9sz\u00fclnek ebb\u0151l az anyagb\u00f3l.<\/p>\n","protected":false},"featured_media":1352,"template":"","meta":[],"product_brand":[],"product_cat":[301,6603,318,319],"product_tag":[],"class_list":{"0":"post-3732","1":"product","2":"type-product","3":"status-publish","4":"has-post-thumbnail","6":"product_cat-ho-es-hangszigeteles","7":"product_cat-polisztirol","8":"product_cat-lepesallo-szigeteles","9":"product_cat-austrotherm-lepesallo-polisztirol","11":"first","12":"instock","13":"taxable","14":"shipping-taxable","15":"purchasable","16":"product-type-simple"},"aioseo_notices":[],"_links":{"self":[{"href":"https:\/\/www.bau-styl.hu\/epitoanyag\/wp-json\/wp\/v2\/product\/3732","targetHints":{"allow":["GET"]}}],"collection":[{"href":"https:\/\/www.bau-styl.hu\/epitoanyag\/wp-json\/wp\/v2\/product"}],"about":[{"href":"https:\/\/www.bau-styl.hu\/epitoanyag\/wp-json\/wp\/v2\/types\/product"}],"wp:featuredmedia":[{"embeddable":true,"href":"https:\/\/www.bau-styl.hu\/epitoanyag\/wp-json\/wp\/v2\/media\/1352"}],"wp:attachment":[{"href":"https:\/\/www.bau-styl.hu\/epitoanyag\/wp-json\/wp\/v2\/media?parent=3732"}],"wp:term":[{"taxonomy":"product_brand","embeddable":true,"href":"https:\/\/www.bau-styl.hu\/epitoanyag\/wp-json\/wp\/v2\/product_brand?post=3732"},{"taxonomy":"product_cat","embeddable":true,"href":"https:\/\/www.bau-styl.hu\/epitoanyag\/wp-json\/wp\/v2\/product_cat?post=3732"},{"taxonomy":"product_tag","embeddable":true,"href":"https:\/\/www.bau-styl.hu\/epitoanyag\/wp-json\/wp\/v2\/product_tag?post=3732"}],"curies":[{"name":"wp","href":"https:\/\/api.w.org\/{rel}","templated":true}]}}