{"id":37403,"date":"2023-11-02T13:21:09","date_gmt":"2023-11-02T11:21:09","guid":{"rendered":"https:\/\/www.bau-styl.hu\/epitoanyag\/?post_type=product&#038;p=37403"},"modified":"2025-10-21T12:41:45","modified_gmt":"2025-10-21T10:41:45","slug":"classic-keifer-pine-kodiak-8-mm-1-savos","status":"publish","type":"product","link":"https:\/\/www.bau-styl.hu\/epitoanyag\/termek\/classic-keifer-pine-kodiak-8-mm-1-savos\/","title":{"rendered":"CLASSIC, Keifer Pine Kodiak, 8 mm, 1 s\u00e1vos"},"content":{"rendered":"","protected":false},"excerpt":{"rendered":"<p>Padl\u00f3f\u0171t\u00e9shez is t\u00f6k\u00e9letes<\/p>\n","protected":false},"featured_media":37404,"template":"","meta":[],"product_brand":[],"product_cat":[8623],"product_tag":[],"class_list":{"0":"post-37403","1":"product","2":"type-product","3":"status-publish","4":"has-post-thumbnail","6":"product_cat-melegburkolat","8":"first","9":"instock","10":"taxable","11":"shipping-taxable","12":"purchasable","13":"product-type-simple"},"aioseo_notices":[],"_links":{"self":[{"href":"https:\/\/www.bau-styl.hu\/epitoanyag\/wp-json\/wp\/v2\/product\/37403","targetHints":{"allow":["GET"]}}],"collection":[{"href":"https:\/\/www.bau-styl.hu\/epitoanyag\/wp-json\/wp\/v2\/product"}],"about":[{"href":"https:\/\/www.bau-styl.hu\/epitoanyag\/wp-json\/wp\/v2\/types\/product"}],"wp:featuredmedia":[{"embeddable":true,"href":"https:\/\/www.bau-styl.hu\/epitoanyag\/wp-json\/wp\/v2\/media\/37404"}],"wp:attachment":[{"href":"https:\/\/www.bau-styl.hu\/epitoanyag\/wp-json\/wp\/v2\/media?parent=37403"}],"wp:term":[{"taxonomy":"product_brand","embeddable":true,"href":"https:\/\/www.bau-styl.hu\/epitoanyag\/wp-json\/wp\/v2\/product_brand?post=37403"},{"taxonomy":"product_cat","embeddable":true,"href":"https:\/\/www.bau-styl.hu\/epitoanyag\/wp-json\/wp\/v2\/product_cat?post=37403"},{"taxonomy":"product_tag","embeddable":true,"href":"https:\/\/www.bau-styl.hu\/epitoanyag\/wp-json\/wp\/v2\/product_tag?post=37403"}],"curies":[{"name":"wp","href":"https:\/\/api.w.org\/{rel}","templated":true}]}}