{"id":37440,"date":"2023-11-02T13:21:09","date_gmt":"2023-11-02T11:21:09","guid":{"rendered":"https:\/\/www.bau-styl.hu\/epitoanyag\/?post_type=product&#038;p=37440"},"modified":"2024-03-01T13:00:11","modified_gmt":"2024-03-01T11:00:11","slug":"classic-harbour-oak-8mm-1-savos","status":"publish","type":"product","link":"https:\/\/www.bau-styl.hu\/epitoanyag\/termek\/classic-harbour-oak-8mm-1-savos\/","title":{"rendered":"CLASSIC, Harbour Oak, 8mm, 1 s\u00e1vos"},"content":{"rendered":"","protected":false},"excerpt":{"rendered":"<p>Padl\u00f3f\u0171t\u00e9shez is t\u00f6k\u00e9letes<\/br><\/p>\n","protected":false},"featured_media":37441,"template":"","meta":[],"product_brand":[],"product_cat":[8623],"product_tag":[8665],"class_list":{"0":"post-37440","1":"product","2":"type-product","3":"status-publish","4":"has-post-thumbnail","6":"product_cat-melegburkolat","7":"product_tag-laminalt-padlo","9":"first","10":"instock","11":"taxable","12":"shipping-taxable","13":"purchasable","14":"product-type-simple"},"aioseo_notices":[],"_links":{"self":[{"href":"https:\/\/www.bau-styl.hu\/epitoanyag\/wp-json\/wp\/v2\/product\/37440","targetHints":{"allow":["GET"]}}],"collection":[{"href":"https:\/\/www.bau-styl.hu\/epitoanyag\/wp-json\/wp\/v2\/product"}],"about":[{"href":"https:\/\/www.bau-styl.hu\/epitoanyag\/wp-json\/wp\/v2\/types\/product"}],"wp:featuredmedia":[{"embeddable":true,"href":"https:\/\/www.bau-styl.hu\/epitoanyag\/wp-json\/wp\/v2\/media\/37441"}],"wp:attachment":[{"href":"https:\/\/www.bau-styl.hu\/epitoanyag\/wp-json\/wp\/v2\/media?parent=37440"}],"wp:term":[{"taxonomy":"product_brand","embeddable":true,"href":"https:\/\/www.bau-styl.hu\/epitoanyag\/wp-json\/wp\/v2\/product_brand?post=37440"},{"taxonomy":"product_cat","embeddable":true,"href":"https:\/\/www.bau-styl.hu\/epitoanyag\/wp-json\/wp\/v2\/product_cat?post=37440"},{"taxonomy":"product_tag","embeddable":true,"href":"https:\/\/www.bau-styl.hu\/epitoanyag\/wp-json\/wp\/v2\/product_tag?post=37440"}],"curies":[{"name":"wp","href":"https:\/\/api.w.org\/{rel}","templated":true}]}}