{"id":3745,"date":"2019-10-24T13:16:35","date_gmt":"2019-10-24T13:16:35","guid":{"rendered":"https:\/\/www.bau-styl.hu\/epitoanyag\/termek\/austrotherm-grafit-100-expandalt-hoszigetelo-lemez-terhelheto-4-m2-csomag-6-cm\/"},"modified":"2026-04-20T12:11:18","modified_gmt":"2026-04-20T10:11:18","slug":"austrotherm-grafit-100-expandalt-hoszigetelo-lemez-terhelheto-4-m2-csomag-6-cm","status":"publish","type":"product","link":"https:\/\/www.bau-styl.hu\/epitoanyag\/termek\/austrotherm-grafit-100-expandalt-hoszigetelo-lemez-terhelheto-4-m2-csomag-6-cm\/","title":{"rendered":"Austrotherm Grafit 100 Expand\u00e1lt h\u0151szigetel\u0151 lemez, terhelhet\u0151 4 m2\/csomag 6 cm"},"content":{"rendered":"","protected":false},"excerpt":{"rendered":"<p>Az AUSTROTHERM GRAFIT\u00ae 100 olyan sz\u00fcrke sz\u00edn\u0171 expand\u00e1lt polisztirol h\u0151szigetel\u0151 lemez, amely k\u00fcl\u00f6nleges alapanyag\u00e1nak k\u00f6sz\u00f6nhet\u0151en l\u00e9nyegesen alacsonyabb h\u0151vezet\u00e9si t\u00e9nyez\u0151vel rendelkezik, mint a feh\u00e9r sz\u00edn\u0171 v\u00e1ltozat. <\/p>\n","protected":false},"featured_media":1381,"template":"","meta":[],"product_brand":[11261],"product_cat":[301,6603],"product_tag":[],"class_list":{"0":"post-3745","1":"product","2":"type-product","3":"status-publish","4":"has-post-thumbnail","6":"product_brand-austrotherm","7":"product_cat-ho-es-hangszigeteles","8":"product_cat-polisztirol","10":"first","11":"instock","12":"taxable","13":"shipping-taxable","14":"purchasable","15":"product-type-simple"},"aioseo_notices":[],"_links":{"self":[{"href":"https:\/\/www.bau-styl.hu\/epitoanyag\/wp-json\/wp\/v2\/product\/3745","targetHints":{"allow":["GET"]}}],"collection":[{"href":"https:\/\/www.bau-styl.hu\/epitoanyag\/wp-json\/wp\/v2\/product"}],"about":[{"href":"https:\/\/www.bau-styl.hu\/epitoanyag\/wp-json\/wp\/v2\/types\/product"}],"wp:featuredmedia":[{"embeddable":true,"href":"https:\/\/www.bau-styl.hu\/epitoanyag\/wp-json\/wp\/v2\/media\/1381"}],"wp:attachment":[{"href":"https:\/\/www.bau-styl.hu\/epitoanyag\/wp-json\/wp\/v2\/media?parent=3745"}],"wp:term":[{"taxonomy":"product_brand","embeddable":true,"href":"https:\/\/www.bau-styl.hu\/epitoanyag\/wp-json\/wp\/v2\/product_brand?post=3745"},{"taxonomy":"product_cat","embeddable":true,"href":"https:\/\/www.bau-styl.hu\/epitoanyag\/wp-json\/wp\/v2\/product_cat?post=3745"},{"taxonomy":"product_tag","embeddable":true,"href":"https:\/\/www.bau-styl.hu\/epitoanyag\/wp-json\/wp\/v2\/product_tag?post=3745"}],"curies":[{"name":"wp","href":"https:\/\/api.w.org\/{rel}","templated":true}]}}