{"id":3751,"date":"2019-10-24T13:16:37","date_gmt":"2019-10-24T13:16:37","guid":{"rendered":"https:\/\/www.bau-styl.hu\/epitoanyag\/termek\/austrotherm-grafit-80-expandalt-hoszigetelo-lemez-homlokzati-2-m2-csomag-12-cm\/"},"modified":"2026-04-14T21:24:26","modified_gmt":"2026-04-14T19:24:26","slug":"austrotherm-grafit-80-expandalt-hoszigetelo-lemez-homlokzati-2-m2-csomag-12-cm","status":"publish","type":"product","link":"https:\/\/www.bau-styl.hu\/epitoanyag\/termek\/austrotherm-grafit-80-expandalt-hoszigetelo-lemez-homlokzati-2-m2-csomag-12-cm\/","title":{"rendered":"Austrotherm Grafit 80 Expand\u00e1lt h\u0151szigetel\u0151 lemez, homlokzati 2 m2\/csomag 12 cm"},"content":{"rendered":"","protected":false},"excerpt":{"rendered":"<p>Sz\u00fcrke sz\u00edn\u0171 expand\u00e1lt polisztirol h\u0151szigetel\u0151 lemez, polisztirol kem\u00e9nyhab, amelyet homlokzati h\u0151szigetel\u0151 rendszerekben alkalmaznak.<\/p>\n","protected":false},"featured_media":1367,"template":"","meta":[],"product_brand":[],"product_cat":[301,6603,4387,303],"product_tag":[8548],"class_list":{"0":"post-3751","1":"product","2":"type-product","3":"status-publish","4":"has-post-thumbnail","6":"product_cat-ho-es-hangszigeteles","7":"product_cat-polisztirol","8":"product_cat-homlokzati-szigeteles","9":"product_cat-austrotherm","10":"product_tag-zoldhitel","12":"first","13":"instock","14":"taxable","15":"shipping-taxable","16":"purchasable","17":"product-type-simple"},"aioseo_notices":[],"_links":{"self":[{"href":"https:\/\/www.bau-styl.hu\/epitoanyag\/wp-json\/wp\/v2\/product\/3751","targetHints":{"allow":["GET"]}}],"collection":[{"href":"https:\/\/www.bau-styl.hu\/epitoanyag\/wp-json\/wp\/v2\/product"}],"about":[{"href":"https:\/\/www.bau-styl.hu\/epitoanyag\/wp-json\/wp\/v2\/types\/product"}],"wp:featuredmedia":[{"embeddable":true,"href":"https:\/\/www.bau-styl.hu\/epitoanyag\/wp-json\/wp\/v2\/media\/1367"}],"wp:attachment":[{"href":"https:\/\/www.bau-styl.hu\/epitoanyag\/wp-json\/wp\/v2\/media?parent=3751"}],"wp:term":[{"taxonomy":"product_brand","embeddable":true,"href":"https:\/\/www.bau-styl.hu\/epitoanyag\/wp-json\/wp\/v2\/product_brand?post=3751"},{"taxonomy":"product_cat","embeddable":true,"href":"https:\/\/www.bau-styl.hu\/epitoanyag\/wp-json\/wp\/v2\/product_cat?post=3751"},{"taxonomy":"product_tag","embeddable":true,"href":"https:\/\/www.bau-styl.hu\/epitoanyag\/wp-json\/wp\/v2\/product_tag?post=3751"}],"curies":[{"name":"wp","href":"https:\/\/api.w.org\/{rel}","templated":true}]}}