{"id":37529,"date":"2023-11-02T13:21:09","date_gmt":"2023-11-02T11:21:09","guid":{"rendered":"https:\/\/www.bau-styl.hu\/epitoanyag\/?post_type=product&#038;p=37529"},"modified":"2025-10-21T12:41:54","modified_gmt":"2025-10-21T10:41:54","slug":"classic-aqua-energy-nantes-oak-d6433_194-q-natural-8-mm","status":"publish","type":"product","link":"https:\/\/www.bau-styl.hu\/epitoanyag\/termek\/classic-aqua-energy-nantes-oak-d6433_194-q-natural-8-mm\/","title":{"rendered":"CLASSIC AQUA, Energy Nantes Oak D6433_194 Q. natural, 8 mm"},"content":{"rendered":"","protected":false},"excerpt":{"rendered":"<p>Padl\u00f3f\u0171t\u00e9shez is t\u00f6k\u00e9letes<\/p>\n<p>V\u00edz\u00e1ll\u00f3<\/p>\n","protected":false},"featured_media":37530,"template":"","meta":[],"product_brand":[],"product_cat":[8623],"product_tag":[],"class_list":{"0":"post-37529","1":"product","2":"type-product","3":"status-publish","4":"has-post-thumbnail","6":"product_cat-melegburkolat","8":"first","9":"instock","10":"taxable","11":"shipping-taxable","12":"purchasable","13":"product-type-simple"},"aioseo_notices":[],"_links":{"self":[{"href":"https:\/\/www.bau-styl.hu\/epitoanyag\/wp-json\/wp\/v2\/product\/37529","targetHints":{"allow":["GET"]}}],"collection":[{"href":"https:\/\/www.bau-styl.hu\/epitoanyag\/wp-json\/wp\/v2\/product"}],"about":[{"href":"https:\/\/www.bau-styl.hu\/epitoanyag\/wp-json\/wp\/v2\/types\/product"}],"wp:featuredmedia":[{"embeddable":true,"href":"https:\/\/www.bau-styl.hu\/epitoanyag\/wp-json\/wp\/v2\/media\/37530"}],"wp:attachment":[{"href":"https:\/\/www.bau-styl.hu\/epitoanyag\/wp-json\/wp\/v2\/media?parent=37529"}],"wp:term":[{"taxonomy":"product_brand","embeddable":true,"href":"https:\/\/www.bau-styl.hu\/epitoanyag\/wp-json\/wp\/v2\/product_brand?post=37529"},{"taxonomy":"product_cat","embeddable":true,"href":"https:\/\/www.bau-styl.hu\/epitoanyag\/wp-json\/wp\/v2\/product_cat?post=37529"},{"taxonomy":"product_tag","embeddable":true,"href":"https:\/\/www.bau-styl.hu\/epitoanyag\/wp-json\/wp\/v2\/product_tag?post=37529"}],"curies":[{"name":"wp","href":"https:\/\/api.w.org\/{rel}","templated":true}]}}