{"id":3760,"date":"2019-10-24T13:16:41","date_gmt":"2019-10-24T11:16:41","guid":{"rendered":"https:\/\/www.bau-styl.hu\/epitoanyag\/termek\/austrotherm-grafit-reflex-expandalt-hoszigetelo-lemez-homlokzati-15-m2-csomag-15-cm\/"},"modified":"2026-04-14T21:24:28","modified_gmt":"2026-04-14T19:24:28","slug":"austrotherm-grafit-reflex-expandalt-hoszigetelo-lemez-homlokzati-15-m2-csomag-15-cm","status":"publish","type":"product","link":"https:\/\/www.bau-styl.hu\/epitoanyag\/termek\/austrotherm-grafit-reflex-expandalt-hoszigetelo-lemez-homlokzati-15-m2-csomag-15-cm\/","title":{"rendered":"Austrotherm Grafit Reflex Expand\u00e1lt h\u0151szigetel\u0151 lemez, homlokzati 1,5 m2\/csomag 15 cm"},"content":{"rendered":"","protected":false},"excerpt":{"rendered":"<p>Expand\u00e1lt polisztirol h\u0151szigetel\u0151 lemez, amely az egyik oldal\u00e1n r\u00f3zsasz\u00edn\u0171 fest\u00e9kkel bevont, ami arra szolg\u00e1l, hogy er\u0151s naps\u00fct\u00e9sben a fel\u00fclet t\u00falzottan felmelegedjen.<\/p>\n","protected":false},"featured_media":25599,"template":"","meta":[],"product_brand":[],"product_cat":[301,6603,4387,303],"product_tag":[8548],"class_list":{"0":"post-3760","1":"product","2":"type-product","3":"status-publish","4":"has-post-thumbnail","6":"product_cat-ho-es-hangszigeteles","7":"product_cat-polisztirol","8":"product_cat-homlokzati-szigeteles","9":"product_cat-austrotherm","10":"product_tag-zoldhitel","12":"first","13":"instock","14":"taxable","15":"shipping-taxable","16":"purchasable","17":"product-type-simple"},"aioseo_notices":[],"_links":{"self":[{"href":"https:\/\/www.bau-styl.hu\/epitoanyag\/wp-json\/wp\/v2\/product\/3760","targetHints":{"allow":["GET"]}}],"collection":[{"href":"https:\/\/www.bau-styl.hu\/epitoanyag\/wp-json\/wp\/v2\/product"}],"about":[{"href":"https:\/\/www.bau-styl.hu\/epitoanyag\/wp-json\/wp\/v2\/types\/product"}],"wp:featuredmedia":[{"embeddable":true,"href":"https:\/\/www.bau-styl.hu\/epitoanyag\/wp-json\/wp\/v2\/media\/25599"}],"wp:attachment":[{"href":"https:\/\/www.bau-styl.hu\/epitoanyag\/wp-json\/wp\/v2\/media?parent=3760"}],"wp:term":[{"taxonomy":"product_brand","embeddable":true,"href":"https:\/\/www.bau-styl.hu\/epitoanyag\/wp-json\/wp\/v2\/product_brand?post=3760"},{"taxonomy":"product_cat","embeddable":true,"href":"https:\/\/www.bau-styl.hu\/epitoanyag\/wp-json\/wp\/v2\/product_cat?post=3760"},{"taxonomy":"product_tag","embeddable":true,"href":"https:\/\/www.bau-styl.hu\/epitoanyag\/wp-json\/wp\/v2\/product_tag?post=3760"}],"curies":[{"name":"wp","href":"https:\/\/api.w.org\/{rel}","templated":true}]}}