{"id":38102,"date":"2024-02-12T09:43:06","date_gmt":"2024-02-12T07:43:06","guid":{"rendered":"https:\/\/www.bau-styl.hu\/epitoanyag\/?post_type=product&#038;p=38102"},"modified":"2026-04-12T13:13:36","modified_gmt":"2026-04-12T11:13:36","slug":"mapei-mapegrout-430-betonjavito-habarcs-finomszemcses-25-kg","status":"publish","type":"product","link":"https:\/\/www.bau-styl.hu\/epitoanyag\/termek\/mapei-mapegrout-430-betonjavito-habarcs-finomszemcses-25-kg\/","title":{"rendered":"Mapei Mapegrout 430 Betonjav\u00edt\u00f3 habarcs finomszemcs\u00e9s 25 kg"},"content":{"rendered":"","protected":false},"excerpt":{"rendered":"<p>A Mapegrout 430 olyan betonszerkezetek, mint erk\u00e9ly-homlokfel\u00fcletek, pill\u00e9rek, gerend\u00e1k s\u00e9r\u00fclt betontakar\u00e1s\u00e1nak helyre\u00e1ll\u00edt\u00e1s\u00e1ra haszn\u00e1lhat\u00f3. Ezen t\u00falmen\u0151en a Mapegrout 430 akn\u00e1k, csatorn\u00e1k \u00e9s \u00e1ltal\u00e1ban a v\u00edz\u00e9p\u00edt\u00e9si m\u0171t\u00e1rgyak helyre\u00e1ll\u00edt\u00e1s\u00e1ra is haszn\u00e1lhat\u00f3.\u00a0<\/p>\n","protected":false},"featured_media":37709,"template":"","meta":[],"product_brand":[],"product_cat":[9620,129],"product_tag":[6593],"class_list":{"0":"post-38102","1":"product","2":"type-product","3":"status-publish","4":"has-post-thumbnail","6":"product_cat-epitesi-segedanyagok-adalekanyagok","7":"product_cat-hidegburkolas","8":"product_tag-mapei","10":"first","11":"instock","12":"taxable","13":"shipping-taxable","14":"purchasable","15":"product-type-simple"},"aioseo_notices":[],"_links":{"self":[{"href":"https:\/\/www.bau-styl.hu\/epitoanyag\/wp-json\/wp\/v2\/product\/38102","targetHints":{"allow":["GET"]}}],"collection":[{"href":"https:\/\/www.bau-styl.hu\/epitoanyag\/wp-json\/wp\/v2\/product"}],"about":[{"href":"https:\/\/www.bau-styl.hu\/epitoanyag\/wp-json\/wp\/v2\/types\/product"}],"wp:featuredmedia":[{"embeddable":true,"href":"https:\/\/www.bau-styl.hu\/epitoanyag\/wp-json\/wp\/v2\/media\/37709"}],"wp:attachment":[{"href":"https:\/\/www.bau-styl.hu\/epitoanyag\/wp-json\/wp\/v2\/media?parent=38102"}],"wp:term":[{"taxonomy":"product_brand","embeddable":true,"href":"https:\/\/www.bau-styl.hu\/epitoanyag\/wp-json\/wp\/v2\/product_brand?post=38102"},{"taxonomy":"product_cat","embeddable":true,"href":"https:\/\/www.bau-styl.hu\/epitoanyag\/wp-json\/wp\/v2\/product_cat?post=38102"},{"taxonomy":"product_tag","embeddable":true,"href":"https:\/\/www.bau-styl.hu\/epitoanyag\/wp-json\/wp\/v2\/product_tag?post=38102"}],"curies":[{"name":"wp","href":"https:\/\/api.w.org\/{rel}","templated":true}]}}