{"id":38106,"date":"2024-01-16T18:07:14","date_gmt":"2024-01-16T16:07:14","guid":{"rendered":"https:\/\/www.bau-styl.hu\/epitoanyag\/?post_type=product&#038;p=38106"},"modified":"2026-04-12T13:23:44","modified_gmt":"2026-04-12T11:23:44","slug":"mapei-mapelastic-aquadefense-zero-kenheto-vizszigetelo-75-kg","status":"publish","type":"product","link":"https:\/\/www.bau-styl.hu\/epitoanyag\/termek\/mapei-mapelastic-aquadefense-zero-kenheto-vizszigetelo-75-kg\/","title":{"rendered":"Mapei Mapelastic Aquadefense Zero Kenhet\u0151 v\u00edzszigetel\u0151 7,5 kg"},"content":{"rendered":"","protected":false},"excerpt":{"rendered":"<p>Felhaszn\u00e1l\u00e1sra k\u00e9sz gyorssz\u00e1rad\u00e1s\u00fa rugalmas kent v\u00edzszigetel\u00e9s k\u00fcl- \u00e9s belt\u00e9ri alapfel\u00fcletek v\u00edzszigetel\u00e9s\u00e9re. V\u00edzszigetel\u00e9s ker\u00e1mia burkol\u00f3lapok vagy k\u0151lapok fektet\u00e9se el\u0151tt erk\u00e9lyeken, teraszokon, f\u00fcrd\u0151szob\u00e1kban \u00e9s zuhanykabinokban, mosod\u00e1kban, szaun\u00e1kban, \u00e9s \u00e1ltal\u00e1ban a nedves k\u00f6rnyezet\u0171 helyis\u00e9gekben.<\/p>\n","protected":false},"featured_media":44191,"template":"","meta":[],"product_brand":[],"product_cat":[9620,129],"product_tag":[6593],"class_list":{"0":"post-38106","1":"product","2":"type-product","3":"status-publish","4":"has-post-thumbnail","6":"product_cat-epitesi-segedanyagok-adalekanyagok","7":"product_cat-hidegburkolas","8":"product_tag-mapei","10":"first","11":"instock","12":"taxable","13":"shipping-taxable","14":"purchasable","15":"product-type-simple"},"aioseo_notices":[],"_links":{"self":[{"href":"https:\/\/www.bau-styl.hu\/epitoanyag\/wp-json\/wp\/v2\/product\/38106","targetHints":{"allow":["GET"]}}],"collection":[{"href":"https:\/\/www.bau-styl.hu\/epitoanyag\/wp-json\/wp\/v2\/product"}],"about":[{"href":"https:\/\/www.bau-styl.hu\/epitoanyag\/wp-json\/wp\/v2\/types\/product"}],"wp:featuredmedia":[{"embeddable":true,"href":"https:\/\/www.bau-styl.hu\/epitoanyag\/wp-json\/wp\/v2\/media\/44191"}],"wp:attachment":[{"href":"https:\/\/www.bau-styl.hu\/epitoanyag\/wp-json\/wp\/v2\/media?parent=38106"}],"wp:term":[{"taxonomy":"product_brand","embeddable":true,"href":"https:\/\/www.bau-styl.hu\/epitoanyag\/wp-json\/wp\/v2\/product_brand?post=38106"},{"taxonomy":"product_cat","embeddable":true,"href":"https:\/\/www.bau-styl.hu\/epitoanyag\/wp-json\/wp\/v2\/product_cat?post=38106"},{"taxonomy":"product_tag","embeddable":true,"href":"https:\/\/www.bau-styl.hu\/epitoanyag\/wp-json\/wp\/v2\/product_tag?post=38106"}],"curies":[{"name":"wp","href":"https:\/\/api.w.org\/{rel}","templated":true}]}}