{"id":38108,"date":"2024-01-16T18:07:14","date_gmt":"2024-01-16T16:07:14","guid":{"rendered":"https:\/\/www.bau-styl.hu\/epitoanyag\/?post_type=product&#038;p=38108"},"modified":"2026-04-12T13:14:22","modified_gmt":"2026-04-12T11:14:22","slug":"mapei-pg-acriplast-bitumenes-tomito-ragaszto-5-kg","status":"publish","type":"product","link":"https:\/\/www.bau-styl.hu\/epitoanyag\/termek\/mapei-pg-acriplast-bitumenes-tomito-ragaszto-5-kg\/","title":{"rendered":"Mapei Pg. Acriplast Bitumenes t\u00f6m\u00edt\u0151-ragaszt\u00f3 5 kg"},"content":{"rendered":"","protected":false},"excerpt":{"rendered":"<p>Foly\u00e9kony old\u00f3szeres bitumenes term\u00e9k, amely k\u00fcl\u00f6n\u00f6sen alkalmas betonb\u00f3l k\u00e9sz\u00fclt tet\u0151kh\u00f6z, teraszokhoz, medenc\u00e9khez, csatorn\u00e1khoz \u00e9s f\u00e9m fel\u00fcletekhez. Az ACRIPLAST alternat\u00edv megold\u00e1sk\u00e9nt haszn\u00e1lhat\u00f3 a polimer bitumenes lemez helyett azokon a helyeken, ahol a hagyom\u00e1nyos lemez felhelyez\u00e9se nem lehets\u00e9ges. Az ACRIPLAST folyamatosan v\u00edz alatt l\u00e9v\u0151 fel\u00fcletek eset\u00e9n is alkalmazhat\u00f3.<\/p>\n","protected":false},"featured_media":37723,"template":"","meta":[],"product_brand":[],"product_cat":[9620,129],"product_tag":[6593],"class_list":{"0":"post-38108","1":"product","2":"type-product","3":"status-publish","4":"has-post-thumbnail","6":"product_cat-epitesi-segedanyagok-adalekanyagok","7":"product_cat-hidegburkolas","8":"product_tag-mapei","10":"first","11":"instock","12":"taxable","13":"shipping-taxable","14":"purchasable","15":"product-type-simple"},"aioseo_notices":[],"_links":{"self":[{"href":"https:\/\/www.bau-styl.hu\/epitoanyag\/wp-json\/wp\/v2\/product\/38108","targetHints":{"allow":["GET"]}}],"collection":[{"href":"https:\/\/www.bau-styl.hu\/epitoanyag\/wp-json\/wp\/v2\/product"}],"about":[{"href":"https:\/\/www.bau-styl.hu\/epitoanyag\/wp-json\/wp\/v2\/types\/product"}],"wp:featuredmedia":[{"embeddable":true,"href":"https:\/\/www.bau-styl.hu\/epitoanyag\/wp-json\/wp\/v2\/media\/37723"}],"wp:attachment":[{"href":"https:\/\/www.bau-styl.hu\/epitoanyag\/wp-json\/wp\/v2\/media?parent=38108"}],"wp:term":[{"taxonomy":"product_brand","embeddable":true,"href":"https:\/\/www.bau-styl.hu\/epitoanyag\/wp-json\/wp\/v2\/product_brand?post=38108"},{"taxonomy":"product_cat","embeddable":true,"href":"https:\/\/www.bau-styl.hu\/epitoanyag\/wp-json\/wp\/v2\/product_cat?post=38108"},{"taxonomy":"product_tag","embeddable":true,"href":"https:\/\/www.bau-styl.hu\/epitoanyag\/wp-json\/wp\/v2\/product_tag?post=38108"}],"curies":[{"name":"wp","href":"https:\/\/api.w.org\/{rel}","templated":true}]}}