{"id":38111,"date":"2024-01-16T18:07:14","date_gmt":"2024-01-16T16:07:14","guid":{"rendered":"https:\/\/www.bau-styl.hu\/epitoanyag\/?post_type=product&#038;p=38111"},"modified":"2026-04-12T13:13:18","modified_gmt":"2026-04-12T11:13:18","slug":"mapei-pg-polycem-oldoszeres-bitumenes-tomito-ragaszto-5-kg","status":"publish","type":"product","link":"https:\/\/www.bau-styl.hu\/epitoanyag\/termek\/mapei-pg-polycem-oldoszeres-bitumenes-tomito-ragaszto-5-kg\/","title":{"rendered":"Mapei Pg. Polycem Old\u00f3szeres bitumenes t\u00f6m\u00edt\u0151-ragaszt\u00f3 5 kg"},"content":{"rendered":"","protected":false},"excerpt":{"rendered":"<p>V\u00e1logatott gyanta \u00e9s bitumen alap\u00fa old\u00f3szeres ragaszt\u00f3, amely k\u00fcl\u00f6n\u00f6sen alkalmas f\u00fcgg\u0151leges csatlakoz\u00e1sok, lefoly\u00f3ny\u00edl\u00e1sok, tet\u0151ablakok, szell\u0151z\u0151k stb. v\u00edzz\u00e1r\u00f3 pal\u00e1stj\u00e1nak t\u00f6m\u00edt\u00e9s\u00e9re. A POLYCEM a v\u00edzszigetel\u0151 r\u00e9teg felhord\u00e1sa el\u0151tt, a betonfel\u00fcleteken megl\u00e9v\u0151 k\u00fcl\u00f6nb\u00f6z\u0151 m\u00e9ret\u0171 h\u00e9zagok \u00e9s reped\u00e9sek t\u00f6m\u00edt\u00e9s\u00e9re is haszn\u00e1lhat\u00f3.<\/p>\n","protected":false},"featured_media":37726,"template":"","meta":[],"product_brand":[],"product_cat":[9620,129],"product_tag":[6593],"class_list":{"0":"post-38111","1":"product","2":"type-product","3":"status-publish","4":"has-post-thumbnail","6":"product_cat-epitesi-segedanyagok-adalekanyagok","7":"product_cat-hidegburkolas","8":"product_tag-mapei","10":"first","11":"instock","12":"taxable","13":"shipping-taxable","14":"purchasable","15":"product-type-simple"},"aioseo_notices":[],"_links":{"self":[{"href":"https:\/\/www.bau-styl.hu\/epitoanyag\/wp-json\/wp\/v2\/product\/38111","targetHints":{"allow":["GET"]}}],"collection":[{"href":"https:\/\/www.bau-styl.hu\/epitoanyag\/wp-json\/wp\/v2\/product"}],"about":[{"href":"https:\/\/www.bau-styl.hu\/epitoanyag\/wp-json\/wp\/v2\/types\/product"}],"wp:featuredmedia":[{"embeddable":true,"href":"https:\/\/www.bau-styl.hu\/epitoanyag\/wp-json\/wp\/v2\/media\/37726"}],"wp:attachment":[{"href":"https:\/\/www.bau-styl.hu\/epitoanyag\/wp-json\/wp\/v2\/media?parent=38111"}],"wp:term":[{"taxonomy":"product_brand","embeddable":true,"href":"https:\/\/www.bau-styl.hu\/epitoanyag\/wp-json\/wp\/v2\/product_brand?post=38111"},{"taxonomy":"product_cat","embeddable":true,"href":"https:\/\/www.bau-styl.hu\/epitoanyag\/wp-json\/wp\/v2\/product_cat?post=38111"},{"taxonomy":"product_tag","embeddable":true,"href":"https:\/\/www.bau-styl.hu\/epitoanyag\/wp-json\/wp\/v2\/product_tag?post=38111"}],"curies":[{"name":"wp","href":"https:\/\/api.w.org\/{rel}","templated":true}]}}