{"id":38118,"date":"2024-01-16T18:07:14","date_gmt":"2024-01-16T16:07:14","guid":{"rendered":"https:\/\/www.bau-styl.hu\/epitoanyag\/?post_type=product&#038;p=38118"},"modified":"2026-04-12T13:14:26","modified_gmt":"2026-04-12T11:14:26","slug":"mapei-lampocem-gyorskoto-rogzitohabarcs-2-kg","status":"publish","type":"product","link":"https:\/\/www.bau-styl.hu\/epitoanyag\/termek\/mapei-lampocem-gyorskoto-rogzitohabarcs-2-kg\/","title":{"rendered":"Mapei Lampocem Gyorsk\u00f6t\u0151 r\u00f6gz\u00edt\u0151habarcs 2 kg"},"content":{"rendered":"","protected":false},"excerpt":{"rendered":"<p>Felhaszn\u00e1l\u00e1sra k\u00e9sz, gyorsk\u00f6t\u0151 \u00e9s gyorsan szil\u00e1rdul\u00f3, zsugorod\u00e1smentes hidraulikus k\u00f6t\u0151anyag.<\/p>\n","protected":false},"featured_media":39884,"template":"","meta":[],"product_brand":[],"product_cat":[9620,129],"product_tag":[6593],"class_list":{"0":"post-38118","1":"product","2":"type-product","3":"status-publish","4":"has-post-thumbnail","6":"product_cat-epitesi-segedanyagok-adalekanyagok","7":"product_cat-hidegburkolas","8":"product_tag-mapei","10":"first","11":"instock","12":"taxable","13":"shipping-taxable","14":"purchasable","15":"product-type-simple"},"aioseo_notices":[],"_links":{"self":[{"href":"https:\/\/www.bau-styl.hu\/epitoanyag\/wp-json\/wp\/v2\/product\/38118","targetHints":{"allow":["GET"]}}],"collection":[{"href":"https:\/\/www.bau-styl.hu\/epitoanyag\/wp-json\/wp\/v2\/product"}],"about":[{"href":"https:\/\/www.bau-styl.hu\/epitoanyag\/wp-json\/wp\/v2\/types\/product"}],"wp:featuredmedia":[{"embeddable":true,"href":"https:\/\/www.bau-styl.hu\/epitoanyag\/wp-json\/wp\/v2\/media\/39884"}],"wp:attachment":[{"href":"https:\/\/www.bau-styl.hu\/epitoanyag\/wp-json\/wp\/v2\/media?parent=38118"}],"wp:term":[{"taxonomy":"product_brand","embeddable":true,"href":"https:\/\/www.bau-styl.hu\/epitoanyag\/wp-json\/wp\/v2\/product_brand?post=38118"},{"taxonomy":"product_cat","embeddable":true,"href":"https:\/\/www.bau-styl.hu\/epitoanyag\/wp-json\/wp\/v2\/product_cat?post=38118"},{"taxonomy":"product_tag","embeddable":true,"href":"https:\/\/www.bau-styl.hu\/epitoanyag\/wp-json\/wp\/v2\/product_tag?post=38118"}],"curies":[{"name":"wp","href":"https:\/\/api.w.org\/{rel}","templated":true}]}}