{"id":38128,"date":"2024-01-16T18:07:14","date_gmt":"2024-01-16T16:07:14","guid":{"rendered":"https:\/\/www.bau-styl.hu\/epitoanyag\/?post_type=product&#038;p=38128"},"modified":"2026-04-12T13:14:09","modified_gmt":"2026-04-12T11:14:09","slug":"mapei-mapeflex-ac3-festheto-akril-feher-310-ml","status":"publish","type":"product","link":"https:\/\/www.bau-styl.hu\/epitoanyag\/termek\/mapei-mapeflex-ac3-festheto-akril-feher-310-ml\/","title":{"rendered":"Mapei Mapeflex AC3 Festhet\u0151 akril feh\u00e9r 310 ml"},"content":{"rendered":"","protected":false},"excerpt":{"rendered":"<p>A Mapeflex AC3 egy vizes diszperzi\u00f3s akrilgyanta b\u00e1zis\u00fa t\u00f6m\u00edt\u0151, amely korl\u00e1tozott elmozdul\u00e1s\u00fa ku\u0308lt\u00e9ri \u00e9s belt\u00e9ri h\u00e9zagok t\u00f6m\u00edt\u00e9s\u00e9re alkalmas. Megk\u00f6t\u00e9se ut\u00e1n a t\u00f6m\u00edt\u0151 felu\u0308lete sima, amely \u00e1tfesthet\u0151 az \u00e9p\u00edt\u0151iparban \u00e1ltal\u00e1ban haszn\u00e1lt rugalmas fest\u00e9kkel.<\/p>\n","protected":false},"featured_media":37742,"template":"","meta":[],"product_brand":[],"product_cat":[9620,129],"product_tag":[6593],"class_list":{"0":"post-38128","1":"product","2":"type-product","3":"status-publish","4":"has-post-thumbnail","6":"product_cat-epitesi-segedanyagok-adalekanyagok","7":"product_cat-hidegburkolas","8":"product_tag-mapei","10":"first","11":"instock","12":"taxable","13":"shipping-taxable","14":"purchasable","15":"product-type-simple"},"aioseo_notices":[],"_links":{"self":[{"href":"https:\/\/www.bau-styl.hu\/epitoanyag\/wp-json\/wp\/v2\/product\/38128","targetHints":{"allow":["GET"]}}],"collection":[{"href":"https:\/\/www.bau-styl.hu\/epitoanyag\/wp-json\/wp\/v2\/product"}],"about":[{"href":"https:\/\/www.bau-styl.hu\/epitoanyag\/wp-json\/wp\/v2\/types\/product"}],"wp:featuredmedia":[{"embeddable":true,"href":"https:\/\/www.bau-styl.hu\/epitoanyag\/wp-json\/wp\/v2\/media\/37742"}],"wp:attachment":[{"href":"https:\/\/www.bau-styl.hu\/epitoanyag\/wp-json\/wp\/v2\/media?parent=38128"}],"wp:term":[{"taxonomy":"product_brand","embeddable":true,"href":"https:\/\/www.bau-styl.hu\/epitoanyag\/wp-json\/wp\/v2\/product_brand?post=38128"},{"taxonomy":"product_cat","embeddable":true,"href":"https:\/\/www.bau-styl.hu\/epitoanyag\/wp-json\/wp\/v2\/product_cat?post=38128"},{"taxonomy":"product_tag","embeddable":true,"href":"https:\/\/www.bau-styl.hu\/epitoanyag\/wp-json\/wp\/v2\/product_tag?post=38128"}],"curies":[{"name":"wp","href":"https:\/\/api.w.org\/{rel}","templated":true}]}}