{"id":38141,"date":"2024-01-16T18:07:14","date_gmt":"2024-01-16T16:07:14","guid":{"rendered":"https:\/\/www.bau-styl.hu\/epitoanyag\/?post_type=product&#038;p=38141"},"modified":"2026-04-12T13:14:37","modified_gmt":"2026-04-12T11:14:37","slug":"mapei-ultracare-keranet-crystals-tisztitoszer-1-kg","status":"publish","type":"product","link":"https:\/\/www.bau-styl.hu\/epitoanyag\/termek\/mapei-ultracare-keranet-crystals-tisztitoszer-1-kg\/","title":{"rendered":"Mapei Ultracare Keranet Crystals tiszt\u00edt\u00f3szer 1 kg"},"content":{"rendered":"","protected":false},"excerpt":{"rendered":"<p>Poralak\u00fa savas tiszt\u00edt\u00f3szer koncentr\u00e1tum a cementk\u00f6t\u00e9s\u0171 anyagmaradv\u00e1nyok elt\u00e1vol\u00edt\u00e1s\u00e1ra. Ide\u00e1lis a be\u00e9p\u00edt\u00e9st k\u00f6vet\u0151 tiszt\u00edt\u00e1shoz, valamint a s\u00f3k \u00e9s a v\u00edzk\u0151 kivir\u00e1gz\u00e1s\u00e1nak elt\u00e1vol\u00edt\u00e1s\u00e1hoz.<\/p>\n","protected":false},"featured_media":37755,"template":"","meta":[],"product_brand":[],"product_cat":[9620,129],"product_tag":[6593],"class_list":{"0":"post-38141","1":"product","2":"type-product","3":"status-publish","4":"has-post-thumbnail","6":"product_cat-epitesi-segedanyagok-adalekanyagok","7":"product_cat-hidegburkolas","8":"product_tag-mapei","10":"first","11":"instock","12":"taxable","13":"shipping-taxable","14":"purchasable","15":"product-type-simple"},"aioseo_notices":[],"_links":{"self":[{"href":"https:\/\/www.bau-styl.hu\/epitoanyag\/wp-json\/wp\/v2\/product\/38141","targetHints":{"allow":["GET"]}}],"collection":[{"href":"https:\/\/www.bau-styl.hu\/epitoanyag\/wp-json\/wp\/v2\/product"}],"about":[{"href":"https:\/\/www.bau-styl.hu\/epitoanyag\/wp-json\/wp\/v2\/types\/product"}],"wp:featuredmedia":[{"embeddable":true,"href":"https:\/\/www.bau-styl.hu\/epitoanyag\/wp-json\/wp\/v2\/media\/37755"}],"wp:attachment":[{"href":"https:\/\/www.bau-styl.hu\/epitoanyag\/wp-json\/wp\/v2\/media?parent=38141"}],"wp:term":[{"taxonomy":"product_brand","embeddable":true,"href":"https:\/\/www.bau-styl.hu\/epitoanyag\/wp-json\/wp\/v2\/product_brand?post=38141"},{"taxonomy":"product_cat","embeddable":true,"href":"https:\/\/www.bau-styl.hu\/epitoanyag\/wp-json\/wp\/v2\/product_cat?post=38141"},{"taxonomy":"product_tag","embeddable":true,"href":"https:\/\/www.bau-styl.hu\/epitoanyag\/wp-json\/wp\/v2\/product_tag?post=38141"}],"curies":[{"name":"wp","href":"https:\/\/api.w.org\/{rel}","templated":true}]}}