{"id":38142,"date":"2024-01-16T18:07:14","date_gmt":"2024-01-16T16:07:14","guid":{"rendered":"https:\/\/www.bau-styl.hu\/epitoanyag\/?post_type=product&#038;p=38142"},"modified":"2026-04-12T13:14:40","modified_gmt":"2026-04-12T11:14:40","slug":"mapei-ultracare-smooth-silicone-szilikon-simito-folyadek-750-ml","status":"publish","type":"product","link":"https:\/\/www.bau-styl.hu\/epitoanyag\/termek\/mapei-ultracare-smooth-silicone-szilikon-simito-folyadek-750-ml\/","title":{"rendered":"Mapei Ultracare Smooth Silicone Szilikon sim\u00edt\u00f3 folyad\u00e9k 750 ml"},"content":{"rendered":"","protected":false},"excerpt":{"rendered":"<p>Sim\u00edt\u00f3anyag a t\u00f6m\u00edt\u0151anyagok be\u00e9p\u00edt\u00e9s k\u00f6zben v\u00e9gzett eldolgoz\u00e1s\u00e1ra.<\/p>\n","protected":false},"featured_media":37756,"template":"","meta":[],"product_brand":[],"product_cat":[129],"product_tag":[6593],"class_list":{"0":"post-38142","1":"product","2":"type-product","3":"status-publish","4":"has-post-thumbnail","6":"product_cat-hidegburkolas","7":"product_tag-mapei","9":"first","10":"instock","11":"taxable","12":"shipping-taxable","13":"purchasable","14":"product-type-simple"},"aioseo_notices":[],"_links":{"self":[{"href":"https:\/\/www.bau-styl.hu\/epitoanyag\/wp-json\/wp\/v2\/product\/38142","targetHints":{"allow":["GET"]}}],"collection":[{"href":"https:\/\/www.bau-styl.hu\/epitoanyag\/wp-json\/wp\/v2\/product"}],"about":[{"href":"https:\/\/www.bau-styl.hu\/epitoanyag\/wp-json\/wp\/v2\/types\/product"}],"wp:featuredmedia":[{"embeddable":true,"href":"https:\/\/www.bau-styl.hu\/epitoanyag\/wp-json\/wp\/v2\/media\/37756"}],"wp:attachment":[{"href":"https:\/\/www.bau-styl.hu\/epitoanyag\/wp-json\/wp\/v2\/media?parent=38142"}],"wp:term":[{"taxonomy":"product_brand","embeddable":true,"href":"https:\/\/www.bau-styl.hu\/epitoanyag\/wp-json\/wp\/v2\/product_brand?post=38142"},{"taxonomy":"product_cat","embeddable":true,"href":"https:\/\/www.bau-styl.hu\/epitoanyag\/wp-json\/wp\/v2\/product_cat?post=38142"},{"taxonomy":"product_tag","embeddable":true,"href":"https:\/\/www.bau-styl.hu\/epitoanyag\/wp-json\/wp\/v2\/product_tag?post=38142"}],"curies":[{"name":"wp","href":"https:\/\/api.w.org\/{rel}","templated":true}]}}