{"id":3914,"date":"2019-10-24T14:55:19","date_gmt":"2019-10-24T14:55:19","guid":{"rendered":"https:\/\/www.bau-styl.hu\/epitoanyag\/termek\/terran-gerinclectarto-szeg-205-mm\/"},"modified":"2026-04-20T21:09:26","modified_gmt":"2026-04-20T19:09:26","slug":"terran-gerinclectarto-szeg-205-mm","status":"publish","type":"product","link":"https:\/\/www.bau-styl.hu\/epitoanyag\/termek\/terran-gerinclectarto-szeg-205-mm\/","title":{"rendered":"Terr\u00e1n Gerincl\u00e9ctart\u00f3 szeg 205 mm"},"content":{"rendered":"","protected":false},"excerpt":{"rendered":"<p>A gerincl\u00e9ctart\u00f3 szeg a tar\u00e9jn\u00e1l \u00e9s az \u00e9lgerincn\u00e9l a gerincl\u00e9c tart\u00e1s\u00e1ra szolg\u00e1l\u00f3 f\u00e9melem. Az ellenl\u00e9chez szegezve kell\u0151 biztons\u00e1ggal t\u00e1masztja al\u00e1 a gerincl\u00e9cet, amelyet oldalank\u00e9nt egy-egy ponton lehet hozz\u00e1 r\u00f6gz\u00edteni.<\/p>\n","protected":false},"featured_media":1476,"template":"","meta":[],"product_brand":[11310],"product_cat":[11362,355],"product_tag":[],"class_list":{"0":"post-3914","1":"product","2":"type-product","3":"status-publish","4":"has-post-thumbnail","6":"product_brand-terran","7":"product_cat-fem-es-muanyag-kiegeszito","8":"product_cat-tetofedes","10":"first","11":"instock","12":"taxable","13":"shipping-taxable","14":"purchasable","15":"product-type-simple"},"aioseo_notices":[],"_links":{"self":[{"href":"https:\/\/www.bau-styl.hu\/epitoanyag\/wp-json\/wp\/v2\/product\/3914","targetHints":{"allow":["GET"]}}],"collection":[{"href":"https:\/\/www.bau-styl.hu\/epitoanyag\/wp-json\/wp\/v2\/product"}],"about":[{"href":"https:\/\/www.bau-styl.hu\/epitoanyag\/wp-json\/wp\/v2\/types\/product"}],"wp:featuredmedia":[{"embeddable":true,"href":"https:\/\/www.bau-styl.hu\/epitoanyag\/wp-json\/wp\/v2\/media\/1476"}],"wp:attachment":[{"href":"https:\/\/www.bau-styl.hu\/epitoanyag\/wp-json\/wp\/v2\/media?parent=3914"}],"wp:term":[{"taxonomy":"product_brand","embeddable":true,"href":"https:\/\/www.bau-styl.hu\/epitoanyag\/wp-json\/wp\/v2\/product_brand?post=3914"},{"taxonomy":"product_cat","embeddable":true,"href":"https:\/\/www.bau-styl.hu\/epitoanyag\/wp-json\/wp\/v2\/product_cat?post=3914"},{"taxonomy":"product_tag","embeddable":true,"href":"https:\/\/www.bau-styl.hu\/epitoanyag\/wp-json\/wp\/v2\/product_tag?post=3914"}],"curies":[{"name":"wp","href":"https:\/\/api.w.org\/{rel}","templated":true}]}}