{"id":3926,"date":"2019-10-24T16:55:26","date_gmt":"2019-10-24T14:55:26","guid":{"rendered":"https:\/\/www.bau-styl.hu\/epitoanyag\/termek\/terran-kupcserep-rogzito-fekete\/"},"modified":"2025-12-04T09:40:33","modified_gmt":"2025-12-04T07:40:33","slug":"terran-kupcserep-rogzito-fekete","status":"publish","type":"product","link":"https:\/\/www.bau-styl.hu\/epitoanyag\/termek\/terran-kupcserep-rogzito-fekete\/","title":{"rendered":"Terr\u00e1n K\u00fapcser\u00e9p r\u00f6gz\u00edt\u0151 fekete"},"content":{"rendered":"","protected":false},"excerpt":{"rendered":"<p>A k\u00fapcser\u00e9pr\u00f6gz\u00edt\u0151 elem a k\u00fapcser\u00e9p geometri\u00e1j\u00e1hoz igazod\u00f3 profil\u00fa alum\u00edniumelemmel a k\u00fapcser\u00e9p biztons\u00e1gosan r\u00f6gz\u00edthet\u0151. Be\u00e9p\u00edt\u00e9s\u00e9vel a gerinc a sz\u00e9l sz\u00edv\u00f3 hat\u00e1s\u00e1nak ellen\u00e1ll, ez\u00e9rt minden k\u00fapcserepet ezzel az elemmel r\u00f6gz\u00edts\u00fcnk!<\/p>\n","protected":false},"featured_media":1482,"template":"","meta":[],"product_brand":[],"product_cat":[355,445,447,398],"product_tag":[],"class_list":{"0":"post-3926","1":"product","2":"type-product","3":"status-publish","4":"has-post-thumbnail","6":"product_cat-tetofedes","7":"product_cat-tetotartozek","8":"product_cat-fem-es-muanyag-kiegeszito","9":"product_cat-terran-kiegeszitok","11":"first","12":"instock","13":"taxable","14":"shipping-taxable","15":"purchasable","16":"product-type-simple"},"aioseo_notices":[],"_links":{"self":[{"href":"https:\/\/www.bau-styl.hu\/epitoanyag\/wp-json\/wp\/v2\/product\/3926","targetHints":{"allow":["GET"]}}],"collection":[{"href":"https:\/\/www.bau-styl.hu\/epitoanyag\/wp-json\/wp\/v2\/product"}],"about":[{"href":"https:\/\/www.bau-styl.hu\/epitoanyag\/wp-json\/wp\/v2\/types\/product"}],"wp:featuredmedia":[{"embeddable":true,"href":"https:\/\/www.bau-styl.hu\/epitoanyag\/wp-json\/wp\/v2\/media\/1482"}],"wp:attachment":[{"href":"https:\/\/www.bau-styl.hu\/epitoanyag\/wp-json\/wp\/v2\/media?parent=3926"}],"wp:term":[{"taxonomy":"product_brand","embeddable":true,"href":"https:\/\/www.bau-styl.hu\/epitoanyag\/wp-json\/wp\/v2\/product_brand?post=3926"},{"taxonomy":"product_cat","embeddable":true,"href":"https:\/\/www.bau-styl.hu\/epitoanyag\/wp-json\/wp\/v2\/product_cat?post=3926"},{"taxonomy":"product_tag","embeddable":true,"href":"https:\/\/www.bau-styl.hu\/epitoanyag\/wp-json\/wp\/v2\/product_tag?post=3926"}],"curies":[{"name":"wp","href":"https:\/\/api.w.org\/{rel}","templated":true}]}}