{"id":3933,"date":"2019-10-24T14:55:31","date_gmt":"2019-10-24T14:55:31","guid":{"rendered":"https:\/\/www.bau-styl.hu\/epitoanyag\/termek\/terran-lezarofesu-tegla\/"},"modified":"2025-12-04T09:40:34","modified_gmt":"2025-12-04T07:40:34","slug":"terran-lezarofesu-1-m-tegla","status":"publish","type":"product","link":"https:\/\/www.bau-styl.hu\/epitoanyag\/termek\/terran-lezarofesu-1-m-tegla\/","title":{"rendered":"Terr\u00e1n Lez\u00e1r\u00f3f\u00e9s\u0171 1 m t\u00e9gla"},"content":{"rendered":"","protected":false},"excerpt":{"rendered":"<p>A lez\u00e1r\u00f3f\u00e9s\u0171t az eresz vonal\u00e1ba kell be\u00e9p\u00edteni, amennyiben a f\u00e9s\u0171s ereszszell\u0151z\u0151 elem helyett kett\u0151z\u00f6tt tet\u0151l\u00e9cre fekszik fel a legals\u00f3 cser\u00e9p. A f\u00e9s\u0171k k\u00f6vetik a cser\u00e9p als\u00f3 fel\u00fclet\u00e9nek vonal\u00e1t, beengedik az \u00e1tszell\u0151z\u0151 leveg\u0151t, a madarak, nagyobb bogarak azonban nem tudnak bejutni a fed\u00e9s al\u00e1.<\/p>\n","protected":false},"featured_media":1484,"template":"","meta":[],"product_brand":[],"product_cat":[355,445,447,398],"product_tag":[],"class_list":{"0":"post-3933","1":"product","2":"type-product","3":"status-publish","4":"has-post-thumbnail","6":"product_cat-tetofedes","7":"product_cat-tetotartozek","8":"product_cat-fem-es-muanyag-kiegeszito","9":"product_cat-terran-kiegeszitok","11":"first","12":"instock","13":"taxable","14":"shipping-taxable","15":"purchasable","16":"product-type-simple"},"aioseo_notices":[],"_links":{"self":[{"href":"https:\/\/www.bau-styl.hu\/epitoanyag\/wp-json\/wp\/v2\/product\/3933","targetHints":{"allow":["GET"]}}],"collection":[{"href":"https:\/\/www.bau-styl.hu\/epitoanyag\/wp-json\/wp\/v2\/product"}],"about":[{"href":"https:\/\/www.bau-styl.hu\/epitoanyag\/wp-json\/wp\/v2\/types\/product"}],"wp:featuredmedia":[{"embeddable":true,"href":"https:\/\/www.bau-styl.hu\/epitoanyag\/wp-json\/wp\/v2\/media\/1484"}],"wp:attachment":[{"href":"https:\/\/www.bau-styl.hu\/epitoanyag\/wp-json\/wp\/v2\/media?parent=3933"}],"wp:term":[{"taxonomy":"product_brand","embeddable":true,"href":"https:\/\/www.bau-styl.hu\/epitoanyag\/wp-json\/wp\/v2\/product_brand?post=3933"},{"taxonomy":"product_cat","embeddable":true,"href":"https:\/\/www.bau-styl.hu\/epitoanyag\/wp-json\/wp\/v2\/product_cat?post=3933"},{"taxonomy":"product_tag","embeddable":true,"href":"https:\/\/www.bau-styl.hu\/epitoanyag\/wp-json\/wp\/v2\/product_tag?post=3933"}],"curies":[{"name":"wp","href":"https:\/\/api.w.org\/{rel}","templated":true}]}}