{"id":3938,"date":"2019-10-24T14:55:33","date_gmt":"2019-10-24T14:55:33","guid":{"rendered":"https:\/\/www.bau-styl.hu\/epitoanyag\/termek\/terran-medifol-longlife-tetofolia-ragasztosavval-paraatereszto-75-m2\/"},"modified":"2025-12-04T09:40:52","modified_gmt":"2025-12-04T07:40:52","slug":"terran-medifol-generon-longlife-tetofolia-ragasztosav-nelkul-paraatereszto-75-m2","status":"publish","type":"product","link":"https:\/\/www.bau-styl.hu\/epitoanyag\/termek\/terran-medifol-generon-longlife-tetofolia-ragasztosav-nelkul-paraatereszto-75-m2\/","title":{"rendered":"Terr\u00e1n Medifol GENERON LONGLIFE Tet\u0151f\u00f3lia ragaszt\u00f3s\u00e1v n\u00e9lk\u00fcl p\u00e1ra\u00e1tereszt\u0151 75 m2"},"content":{"rendered":"","protected":false},"excerpt":{"rendered":"","protected":false},"featured_media":3506,"template":"","meta":[],"product_brand":[],"product_cat":[355,445,398,446],"product_tag":[6582],"class_list":{"0":"post-3938","1":"product","2":"type-product","3":"status-publish","4":"has-post-thumbnail","6":"product_cat-tetofedes","7":"product_cat-tetotartozek","8":"product_cat-terran-kiegeszitok","9":"product_cat-tetofolia","10":"product_tag-terran","12":"first","13":"instock","14":"taxable","15":"shipping-taxable","16":"purchasable","17":"product-type-simple"},"aioseo_notices":[],"_links":{"self":[{"href":"https:\/\/www.bau-styl.hu\/epitoanyag\/wp-json\/wp\/v2\/product\/3938","targetHints":{"allow":["GET"]}}],"collection":[{"href":"https:\/\/www.bau-styl.hu\/epitoanyag\/wp-json\/wp\/v2\/product"}],"about":[{"href":"https:\/\/www.bau-styl.hu\/epitoanyag\/wp-json\/wp\/v2\/types\/product"}],"wp:featuredmedia":[{"embeddable":true,"href":"https:\/\/www.bau-styl.hu\/epitoanyag\/wp-json\/wp\/v2\/media\/3506"}],"wp:attachment":[{"href":"https:\/\/www.bau-styl.hu\/epitoanyag\/wp-json\/wp\/v2\/media?parent=3938"}],"wp:term":[{"taxonomy":"product_brand","embeddable":true,"href":"https:\/\/www.bau-styl.hu\/epitoanyag\/wp-json\/wp\/v2\/product_brand?post=3938"},{"taxonomy":"product_cat","embeddable":true,"href":"https:\/\/www.bau-styl.hu\/epitoanyag\/wp-json\/wp\/v2\/product_cat?post=3938"},{"taxonomy":"product_tag","embeddable":true,"href":"https:\/\/www.bau-styl.hu\/epitoanyag\/wp-json\/wp\/v2\/product_tag?post=3938"}],"curies":[{"name":"wp","href":"https:\/\/api.w.org\/{rel}","templated":true}]}}