{"id":3939,"date":"2019-10-24T14:55:33","date_gmt":"2019-10-24T14:55:33","guid":{"rendered":"https:\/\/www.bau-styl.hu\/epitoanyag\/termek\/terran-medifol-sd-tetofolia-hoszigetelesre-fektetheto-120-g-75-m2\/"},"modified":"2025-12-04T09:40:34","modified_gmt":"2025-12-04T07:40:34","slug":"terran-medifol-sd-tetofolia-hoszigetelesre-fektetheto-120-g-75-m2","status":"publish","type":"product","link":"https:\/\/www.bau-styl.hu\/epitoanyag\/termek\/terran-medifol-sd-tetofolia-hoszigetelesre-fektetheto-120-g-75-m2\/","title":{"rendered":"Terr\u00e1n MediFol SD Tet\u0151f\u00f3lia, h\u0151szigetel\u00e9sre fektethet\u0151 120 g 75 m2"},"content":{"rendered":"","protected":false},"excerpt":{"rendered":"<p>A MediFol SD h\u00e1romr\u00e9teg\u0171 al\u00e1t\u00e9tfed\u00e9s, amely k\u00f6zvetlen\u00fcl a h\u0151szigetel\u00e9sre fektethet\u0151, p\u00e1ra\u00e1tereszt\u0151 k\u00e9pess\u00e9ge miatt nem kell tartani a f\u00f3lia als\u00f3 fel\u00fclet\u00e9n a p\u00e1ralecsap\u00f3d\u00e1st\u00f3l. Els\u0151sorban be\u00e9p\u00edtett tet\u0151terekn\u00e9l aj\u00e1nlott, haszn\u00e1lat\u00e1val el\u00e9g csak a fed\u00e9s \u00e9s az al\u00e1t\u00e9th\u00e9jazat k\u00f6z\u00f6tti l\u00e9gr\u00e9st kialak\u00edtani.<\/p>\n","protected":false},"featured_media":1487,"template":"","meta":[],"product_brand":[],"product_cat":[355,445,398,446],"product_tag":[],"class_list":{"0":"post-3939","1":"product","2":"type-product","3":"status-publish","4":"has-post-thumbnail","6":"product_cat-tetofedes","7":"product_cat-tetotartozek","8":"product_cat-terran-kiegeszitok","9":"product_cat-tetofolia","11":"first","12":"instock","13":"taxable","14":"shipping-taxable","15":"purchasable","16":"product-type-simple"},"aioseo_notices":[],"_links":{"self":[{"href":"https:\/\/www.bau-styl.hu\/epitoanyag\/wp-json\/wp\/v2\/product\/3939","targetHints":{"allow":["GET"]}}],"collection":[{"href":"https:\/\/www.bau-styl.hu\/epitoanyag\/wp-json\/wp\/v2\/product"}],"about":[{"href":"https:\/\/www.bau-styl.hu\/epitoanyag\/wp-json\/wp\/v2\/types\/product"}],"wp:featuredmedia":[{"embeddable":true,"href":"https:\/\/www.bau-styl.hu\/epitoanyag\/wp-json\/wp\/v2\/media\/1487"}],"wp:attachment":[{"href":"https:\/\/www.bau-styl.hu\/epitoanyag\/wp-json\/wp\/v2\/media?parent=3939"}],"wp:term":[{"taxonomy":"product_brand","embeddable":true,"href":"https:\/\/www.bau-styl.hu\/epitoanyag\/wp-json\/wp\/v2\/product_brand?post=3939"},{"taxonomy":"product_cat","embeddable":true,"href":"https:\/\/www.bau-styl.hu\/epitoanyag\/wp-json\/wp\/v2\/product_cat?post=3939"},{"taxonomy":"product_tag","embeddable":true,"href":"https:\/\/www.bau-styl.hu\/epitoanyag\/wp-json\/wp\/v2\/product_tag?post=3939"}],"curies":[{"name":"wp","href":"https:\/\/api.w.org\/{rel}","templated":true}]}}