{"id":3942,"date":"2019-10-24T14:55:34","date_gmt":"2019-10-24T14:55:34","guid":{"rendered":"https:\/\/www.bau-styl.hu\/epitoanyag\/termek\/terran-medifol-top-270-tetofolia2-ragasztosavval-deszkazatra-fektetheto-270-g-375-m2\/"},"modified":"2025-12-04T09:40:41","modified_gmt":"2025-12-04T07:40:41","slug":"terran-medifol-top-270-paraatereszto-tetofolia-2-ragasztosavval-deszkazatra-fektetheto-270-g-375-m2","status":"publish","type":"product","link":"https:\/\/www.bau-styl.hu\/epitoanyag\/termek\/terran-medifol-top-270-paraatereszto-tetofolia-2-ragasztosavval-deszkazatra-fektetheto-270-g-375-m2\/","title":{"rendered":"Terr\u00e1n MediFol TOP 270 P\u00e1ra\u00e1tereszt\u0151 tet\u0151f\u00f3lia 2 ragaszt\u00f3s\u00e1vval, deszk\u00e1zatra fektethet\u0151 270 g 37,5 m2"},"content":{"rendered":"","protected":false},"excerpt":{"rendered":"","protected":false},"featured_media":3542,"template":"","meta":[],"product_brand":[],"product_cat":[355,445,398,446],"product_tag":[],"class_list":{"0":"post-3942","1":"product","2":"type-product","3":"status-publish","4":"has-post-thumbnail","6":"product_cat-tetofedes","7":"product_cat-tetotartozek","8":"product_cat-terran-kiegeszitok","9":"product_cat-tetofolia","11":"first","12":"instock","13":"taxable","14":"shipping-taxable","15":"purchasable","16":"product-type-simple"},"aioseo_notices":[],"_links":{"self":[{"href":"https:\/\/www.bau-styl.hu\/epitoanyag\/wp-json\/wp\/v2\/product\/3942","targetHints":{"allow":["GET"]}}],"collection":[{"href":"https:\/\/www.bau-styl.hu\/epitoanyag\/wp-json\/wp\/v2\/product"}],"about":[{"href":"https:\/\/www.bau-styl.hu\/epitoanyag\/wp-json\/wp\/v2\/types\/product"}],"wp:featuredmedia":[{"embeddable":true,"href":"https:\/\/www.bau-styl.hu\/epitoanyag\/wp-json\/wp\/v2\/media\/3542"}],"wp:attachment":[{"href":"https:\/\/www.bau-styl.hu\/epitoanyag\/wp-json\/wp\/v2\/media?parent=3942"}],"wp:term":[{"taxonomy":"product_brand","embeddable":true,"href":"https:\/\/www.bau-styl.hu\/epitoanyag\/wp-json\/wp\/v2\/product_brand?post=3942"},{"taxonomy":"product_cat","embeddable":true,"href":"https:\/\/www.bau-styl.hu\/epitoanyag\/wp-json\/wp\/v2\/product_cat?post=3942"},{"taxonomy":"product_tag","embeddable":true,"href":"https:\/\/www.bau-styl.hu\/epitoanyag\/wp-json\/wp\/v2\/product_tag?post=3942"}],"curies":[{"name":"wp","href":"https:\/\/api.w.org\/{rel}","templated":true}]}}