{"id":39425,"date":"2024-02-14T10:32:04","date_gmt":"2024-02-14T08:32:04","guid":{"rendered":"https:\/\/www.bau-styl.hu\/epitoanyag\/?post_type=product&#038;p=39425"},"modified":"2026-04-20T12:15:33","modified_gmt":"2026-04-20T10:15:33","slug":"stalco-lathatosagi-melleny-s-sarga-shine-s-42077","status":"publish","type":"product","link":"https:\/\/www.bau-styl.hu\/epitoanyag\/termek\/stalco-lathatosagi-melleny-s-sarga-shine-s-42077\/","title":{"rendered":"Stalco L\u00c1THAT\u00d3S\u00c1GI MELL\u00c9NY, S, S\u00c1RGA, SHINE, S-42077"},"content":{"rendered":"","protected":false},"excerpt":{"rendered":"","protected":false},"featured_media":39426,"template":"","meta":[],"product_brand":[11307],"product_cat":[11235,261],"product_tag":[],"class_list":{"0":"post-39425","1":"product","2":"type-product","3":"status-publish","4":"has-post-thumbnail","6":"product_brand-stalco","7":"product_cat-munkavedelmi-vedoeszkozok","8":"product_cat-barkacs-szerszam-es-munkavedelem","10":"first","11":"instock","12":"taxable","13":"shipping-taxable","14":"purchasable","15":"product-type-simple"},"aioseo_notices":[],"_links":{"self":[{"href":"https:\/\/www.bau-styl.hu\/epitoanyag\/wp-json\/wp\/v2\/product\/39425","targetHints":{"allow":["GET"]}}],"collection":[{"href":"https:\/\/www.bau-styl.hu\/epitoanyag\/wp-json\/wp\/v2\/product"}],"about":[{"href":"https:\/\/www.bau-styl.hu\/epitoanyag\/wp-json\/wp\/v2\/types\/product"}],"wp:featuredmedia":[{"embeddable":true,"href":"https:\/\/www.bau-styl.hu\/epitoanyag\/wp-json\/wp\/v2\/media\/39426"}],"wp:attachment":[{"href":"https:\/\/www.bau-styl.hu\/epitoanyag\/wp-json\/wp\/v2\/media?parent=39425"}],"wp:term":[{"taxonomy":"product_brand","embeddable":true,"href":"https:\/\/www.bau-styl.hu\/epitoanyag\/wp-json\/wp\/v2\/product_brand?post=39425"},{"taxonomy":"product_cat","embeddable":true,"href":"https:\/\/www.bau-styl.hu\/epitoanyag\/wp-json\/wp\/v2\/product_cat?post=39425"},{"taxonomy":"product_tag","embeddable":true,"href":"https:\/\/www.bau-styl.hu\/epitoanyag\/wp-json\/wp\/v2\/product_tag?post=39425"}],"curies":[{"name":"wp","href":"https:\/\/api.w.org\/{rel}","templated":true}]}}